{"id":701,"date":"2024-07-22T15:01:16","date_gmt":"2024-07-22T15:01:16","guid":{"rendered":"https:\/\/ykhoathongminh.com\/?post_type=product&#038;p=701"},"modified":"2024-10-16T09:40:31","modified_gmt":"2024-10-16T09:40:31","slug":"pin-cho-may-tro-thinh-pr48-13-maxell","status":"publish","type":"product","link":"http:\/\/ykhoathongminh.com\/en\/product\/pin-cho-may-tro-thinh-pr48-13-maxell\/","title":{"rendered":"Pin cho m\u00e1y tr\u1ee3 th\u00ednh PR48 13 Maxell"},"content":{"rendered":"<p><strong>Pin m\u00e1y tr\u1ee3 th\u00ednh<\/strong>\u00a0l\u00e0 pin d\u00e0nh cho m\u00e1y tr\u1ee3 th\u00ednh \u0111\u01b0\u1ee3c d\u00f9ng nhi\u1ec1u hi\u1ec7n nay. Pin \u0111\u01b0\u1ee3c l\u00e0m t\u1eeb ch\u1ea5t li\u1ec7u Alkaline (k\u1ebdm) c\u00f3 \u0111\u1ed9 b\u1ec1n cao, d\u00f2ng \u0111i\u1ec7n \u1ed5n \u0111\u1ecbnh. Pin \u0111\u01b0\u1ee3c \u0111\u00f3ng v\u1ec9 6 vi\u00ean ch\u1eafc ch\u1eafn.<\/p>\n<p>Ch\u1ea5t l\u01b0\u1ee3ng \u0111\u1ea3m b\u1ea3o, th\u1eddi gian s\u1eed d\u1ee5ng v\u00e0 \u0111\u1ed9 b\u1ec1n cao, ti\u1ebft ki\u1ec7m chi ph\u00ed cho ng\u01b0\u1eddi ti\u00eau d\u00f9ng<\/p>\n<p>&nbsp;<\/p>\n<h4>Th\u00f4ng s\u1ed1 k\u1ef9 thu\u1eadt:<\/h4>\n<p>H\u00e3ng s\u1ea3n xu\u1ea5t\u00a0\u00a0\u00a0\u00a0\u00a0\u00a0\u00a0\u00a0\u00a0\u00a0\u00a0\u00a0\u00a0\u00a0\u00a0\u00a0\u00a0\u00a0\u00a0 : Rayovac<\/p>\n<p>M\u00e3 s\u1ea3n ph\u1ea9m\u00a0\u00a0\u00a0\u00a0\u00a0\u00a0\u00a0\u00a0\u00a0\u00a0\u00a0\u00a0\u00a0\u00a0\u00a0\u00a0\u00a0\u00a0\u00a0 \u00a0: A13, 13A ,S13A ,PR48<\/p>\n<p>\u0110i\u1ec7n \u00e1p\u00a0\u00a0\u00a0\u00a0\u00a0\u00a0\u00a0\u00a0\u00a0\u00a0\u00a0\u00a0\u00a0\u00a0\u00a0\u00a0\u00a0\u00a0\u00a0\u00a0\u00a0\u00a0\u00a0\u00a0\u00a0\u00a0\u00a0\u00a0 \u00a0: 1.4V<\/p>\n<p>K\u00edch th\u01b0\u1edbc \u00a0\u00a0\u00a0\u00a0\u00a0\u00a0\u00a0\u00a0\u00a0\u00a0\u00a0\u00a0\u00a0\u00a0\u00a0\u00a0\u00a0\u00a0\u00a0\u00a0\u00a0\u00a0\u00a0\u00a0: \u00a07.9 * 5.4 (mm)<\/p>\n<p>C\u00f4ng d\u1ee5ng\u00a0\u00a0\u00a0\u00a0\u00a0\u00a0\u00a0\u00a0\u00a0 \u00a0\u00a0\u00a0\u00a0\u00a0\u00a0\u00a0\u00a0\u00a0\u00a0\u00a0\u00a0\u00a0\u00a0\u00a0:\u00a0 S\u1eed d\u1ee5ng cho tr\u1ee3 th\u00ednh, m\u00e1y \u0111i\u1ebfc<\/p>\n<p>Xu\u1ea5t x\u1ee9\u00a0\u00a0\u00a0\u00a0\u00a0\u00a0\u00a0\u00a0\u00a0\u00a0\u00a0\u00a0\u00a0\u00a0\u00a0\u00a0\u00a0\u00a0\u00a0\u00a0\u00a0\u00a0\u00a0\u00a0\u00a0\u00a0\u00a0\u00a0\u00a0 :\u00a0 \u0110\u1ee9c<\/p>","protected":false},"excerpt":{"rendered":"<p><strong>Pin m\u00e1y tr\u1ee3 th\u00ednh<\/strong>\u00a0l\u00e0 pin d\u00e0nh cho m\u00e1y tr\u1ee3 th\u00ednh \u0111\u01b0\u1ee3c d\u00f9ng nhi\u1ec1u hi\u1ec7n nay. Pin \u0111\u01b0\u1ee3c l\u00e0m t\u1eeb ch\u1ea5t li\u1ec7u Alkaline (k\u1ebdm) c\u00f3 \u0111\u1ed9 b\u1ec1n cao, d\u00f2ng \u0111i\u1ec7n \u1ed5n \u0111\u1ecbnh. Pin \u0111\u01b0\u1ee3c \u0111\u00f3ng v\u1ec9 6 vi\u00ean ch\u1eafc ch\u1eafn.<\/p>","protected":false},"featured_media":8657,"comment_status":"open","ping_status":"closed","template":"","meta":{"_acf_changed":false,"rank_math_lock_modified_date":false},"product_cat":[73,175,1015],"product_tag":[],"class_list":{"0":"post-701","1":"product","2":"type-product","3":"status-publish","4":"has-post-thumbnail","6":"product_cat-cham-soc-nguoi-cao-tuoi","7":"product_cat-may-tro-thinh-thiet-bi-y-te-gia-dinh","8":"product_cat-phu-kien-may-tro-thinh-may-tro-thinh-thiet-bi-y-te-gia-dinh","10":"first","11":"instock","12":"shipping-taxable","13":"purchasable","14":"product-type-simple"},"acf":[],"_links":{"self":[{"href":"http:\/\/ykhoathongminh.com\/en\/wp-json\/wp\/v2\/product\/701"}],"collection":[{"href":"http:\/\/ykhoathongminh.com\/en\/wp-json\/wp\/v2\/product"}],"about":[{"href":"http:\/\/ykhoathongminh.com\/en\/wp-json\/wp\/v2\/types\/product"}],"replies":[{"embeddable":true,"href":"http:\/\/ykhoathongminh.com\/en\/wp-json\/wp\/v2\/comments?post=701"}],"wp:featuredmedia":[{"embeddable":true,"href":"http:\/\/ykhoathongminh.com\/en\/wp-json\/wp\/v2\/media\/8657"}],"wp:attachment":[{"href":"http:\/\/ykhoathongminh.com\/en\/wp-json\/wp\/v2\/media?parent=701"}],"wp:term":[{"taxonomy":"product_cat","embeddable":true,"href":"http:\/\/ykhoathongminh.com\/en\/wp-json\/wp\/v2\/product_cat?post=701"},{"taxonomy":"product_tag","embeddable":true,"href":"http:\/\/ykhoathongminh.com\/en\/wp-json\/wp\/v2\/product_tag?post=701"}],"curies":[{"name":"wp","href":"https:\/\/api.w.org\/{rel}","templated":true}]}}