{"id":805,"date":"2024-07-22T15:02:28","date_gmt":"2024-07-22T15:02:28","guid":{"rendered":"https:\/\/ykhoathongminh.com\/?post_type=product&#038;p=805"},"modified":"2024-09-11T03:43:19","modified_gmt":"2024-09-11T03:43:19","slug":"may-tro-thinh-vanh-tai-hop-sac-mimitakara-japan-up-6ekx","status":"publish","type":"product","link":"http:\/\/ykhoathongminh.com\/en\/product\/may-tro-thinh-vanh-tai-hop-sac-mimitakara-japan-up-6ekx\/","title":{"rendered":"M\u00e1y tr\u1ee3 th\u00ednh v\u00e0nh tai, h\u1ed9p s\u1ea1c Mimitakara (JAPAN) UP-6EKX"},"content":{"rendered":"<h2>M\u00e1y tr\u1ee3 th\u00ednh v\u00e0nh tai, h\u1ed9p s\u1ea1c Mimitakara (JAPAN)<\/h2>\n<h3><strong>\u0110\u1eb6C \u0110I\u1ec2M N\u1ed4I B\u1eacT <\/strong><\/h3>\n<ul>\n<li>Ph\u00f9 h\u1ee3p \u0111\u1ed1i t\u01b0\u1ee3ng gi\u1ea3m th\u00ednh l\u1ef1c trung b\u00ecnh \u0111\u1ebfn n\u1eb7ng [M,P]<\/li>\n<li>H\u1ed9p s\u1ea1c di \u0111\u1ed9ng ti\u1ec7n l\u1ee3i, ph\u00f9 h\u1ee3p nhu c\u1ea7u s\u1eed d\u1ee5ng li\u00ean t\u1ee5c<\/li>\n<li>Ch\u1ebf \u0111\u1ed9 l\u1ecdc ti\u1ebfng \u1ed3n<\/li>\n<li>Thi\u1ebft k\u1ebf c\u00f3 v\u00f2ng m\u00f3c nh\u1ef1a gi\u00fap gi\u1eef m\u00e1y c\u1ed1 \u0111\u1ecbnh ch\u1eafc ch\u1eafn tr\u00ean v\u00e0nh tai<\/li>\n<li>4 c\u1ee1 n\u1ee5 tai nghe<\/li>\n<\/ul>\n<h3><strong>NGUY\u00caN L\u00dd K\u1ef8 THU\u1eacT<\/strong><\/h3>\n<ul>\n<li>C\u01b0\u1eddng \u0111\u1ed9 h\u1ed7 tr\u1ee3: M-P<\/li>\n<li>Ch\u1ebf \u0111\u1ed9 Noise free d\u00e0nh cho m\u1ee9c M<\/li>\n<li>Thi\u1ebft k\u1ebf c\u00f3 v\u00f2ng m\u00f3c nh\u1ef1a: h\u1ea1n ch\u1ebf r\u1edbt\/tu\u1ed9t m\u00e1y<\/li>\n<li>C\u00f3 n\u00fat \u0111i\u1ec1u ch\u1ec9nh ON\/OFF\/NOISE FREE ti\u1ebfng \u1ed3n<\/li>\n<\/ul>\n<h3><strong>H\u01af\u1edaNG D\u1eaaN S\u1eec D\u1ee4NG <\/strong><\/h3>\n<p>Ch\u00fa \u00fd: C\u00f3 \u0111\u1ed9 tr\u1ec5 kho\u1ea3ng 10 gi\u00e2y \u0111\u1ec3 m\u00e1y tr\u1ee3 th\u00ednh lo\u1ea1i b\u1ecf t\u1ea1p \u00e2m khi s\u1eed d\u1ee5ng.<br \/>\n1. \u0110eo m\u00e1y tr\u1ee3 th\u00ednh v\u00e0o tai \u0111\u00fang c\u00e1ch.<br \/>\n2. \u0110\u1eb7t n\u1ee5 tai nghe sao cho v\u1eeba v\u1eb7n v\u1edbi \u1ed1ng tai.<br \/>\n3. B\u1eadt n\u00fat ON ho\u1eb7c ch\u1ec9nh ch\u1ebf \u0111\u1ed9 NF. N\u1ebfu nghe ti\u1ebfng \u00f9 b\u1ea1n \u0111\u1ed5i sang n\u1ee5 tai l\u1edbn h\u01a1n.<br \/>\n4. Xoay n\u00fat v\u1eb7n \u0111i\u1ec1u ch\u1ec9nh \u00e2m l\u01b0\u1ee3ng \u0111\u1ec3 ch\u1ecdn m\u1ee9c \u00e2m l\u01b0\u1ee3ng th\u00edch h\u1ee3p.<\/p>\n<p><strong>H\u01af\u1edaNG D\u1eaaN S\u1ea0C PIN M\u00e1y tr\u1ee3 th\u00ednh v\u00e0nh tai, h\u1ed9p s\u1ea1c Mimitakara (JAPAN)<\/strong><\/p>\n<p><strong>S\u1ea1c b\u1eb1ng pin<\/strong><br \/>\n1. L\u1eafp pin 2Av\u00e0o khay \u0111\u1ec3 pin nh\u01b0 h\u00ecnh.<br \/>\n2. Nh\u1ea5n n\u00fat tr\u1ea1ng th\u00e1i. \u0110\u00e8n b\u00e1o pin v\u00e0 \u0111\u00e8n b\u00e1o s\u1ea1c s\u1ebd b\u1eadt m\u00e0u XANH L\u00c1.<br \/>\n3. Vui l\u00f2ng s\u1ea1c m\u00e1y \u00edt nh\u1ea5t l\u00e0 7 gi\u1edd.<br \/>\n<strong>S\u1ea1c b\u1eb1ng \u0111i\u1ec7n (d\u00f9ng b\u1ed9 chuy\u1ec3n \u0111i\u1ec7n AC Adapter)<\/strong><br \/>\n1. K\u1ebft n\u1ed1i b\u1ed9 s\u1ea1c AC.<br \/>\n2. Nh\u1ea5n n\u00fat tr\u1ea1ng th\u00e1i. H\u00e3y ki\u1ec3m tra xem hai \u0111\u00e8n b\u00e1o s\u1ea1c v\u00e0 b\u00e1o pin \u0111\u00e3 b\u1eadt XANH L\u00c1 ch\u01b0a.<br \/>\n3.Vui l\u00f2ng s\u1ea1c \u00edt nh\u1ea5t l\u00e0 5 gi\u1edd m\u1ed7i l\u1ea7n s\u1ea1c.<\/p>\n<h2><strong>H\u01af\u1edaNG D\u1eaaN S\u1eec D\u1ee4NG MAY TR\u1ee2 TH\u00cdNH B\u1ec0N<\/strong><\/h2>\n<ul>\n<li>\u0110\u1ec3 k\u00e9o d\u00e0i tu\u1ed5i th\u1ecd c\u1ee7a pin s\u1ea1c, h\u00e3y s\u1ea1c \u0111\u1ea7y m\u00e1y tr\u1ee3 th\u00ednh v\u00e0 sau \u0111\u00f3 t\u1eaft khi kh\u00f4ng s\u1eed d\u1ee5ng trong m\u1ed9t th\u1eddi gian d\u00e0i.<\/li>\n<li>Gi\u1eef s\u1ea1ch c\u1ea3 tai v\u00e0 m\u00e1y tr\u1ee3 th\u00ednh, \u0111\u1ea3m b\u1ea3o kh\u00f4ng c\u00f3 r\u00e1y tai.<\/li>\n<li>N\u1ebfu s\u1eed d\u1ee5ng \u0111\u00fang c\u00e1ch, pin s\u1ea1c c\u00f3 th\u1ec3 k\u00e9o d\u00e0i tu\u1ed5i th\u1ecd l\u00ean \u0111\u1ebfn 500 l\u1ea7n s\u1ea1c.<\/li>\n<li>Khi pin s\u1ea1c y\u1ebfu, \u00e2m thanh c\u1ee7a m\u00e1y tr\u1ee3 th\u00ednh s\u1ebd b\u1ecb gi\u1ea3m. \u0110i\u1ec1u n\u00e0y c\u00f3 ngh\u0129a l\u00e0 m\u00e1y c\u1ea7n s\u1ea1c pin.<\/li>\n<li>Gi\u1eef m\u00e1y tr\u1ee3 th\u00ednh tr\u00e1nh xa t\u1ea7m tay c\u1ee7a tr\u1ebb s\u01a1 sinh, tr\u1ebb em v\u00e0 v\u1eadt nu\u00f4i.<\/li>\n<li>Tr\u01b0\u1edbc khi s\u1eed d\u1ee5ng m\u00e1y l\u1ea7n \u0111\u1ea7u, h\u00e3y \u0111\u1ecdc k\u1ef9 h\u01b0\u1edbng d\u1eabn s\u1eed d\u1ee5ng \u0111\u1ec3 \u0111\u1ea3m b\u1ea3o v\u1eadn h\u00e0nh,<\/li>\n<li>ch\u0103m s\u00f3c v\u00e0 x\u1eed l\u00fd m\u00e1y tr\u1ee3 th\u00ednh \u0111\u00fang c\u00e1ch.<\/li>\n<li>KH\u00d4NG s\u1eed d\u1ee5ng s\u1ea3n ph\u1ea9m n\u00e0y trong c\u00e1c \u0111i\u1ec1u ki\u1ec7n sau: \u0111ang nghe \u0111i\u1ec7n tho\u1ea1i, ng\u1ee7, t\u1eafm, g\u1ed9i \u0111\u1ea7u \/ r\u1eeda m\u1eb7t, b\u01a1i l\u1ed9i ho\u1eb7c b\u1ea5t k\u1ef3 \u0111\u1ed9ng t\u00e1c m\u1ea1nh n\u00e0o \u0111\u1ec3 tr\u00e1nh l\u00e0m h\u1ecfng m\u00e1y tr\u1ee3 th\u00ednh.<\/li>\n<\/ul>\n<h2><strong>TH\u00d4NG TIN TH\u01af\u01a0NG HI\u1ec6U<\/strong><\/h2>\n<p><strong>Mimitakara<\/strong> l\u00e0 th\u01b0\u01a1ng hi\u1ec7u chuy\u00ean s\u1ea3n xu\u1ea5t c\u00e1c s\u1ea3n ph\u1ea9m m\u00e1y tr\u1ee3 th\u00ednh \u0111\u01b0\u1ee3c Clark Wu th\u00e0nh l\u1eadp v\u00e0o n\u0103m 2012. \u0110\u1ebfn nay, Mimitakara \u0111\u00e3 tr\u1edf th\u00e0nh t\u00ean tu\u1ed5i \u0111i \u0111\u1ea7u trong l\u0129nh v\u1ef1c cung c\u1ea5p c\u00e1c s\u1ea3n ph\u1ea9m tr\u1ee3 th\u00ednh t\u1ea1i th\u1ecb tr\u01b0\u1eddng Nh\u1eadt B\u1ea3n, H\u00e0n Qu\u1ed1c v\u00e0 \u0110\u00e0i Loan. Mimitakara l\u1ea5y <strong>Ch\u1ea5t l\u01b0\u1ee3ng<\/strong>, <strong>Gi\u00e1 tr\u1ecb<\/strong> v\u00e0 <strong>D\u1ecbch v\u1ee5<\/strong> l\u00e0m c\u1ed1t l\u00f5i. H\u1ecd kh\u00f4ng ng\u1eebng nghi\u00ean c\u1ee9u, ph\u00e1t tri\u1ec3n v\u00e0 cho ra \u0111\u1eddi nh\u1eefng s\u1ea3n ph\u1ea9m \u0111\u00e1p \u1ee9ng t\u1ed1i \u0111a nhu c\u1ea7u c\u1ee7a kh\u00e1ch h\u00e0ng v\u00e0 mang l\u1ea1i cho ng\u01b0\u1eddi khi\u1ebfm th\u00ednh cu\u1ed9c s\u1ed1ng thu\u1eadn ti\u1ec7n, d\u1ec5 d\u00e0ng h\u01a1n.<\/p>\n<h2>T\u1ea1i Bi\u00ean H\u00f2a \u0110\u1ed3ng Nai \u1edf \u0111\u00e2u b\u00e1n m\u00e1y tr\u1ee3 th\u00ednh?<\/h2>\n<p>B\u1ea1n c\u00f3 th\u1ec3 t\u1edbi tr\u1ef1c ti\u1ebfp Showroom c\u1eeda h\u00e0ng \u0111\u1ec3 nghe th\u1eed t\u1ea1i.<\/p>\n<p>\u0110\u1ecba ch\u1ec9: E1, Khu ph\u1ed1 4, Ph\u01b0\u1eddng T\u00e2n Hi\u1ec7p, Th\u00e0nh ph\u1ed1 Bi\u00ean H\u00f2a, T\u1ec9nh \u0110\u1ed3ng Nai.<\/p>\n<p>Hotline: 0924841368.<\/p>","protected":false},"excerpt":{"rendered":"<ul>\n<li>Th\u01b0\u01a1ng hi\u1ec7u: Nh\u1eadt B\u1ea3n<\/li>\n<li>Ti\u00eau chu\u1ea9n l\u01b0u h\u00e0nh Ch\u00e2u \u00c2u c\u00f3 \u0111\u00e1nh d\u1ea5u CE, RoHS, ch\u1ee9ng nh\u1eadn FDA<\/li>\n<li>S\u1eed d\u1ee5ng pin s\u1ea1c, s\u1eed d\u1ee5ng li\u00ean t\u1ee5c 12-16 gi\u1edd m\u1ed7i l\u1ea7n s\u1ea1c<\/li>\n<\/ul>","protected":false},"featured_media":5960,"comment_status":"open","ping_status":"closed","template":"","meta":{"_acf_changed":false,"rank_math_lock_modified_date":false},"product_cat":[73,175,176],"product_tag":[],"class_list":{"0":"post-805","1":"product","2":"type-product","3":"status-publish","4":"has-post-thumbnail","6":"product_cat-cham-soc-nguoi-cao-tuoi","7":"product_cat-may-tro-thinh-thiet-bi-y-te-gia-dinh","8":"product_cat-may-tro-thinh-khong-day-may-tro-thinh-thiet-bi-y-te-gia-dinh","10":"first","11":"instock","12":"shipping-taxable","13":"purchasable","14":"product-type-simple"},"acf":[],"_links":{"self":[{"href":"http:\/\/ykhoathongminh.com\/en\/wp-json\/wp\/v2\/product\/805"}],"collection":[{"href":"http:\/\/ykhoathongminh.com\/en\/wp-json\/wp\/v2\/product"}],"about":[{"href":"http:\/\/ykhoathongminh.com\/en\/wp-json\/wp\/v2\/types\/product"}],"replies":[{"embeddable":true,"href":"http:\/\/ykhoathongminh.com\/en\/wp-json\/wp\/v2\/comments?post=805"}],"wp:featuredmedia":[{"embeddable":true,"href":"http:\/\/ykhoathongminh.com\/en\/wp-json\/wp\/v2\/media\/5960"}],"wp:attachment":[{"href":"http:\/\/ykhoathongminh.com\/en\/wp-json\/wp\/v2\/media?parent=805"}],"wp:term":[{"taxonomy":"product_cat","embeddable":true,"href":"http:\/\/ykhoathongminh.com\/en\/wp-json\/wp\/v2\/product_cat?post=805"},{"taxonomy":"product_tag","embeddable":true,"href":"http:\/\/ykhoathongminh.com\/en\/wp-json\/wp\/v2\/product_tag?post=805"}],"curies":[{"name":"wp","href":"https:\/\/api.w.org\/{rel}","templated":true}]}}