{"id":1017,"date":"2024-07-22T15:05:13","date_gmt":"2024-07-22T15:05:13","guid":{"rendered":"https:\/\/ykhoathongminh.com\/?post_type=product&#038;p=1017"},"modified":"2024-09-12T05:16:07","modified_gmt":"2024-09-12T05:16:07","slug":"ghe-tam-va-di-ve-sinh-cho-nguoi-gia-inox-phana-pn63","status":"publish","type":"product","link":"https:\/\/ykhoathongminh.com\/en\/product\/ghe-tam-va-di-ve-sinh-cho-nguoi-gia-inox-phana-pn63\/","title":{"rendered":"Gh\u1ebf t\u1eafm v\u00e0 \u0111i v\u1ec7 sinh cho ng\u01b0\u1eddi gi\u00e0 inox Phana PN63"},"content":{"rendered":"","protected":false},"excerpt":{"rendered":"<p><strong>Th\u01b0\u01a1ng hi\u1ec7u<\/strong>: Phana \u2013 Vi\u1ec7t Nam<\/p>\n<p><strong>B\u1ea3o tr\u00ec<\/strong>\u00a0: tr\u1ecdn \u0111\u1eddi<\/p>\n<p><strong>B\u1ea3o h\u00e0nh ch\u00ednh h\u00e3ng<\/strong>: 18 th\u00e1ng<\/p>","protected":false},"featured_media":5912,"comment_status":"open","ping_status":"closed","template":"","meta":{"_acf_changed":false,"rank_math_lock_modified_date":false},"product_cat":[73,670],"product_tag":[],"class_list":{"0":"post-1017","1":"product","2":"type-product","3":"status-publish","4":"has-post-thumbnail","6":"product_cat-cham-soc-nguoi-cao-tuoi","7":"product_cat-ghe-tam-ghe-bo-ve-sinh","9":"first","10":"instock","11":"shipping-taxable","12":"purchasable","13":"product-type-simple"},"acf":[],"_links":{"self":[{"href":"https:\/\/ykhoathongminh.com\/en\/wp-json\/wp\/v2\/product\/1017"}],"collection":[{"href":"https:\/\/ykhoathongminh.com\/en\/wp-json\/wp\/v2\/product"}],"about":[{"href":"https:\/\/ykhoathongminh.com\/en\/wp-json\/wp\/v2\/types\/product"}],"replies":[{"embeddable":true,"href":"https:\/\/ykhoathongminh.com\/en\/wp-json\/wp\/v2\/comments?post=1017"}],"wp:featuredmedia":[{"embeddable":true,"href":"https:\/\/ykhoathongminh.com\/en\/wp-json\/wp\/v2\/media\/5912"}],"wp:attachment":[{"href":"https:\/\/ykhoathongminh.com\/en\/wp-json\/wp\/v2\/media?parent=1017"}],"wp:term":[{"taxonomy":"product_cat","embeddable":true,"href":"https:\/\/ykhoathongminh.com\/en\/wp-json\/wp\/v2\/product_cat?post=1017"},{"taxonomy":"product_tag","embeddable":true,"href":"https:\/\/ykhoathongminh.com\/en\/wp-json\/wp\/v2\/product_tag?post=1017"}],"curies":[{"name":"wp","href":"https:\/\/api.w.org\/{rel}","templated":true}]}}