{"id":1035,"date":"2024-07-22T15:05:36","date_gmt":"2024-07-22T15:05:36","guid":{"rendered":"https:\/\/ykhoathongminh.com\/?post_type=product&#038;p=1035"},"modified":"2024-10-16T03:26:21","modified_gmt":"2024-10-16T03:26:21","slug":"pin-maxell-aa","status":"publish","type":"product","link":"https:\/\/ykhoathongminh.com\/en\/product\/pin-maxell-aa\/","title":{"rendered":"Pin Maxell AA"},"content":{"rendered":"<p>Pin aa Maxell hay c\u00f2n g\u1ecdi l\u00e0 (pin ti\u1ec3u); l\u00e0 lo\u1ea1i pin ki\u1ec1m\u00a0cho pin c\u00f3 tu\u1ed5i th\u1ecd cao h\u01a1n nh\u1eefng lo\u1ea1i pin th\u00f4ng th\u01b0\u1eddng g\u1ea5p nhi\u1ec1u l\u1ea7n.\u00a0Pin aa Maxell mang l\u1ea1i th\u1eddi gian s\u1eed d\u1ee5ng l\u00e2u d\u00e0i cho nh\u1eefng thi\u1ebft b\u1ecb d\u00f9ng h\u00e0ng ng\u00e0y v\u00e0 c\u00f3 nhu c\u1ea7u v\u1ec1 hi\u1ec7u \u0111i\u1ec7n th\u1ebf cao nh\u01b0 m\u00e1y \u0111\u0129a, m\u00e1y \u1ea3nh s\u1ed1, m\u00e1y \u0111o huy\u1ebft \u00e1p,\u2026<\/p>\n<p>&nbsp;<\/p>\n<p>Pin ti\u1ec3u\u00a0ti\u1ebft ki\u1ec7m chi ph\u00ed cho ng\u01b0\u1eddi s\u1eed d\u1ee5ng. v\u1edbi ch\u1ea5t li\u1ec7u ki\u1ec1m cho pin s\u1eed d\u1ee5ng l\u00ean t\u1edbi 7 n\u0103m.<\/p>\n<h3><strong>Th\u00f4ng Tin Pin Aa Maxell<\/strong><\/h3>\n<ul>\n<li>M\u00e3 s\u1ea3n ph\u1ea9m: LR6(GD) xanh<\/li>\n<li>T\u00ean s\u1ea3n ph\u1ea9m: Pin maxell<\/li>\n<li>K\u00edch th\u01b0\u1edbc: AA 50,5 x 14,5mm<\/li>\n<li>Nh\u00e0 s\u1ea3n xu\u1ea5t: Maxell Nh\u1eadt \u2013 Indonesia<\/li>\n<li>B\u1ea3o h\u00e0nh:\u00a01 \u0111\u1ed5i 1 l\u1ed7i do nh\u00e0 s\u1ea3n xu\u1ea5t<\/li>\n<li>\u0110VT: V\u1ec9\/ 2 vi\u00ean<\/li>\n<\/ul>","protected":false},"excerpt":{"rendered":"<p>Pin aa Maxell hay c\u00f2n g\u1ecdi l\u00e0 (pin ti\u1ec3u); l\u00e0 lo\u1ea1i pin ki\u1ec1m cho pin c\u00f3 tu\u1ed5i th\u1ecd cao h\u01a1n nh\u1eefng lo\u1ea1i pin th\u00f4ng th\u01b0\u1eddng g\u1ea5p nhi\u1ec1u l\u1ea7n. Pin aa Maxell mang l\u1ea1i th\u1eddi gian s\u1eed d\u1ee5ng l\u00e2u d\u00e0i cho nh\u1eefng thi\u1ebft b\u1ecb d\u00f9ng h\u00e0ng ng\u00e0y v\u00e0 c\u00f3 nhu c\u1ea7u v\u1ec1 hi\u1ec7u \u0111i\u1ec7n th\u1ebf cao nh\u01b0 m\u00e1y \u0111\u0129a, m\u00e1y \u1ea3nh s\u1ed1, m\u00e1y \u0111o huy\u1ebft \u00e1p,&#8230;<\/p>","protected":false},"featured_media":8505,"comment_status":"open","ping_status":"closed","template":"","meta":{"_acf_changed":false,"rank_math_lock_modified_date":false},"product_cat":[158,1344,149],"product_tag":[],"class_list":{"0":"post-1035","1":"product","2":"type-product","3":"status-publish","4":"has-post-thumbnail","6":"product_cat-vat-tu-tieu-hao","7":"product_cat-vat-tu-tieu-hao-khac","8":"product_cat-vat-tu-y-te","10":"first","11":"instock","12":"shipping-taxable","13":"purchasable","14":"product-type-simple"},"acf":[],"_links":{"self":[{"href":"https:\/\/ykhoathongminh.com\/en\/wp-json\/wp\/v2\/product\/1035"}],"collection":[{"href":"https:\/\/ykhoathongminh.com\/en\/wp-json\/wp\/v2\/product"}],"about":[{"href":"https:\/\/ykhoathongminh.com\/en\/wp-json\/wp\/v2\/types\/product"}],"replies":[{"embeddable":true,"href":"https:\/\/ykhoathongminh.com\/en\/wp-json\/wp\/v2\/comments?post=1035"}],"wp:featuredmedia":[{"embeddable":true,"href":"https:\/\/ykhoathongminh.com\/en\/wp-json\/wp\/v2\/media\/8505"}],"wp:attachment":[{"href":"https:\/\/ykhoathongminh.com\/en\/wp-json\/wp\/v2\/media?parent=1035"}],"wp:term":[{"taxonomy":"product_cat","embeddable":true,"href":"https:\/\/ykhoathongminh.com\/en\/wp-json\/wp\/v2\/product_cat?post=1035"},{"taxonomy":"product_tag","embeddable":true,"href":"https:\/\/ykhoathongminh.com\/en\/wp-json\/wp\/v2\/product_tag?post=1035"}],"curies":[{"name":"wp","href":"https:\/\/api.w.org\/{rel}","templated":true}]}}