{"id":1036,"date":"2024-07-22T15:05:36","date_gmt":"2024-07-22T15:05:36","guid":{"rendered":"https:\/\/ykhoathongminh.com\/?post_type=product&#038;p=1036"},"modified":"2024-09-12T05:36:19","modified_gmt":"2024-09-12T05:36:19","slug":"mmay-tro-thinh-sieu-nho-lo-tai-hop-sac-di-dong-co-den-mimitakara-japan-up-6sxx","status":"publish","type":"product","link":"https:\/\/ykhoathongminh.com\/en\/product\/mmay-tro-thinh-sieu-nho-lo-tai-hop-sac-di-dong-co-den-mimitakara-japan-up-6sxx\/","title":{"rendered":"MM\u00e1y tr\u1ee3 th\u00ednh si\u00eau nh\u1ecf l\u1ed7 tai, H\u1ed9p s\u1ea1c di \u0111\u1ed9ng c\u00f3 \u0111\u00e8n Mimitakara (JAPAN) UP-6SXX"},"content":{"rendered":"<p><strong>\u0110\u1eb6C \u0110I\u1ec2M N\u1ed4I B\u1eacT\u00a0<\/strong><\/p>\n<p>&#8211; Ph\u00f9 h\u1ee3p \u0111\u1ed1i t\u01b0\u1ee3ng gi\u1ea3m th\u00ednh l\u1ef1c trung b\u00ecnh \u0111\u1ebfn n\u1eb7ng [S,M]\n<p>&#8211; Thi\u1ebft k\u1ebf ti\u00ean ti\u1ebfn, h\u1ea1n ch\u1ebf t\u1ed1i \u0111a ti\u1ebfng \u00f9\/ti\u1ebfng v\u1ecdng, l\u1ecdc \u00e2m t\u1ed1t<\/p>\n<p>&#8211; \u00c2m thanh ch\u1ea5t l\u01b0\u1ee3ng cao, n\u00fat v\u1eb7n ch\u1ec9nh \u00e2m l\u01b0\u1ee3ng thao t\u00e1c d\u1ec5 d\u00e0ng<\/p>\n<p>&#8211; H\u1ed9p s\u1ea1c di \u0111\u1ed9ng, ti\u1ec7n l\u1ee3i, thi\u1ebft k\u1ebf nh\u1ecf g\u1ecdn, th\u1eddi trang, \u0111\u1eb9p<\/p>\n<p>&#8211; H\u1ed9p s\u1ea1c c\u00f3 \u0111\u00e8n, d\u00f9ng \u0111\u01b0\u1ee3c v\u00e0o bu\u1ed5i t\u1ed1i ho\u1eb7c d\u1ec5 s\u1eed d\u1ee5ng trong \u0111i\u1ec1u ki\u1ec7n \u00e1nh s\u00e1ng y\u1ebfu, \u0111\u1eb7c bi\u1ec7t v\u1edbi ng\u01b0\u1eddi l\u1edbn tu\u1ed5i<\/p>\n<p>&#8211; 4 k\u00edch c\u1ee1 n\u1ee5 tai nghe<\/p>","protected":false},"excerpt":{"rendered":"<p>Ph\u00f9 h\u1ee3p \u0111\u1ed1i t\u01b0\u1ee3ng gi\u1ea3m th\u00ednh l\u1ef1c trung b\u00ecnh \u0111\u1ebfn n\u1eb7ng [S,M] Thi\u1ebft k\u1ebf ti\u00ean ti\u1ebfn, h\u1ea1n ch\u1ebf t\u1ed1i \u0111a ti\u1ebfng \u00f9\/ti\u1ebfng v\u1ecdng, l\u1ecdc \u00e2m t\u1ed1t \u00c2m thanh ch\u1ea5t l\u01b0\u1ee3ng cao, n\u00fat v\u1eb7n ch\u1ec9nh \u00e2m l\u01b0\u1ee3ng thao t\u00e1c d\u1ec5 d\u00e0ng H\u1ed9p s\u1ea1c di \u0111\u1ed9ng, ti\u1ec7n l\u1ee3i, thi\u1ebft k\u1ebf nh\u1ecf g\u1ecdn, th\u1eddi trang, \u0111\u1eb9p H\u1ed9p s\u1ea1c c\u00f3 \u0111\u00e8n, d\u00f9ng \u0111\u01b0\u1ee3c v\u00e0o bu\u1ed5i t\u1ed1i ho\u1eb7c d\u1ec5 s\u1eed d\u1ee5ng trong \u0111i\u1ec1u ki\u1ec7n \u00e1nh s\u00e1ng y\u1ebfu, \u0111\u1eb7c bi\u1ec7t v\u1edbi ng\u01b0\u1eddi l\u1edbn tu\u1ed5i 4 k\u00edch c\u1ee1 n\u1ee5 tai nghe<\/p>","protected":false},"featured_media":5820,"comment_status":"open","ping_status":"closed","template":"","meta":{"_acf_changed":false,"rank_math_lock_modified_date":false},"product_cat":[73,175,176],"product_tag":[],"class_list":{"0":"post-1036","1":"product","2":"type-product","3":"status-publish","4":"has-post-thumbnail","6":"product_cat-cham-soc-nguoi-cao-tuoi","7":"product_cat-may-tro-thinh-thiet-bi-y-te-gia-dinh","8":"product_cat-may-tro-thinh-khong-day-may-tro-thinh-thiet-bi-y-te-gia-dinh","10":"first","11":"instock","12":"shipping-taxable","13":"purchasable","14":"product-type-simple"},"acf":[],"_links":{"self":[{"href":"https:\/\/ykhoathongminh.com\/en\/wp-json\/wp\/v2\/product\/1036"}],"collection":[{"href":"https:\/\/ykhoathongminh.com\/en\/wp-json\/wp\/v2\/product"}],"about":[{"href":"https:\/\/ykhoathongminh.com\/en\/wp-json\/wp\/v2\/types\/product"}],"replies":[{"embeddable":true,"href":"https:\/\/ykhoathongminh.com\/en\/wp-json\/wp\/v2\/comments?post=1036"}],"wp:featuredmedia":[{"embeddable":true,"href":"https:\/\/ykhoathongminh.com\/en\/wp-json\/wp\/v2\/media\/5820"}],"wp:attachment":[{"href":"https:\/\/ykhoathongminh.com\/en\/wp-json\/wp\/v2\/media?parent=1036"}],"wp:term":[{"taxonomy":"product_cat","embeddable":true,"href":"https:\/\/ykhoathongminh.com\/en\/wp-json\/wp\/v2\/product_cat?post=1036"},{"taxonomy":"product_tag","embeddable":true,"href":"https:\/\/ykhoathongminh.com\/en\/wp-json\/wp\/v2\/product_tag?post=1036"}],"curies":[{"name":"wp","href":"https:\/\/api.w.org\/{rel}","templated":true}]}}