{"id":1043,"date":"2024-07-22T15:05:37","date_gmt":"2024-07-22T15:05:37","guid":{"rendered":"https:\/\/ykhoathongminh.com\/?post_type=product&#038;p=1043"},"modified":"2024-09-12T05:31:44","modified_gmt":"2024-09-12T05:31:44","slug":"bong-tam-ve-sinh-tai-mui-softtana","status":"publish","type":"product","link":"https:\/\/ykhoathongminh.com\/en\/product\/bong-tam-ve-sinh-tai-mui-softtana\/","title":{"rendered":"B\u00f4ng t\u0103m v\u1ec7 sinh tai m\u0169i Softtana"},"content":{"rendered":"<h2>C\u00f4ng d\u1ee5ng<\/h2>\n<p>&#8211; S\u1eed d\u1ee5ng 100% cotton \u0111\u00e3 \u0111\u01b0\u1ee3c tinh ch\u1ebf. B\u00f4ng \u0111\u01b0\u1ee3c qu\u1ea5n ch\u1eafc ch\u1eafn v\u00e0 m\u1ecbn.<\/p>\n<p>&#8211; \u0110\u1ea7u b\u00f4ng t\u0103m c\u00f3 kh\u1ea3 n\u0103ng th\u1ea5m n\u01b0\u1edbc cao.<\/p>\n<p>&#8211; \u0110\u1ea7u b\u00f4ng c\u00f3 k\u00edch th\u01b0\u1edbc ph\u00f9 h\u1ee3p v\u1edbi ng\u01b0\u1eddi l\u1edbn.<\/p>\n<p>&#8211; Thi\u1ebft k\u1ebf nh\u1ecf g\u1ecdn, ti\u1ec7n l\u1ee3i, \u0111\u01b0\u1ee3c \u0111\u1ef1ng trong t\u00fai zipper.<\/p>\n<p>&#8211; Th\u00e2n t\u0103m b\u00f4ng l\u00e0m t\u1eeb nh\u1ef1a d\u1ebbo, c\u00f3 \u0111\u1ed9 \u0111\u00e0n h\u1ed3i t\u1ed1t.<\/p>\n<p>&#8211; \u0110\u1ea1t ti\u00eau chu\u1ea9n: ISO 13485:2016 v\u00e0 TCCS: TC01 -2015\/TP.<\/p>","protected":false},"excerpt":{"rendered":"<p>Th\u00ednh gi\u00e1c l\u00e0 m\u1ed9t trong 5 gi\u00e1c quan c\u01a1 b\u1ea3n gi\u00fap ch\u00fang ta c\u1ea3m nh\u1eadn \u00e2m thanh cu\u1ed9c s\u1ed1ng, t\u1eadn h\u01b0\u1edfng tr\u1ecdn v\u1eb9n ni\u1ec1m vui m\u1ed7i ng\u00e0y. Nh\u1eefng chi\u1ebfc t\u0103m b\u00f4ng an to\u00e0n v\u00e0 \u00eam \u00e1i l\u00e0 nh\u1eefng tr\u1ee3 th\u1ee7 v\u00f4 c\u00f9ng \u0111\u1eafc l\u1ef1c trong vi\u1ec7c b\u1ea3o v\u1ec7 s\u1ee9c kh\u1ecfe c\u1ee7a \u0111\u00f4i tai.<br \/>\nB\u00ean c\u1ea1nh vi\u1ec7c ch\u0103m s\u00f3c s\u1ee9c kh\u1ecfe cho \u0111\u00f4i tai, t\u0103m b\u00f4ng c\u00f2n c\u00f3 nh\u1eefng c\u00f4ng d\u1ee5ng th\u00fa v\u1ecb kh\u00e1c \u00edt \u0111\u01b0\u1ee3c ch\u00fa \u00fd. \u0110\u1eb7c bi\u1ec7t, <strong>b\u00f4ng t\u0103m Softtana<\/strong> \u0111\u00e3 c\u00f3 hai k\u00edch th\u01b0\u1edbc cho ng\u01b0\u1eddi l\u1edbn v\u00e0 tr\u1ebb em. C\u1ea3 gia \u0111\u00ecnh b\u1ea1n \u0111\u1ec1u c\u00f3 th\u1ec3 chia s\u1ebb c\u1ea3m gi\u00e1c tho\u1ea3i m\u00e1i, d\u1ec5 ch\u1ecbu \u0111\u1ebfn t\u1eeb s\u1ea3n ph\u1ea9m<\/p>","protected":false},"featured_media":5806,"comment_status":"open","ping_status":"closed","template":"","meta":{"_acf_changed":false,"rank_math_lock_modified_date":false},"product_cat":[144,1342,1210,158,1221],"product_tag":[],"class_list":{"0":"post-1043","1":"product","2":"type-product","3":"status-publish","4":"has-post-thumbnail","6":"product_cat-bong-y-te","7":"product_cat-cham-soc-ca-nhan","8":"product_cat-cham-soc-tai-mui","9":"product_cat-vat-tu-tieu-hao","10":"product_cat-ve-sinh-tai","12":"first","13":"instock","14":"shipping-taxable","15":"purchasable","16":"product-type-simple"},"acf":[],"_links":{"self":[{"href":"https:\/\/ykhoathongminh.com\/en\/wp-json\/wp\/v2\/product\/1043"}],"collection":[{"href":"https:\/\/ykhoathongminh.com\/en\/wp-json\/wp\/v2\/product"}],"about":[{"href":"https:\/\/ykhoathongminh.com\/en\/wp-json\/wp\/v2\/types\/product"}],"replies":[{"embeddable":true,"href":"https:\/\/ykhoathongminh.com\/en\/wp-json\/wp\/v2\/comments?post=1043"}],"wp:featuredmedia":[{"embeddable":true,"href":"https:\/\/ykhoathongminh.com\/en\/wp-json\/wp\/v2\/media\/5806"}],"wp:attachment":[{"href":"https:\/\/ykhoathongminh.com\/en\/wp-json\/wp\/v2\/media?parent=1043"}],"wp:term":[{"taxonomy":"product_cat","embeddable":true,"href":"https:\/\/ykhoathongminh.com\/en\/wp-json\/wp\/v2\/product_cat?post=1043"},{"taxonomy":"product_tag","embeddable":true,"href":"https:\/\/ykhoathongminh.com\/en\/wp-json\/wp\/v2\/product_tag?post=1043"}],"curies":[{"name":"wp","href":"https:\/\/api.w.org\/{rel}","templated":true}]}}