{"id":1063,"date":"2024-07-22T15:06:00","date_gmt":"2024-07-22T15:06:00","guid":{"rendered":"https:\/\/ykhoathongminh.com\/?post_type=product&#038;p=1063"},"modified":"2024-09-12T05:38:44","modified_gmt":"2024-09-12T05:38:44","slug":"may-do-huyet-ap-bap-tay-tu-dong-omron-hem-7143t1","status":"publish","type":"product","link":"https:\/\/ykhoathongminh.com\/en\/product\/may-do-huyet-ap-bap-tay-tu-dong-omron-hem-7143t1\/","title":{"rendered":"M\u00e1y \u0111o huy\u1ebft \u00e1p b\u1eafp tay t\u1ef1 \u0111\u1ed9ng Omron HEM 7143T1"},"content":{"rendered":"<p>M\u00e1y \u0111o huy\u1ebft \u00e1p t\u1ef1 \u0111\u1ed9ng Omron HEM 7143T1 l\u00e0 m\u1ed9t s\u1ea3n ph\u1ea9m c\u1ee7a th\u01b0\u01a1ng hi\u1ec7u Omron, Nh\u1eadt B\u1ea3n. Omron l\u00e0 th\u01b0\u01a1ng hi\u1ec7u n\u1ed5i ti\u1ebfng h\u00e0ng \u0111\u1ea7u th\u1ebf gi\u1edbi trong l\u0129nh v\u1ef1c s\u1ea3n xu\u1ea5t c\u00e1c s\u1ea3n ph\u1ea9m ch\u0103m s\u00f3c s\u1ee9c kh\u1ecfe, c\u00f3 th\u1ec3 k\u1ec3 \u0111\u1ebfn nh\u01b0: M\u00e1y \u0111o huy\u1ebft \u00e1p, Nhi\u1ec7t k\u1ebf, M\u00e1y kh\u00ed dung,&#8230; C\u00e1c s\u1ea3n ph\u1ea9m c\u1ee7a Omron \u0111\u1ec1u \u0111\u01b0\u1ee3c s\u1ea3n xu\u1ea5t tr\u00ean d\u00e2y chuy\u1ec1n c\u00f4ng ngh\u1ec7 m\u1edbi v\u00e0 hi\u1ec7n \u0111\u1ea1i, \u0111\u1ea1t c\u00e1c ti\u00eau chu\u1ea9n kh\u1eaft khe v\u1ec1 ch\u1ea5t l\u01b0\u1ee3ng n\u00ean r\u1ea5t \u0111\u01b0\u1ee3c ng\u01b0\u1eddi ti\u00eau d\u00f9ng tin t\u01b0\u1edfng, l\u1ef1a ch\u1ecdn<\/p>\n<p>M\u00e1y \u0111o huy\u1ebft \u00e1p t\u1ef1 \u0111\u1ed9ng Omron HEM 7143T1 thu\u1ed9c d\u00f2ng m\u00e1y \u0111o huy\u1ebft \u00e1p b\u1eafp tay m\u1edbi nh\u1ea5t \u0111\u01b0\u1ee3c ra m\u1eaft v\u00e0o n\u0103m 2023. S\u1ea3n ph\u1ea9m h\u1ed9i t\u1ee5 \u0111\u1ea7y \u0111\u1ee7 c\u00e1c y\u1ebfu t\u1ed1 Ch\u00ednh x\u00e1c &#8211; \u0110\u01a1n gi\u1ea3n &#8211; D\u1ec5 d\u00f9ng &#8211; Gi\u00e1 b\u00ecnh d\u00e2n, do \u0111\u00f3 \u0111\u00e3 nh\u1eadn \u0111\u01b0\u1ee3c s\u1ef1 tin t\u01b0\u1edfng, \u1ee7ng h\u1ed9 c\u1ee7a nhi\u1ec1u gia \u0111\u00ecnh.<\/p>\n<h2><strong>\u01afu \u0111i\u1ec3m n\u1ed5i b\u1eadt c\u1ee7a M\u00e1y \u0111o huy\u1ebft \u00e1p t\u1ef1 \u0111\u1ed9ng Omron HEM 7143T1<\/strong><\/h2>\n<ul>\n<li><strong>K\u00edch th\u01b0\u1edbc nh\u1ecf g\u1ecdn<\/strong>: S\u1ea3n ph\u1ea9m c\u00f3 tr\u1ecdng l\u01b0\u1ee3ng ch\u1ec9 250g (ch\u01b0a l\u1eafp pin) v\u00e0 k\u00edch th\u01b0\u1edbc ch\u1ec9 129 x 103 x 80 mm r\u1ea5t nh\u1ecf g\u1ecdn, thu\u1eadn ti\u1ec7n khi c\u1ea7n mang theo ra ngo\u00e0i.<\/li>\n<li><strong>C\u00e1c t\u00ednh n\u0103ng h\u01b0\u1edbng d\u1eabn qu\u1ea5n v\u00f2ng b\u00edt v\u00e0 t\u01b0 th\u1ebf \u0111o \u0111\u00fang<\/strong>: H\u01b0\u1edbng d\u1eabn ng\u01b0\u1eddi d\u00f9ng qu\u1ea5n v\u00f2ng b\u00edt \u0111\u00fang c\u00e1ch v\u00e0 c\u1ea3nh b\u00e1o c\u1eed \u0111\u1ed9ng trong khi \u0111o, do \u0111\u00f3 \u0111\u1ea3m b\u1ea3o k\u1ebft qu\u1ea3 \u0111o \u0111\u01b0\u1ee3c ch\u00ednh x\u00e1c v\u00e0 \u0111\u00e1ng tin c\u1eady nh\u1ea5t.<\/li>\n<li><strong>C\u00f4ng ngh\u1ec7 IntelliSense hi\u1ec7n \u0111\u1ea1i<\/strong> gi\u00fap l\u00e0m t\u0103ng \u0111\u1ed9 ch\u00ednh x\u00e1c c\u1ee7a k\u1ebft qu\u1ea3 \u0111o: C\u00f4ng ngh\u1ec7 IntelliSense cho ph\u00e9p v\u00f2ng b\u00edt \u0111\u01b0\u1ee3c t\u1ef1 \u0111\u1ed9ng b\u01a1m h\u01a1i v\u1eeba v\u1edbi b\u1eafp tay, mang \u0111\u1ebfn c\u1ea3m gi\u00e1c tho\u1ea3i m\u00e1i cho ng\u01b0\u1eddi s\u1eed d\u1ee5ng.<\/li>\n<li><strong>B\u1ed9 nh\u1edb 30 l\u1ea7n \u0111o<\/strong>: M\u00e1y \u0111o huy\u1ebft \u00e1p M\u00e1y \u0111o huy\u1ebft \u00e1p t\u1ef1 \u0111\u1ed9ng Omron HEM 7143T1 t\u1ef1 \u0111\u1ed9ng l\u01b0u tr\u1eef 30 l\u1ea7n \u0111o g\u1ea7n nh\u1ea5t, gi\u00fap ng\u01b0\u1eddi d\u00f9ng theo d\u00f5i huy\u1ebft \u00e1p c\u1ee7a m\u00ecnh m\u00e0 kh\u00f4ng c\u1ea7n ghi ch\u00e9p.<\/li>\n<li><strong>K\u1ebft n\u1ed1i bluetooth<\/strong>: Ch\u1ee9c n\u0103ng n\u00e0y cho ph\u00e9p ng\u01b0\u1eddi d\u00f9ng theo d\u00f5i k\u1ebft qu\u1ea3 \u0111o th\u00f4ng qua \u1ee9ng d\u1ee5ng Omron Connect tr\u00ean \u0111i\u1ec7n tho\u1ea1i, d\u1ec5 d\u00e0ng xem, l\u01b0u v\u00e0 chia s\u1ebb d\u1eef li\u1ec7u s\u1ee9c kh\u1ecfe.<\/li>\n<li><strong>C\u1ea3nh b\u00e1o huy\u1ebft \u00e1p cao v\u00e0 nh\u1ecbp tim b\u1ea5t th\u01b0\u1eddng<\/strong>: Ch\u1ee9c n\u0103ng n\u00e0y c\u1ee7a m\u00e1y cho ng\u01b0\u1eddi d\u00f9ng bi\u1ebft \u0111\u01b0\u1ee3c nh\u1eefng d\u1ea5u hi\u1ec7u b\u1ea5t th\u01b0\u1eddng v\u1ec1 ch\u1ec9 s\u1ed1 huy\u1ebft \u00e1p v\u00e0 nh\u1ecbp tim c\u1ee7a m\u00ecnh, t\u1eeb \u0111\u00f3 c\u00f3 nh\u1eefng bi\u1ec7n ph\u00e1p \u0111\u1ec3 x\u1eed l\u00fd k\u1ecbp th\u1eddi.<\/li>\n<\/ul>","protected":false},"excerpt":{"rendered":"<p><strong>Th\u01b0\u01a1ng hi\u1ec7u<\/strong>: Omron \u2013 Nh\u1eadt B\u1ea3n<\/p>\n<p><strong>B\u1ea3o tr\u00ec<\/strong> : Tr\u1ecdn \u0111\u1eddi<\/p>\n<p><strong>B\u1ea3o h\u00e0nh ch\u00ednh h\u00e3ng<\/strong>: 60 th\u00e1ng<\/p>","protected":false},"featured_media":4624,"comment_status":"open","ping_status":"closed","template":"","meta":{"_acf_changed":false,"rank_math_lock_modified_date":false},"product_cat":[20,21],"product_tag":[],"class_list":{"0":"post-1063","1":"product","2":"type-product","3":"status-publish","4":"has-post-thumbnail","6":"product_cat-cham-soc-benh-huyet-ap","7":"product_cat-may-do-huyet-ap-bap-tay","9":"first","10":"instock","11":"shipping-taxable","12":"purchasable","13":"product-type-simple"},"acf":[],"_links":{"self":[{"href":"https:\/\/ykhoathongminh.com\/en\/wp-json\/wp\/v2\/product\/1063"}],"collection":[{"href":"https:\/\/ykhoathongminh.com\/en\/wp-json\/wp\/v2\/product"}],"about":[{"href":"https:\/\/ykhoathongminh.com\/en\/wp-json\/wp\/v2\/types\/product"}],"replies":[{"embeddable":true,"href":"https:\/\/ykhoathongminh.com\/en\/wp-json\/wp\/v2\/comments?post=1063"}],"wp:featuredmedia":[{"embeddable":true,"href":"https:\/\/ykhoathongminh.com\/en\/wp-json\/wp\/v2\/media\/4624"}],"wp:attachment":[{"href":"https:\/\/ykhoathongminh.com\/en\/wp-json\/wp\/v2\/media?parent=1063"}],"wp:term":[{"taxonomy":"product_cat","embeddable":true,"href":"https:\/\/ykhoathongminh.com\/en\/wp-json\/wp\/v2\/product_cat?post=1063"},{"taxonomy":"product_tag","embeddable":true,"href":"https:\/\/ykhoathongminh.com\/en\/wp-json\/wp\/v2\/product_tag?post=1063"}],"curies":[{"name":"wp","href":"https:\/\/api.w.org\/{rel}","templated":true}]}}