{"id":1075,"date":"2024-07-22T15:06:01","date_gmt":"2024-07-22T15:06:01","guid":{"rendered":"https:\/\/ykhoathongminh.com\/?post_type=product&#038;p=1075"},"modified":"2024-09-27T06:32:24","modified_gmt":"2024-09-27T06:32:24","slug":"dai-nep-chinh-chong-gu-lung-im-oh-102","status":"publish","type":"product","link":"https:\/\/ykhoathongminh.com\/en\/product\/dai-nep-chinh-chong-gu-lung-im-oh-102\/","title":{"rendered":"\u0110ai n\u1eb9p ch\u1ec9nh ch\u1ed1ng g\u00f9 l\u01b0ng IM OH 102"},"content":{"rendered":"<p><u><strong>C\u1ea4U T\u1ea0O:<\/strong><\/u><\/p>\n<p>&#8211; 40% PE, 40% Polyester, 20% Rubber.<\/p>\n<p>&#8211; 2 \u0111ai x\u01b0\u01a1ng \u0111\u00f2n \u0111i\u1ec1u ch\u1ec9nh l\u1ef1c c\u0103ng t\u1eeb ph\u00eda tr\u01b0\u1edbc.<\/p>\n<p>&#8211; 2 n\u1eb9p PE ph\u00eda sau gi\u1eef t\u01b0 th\u1ebf x\u01b0\u01a1ng b\u1ea3 vai v\u1edbi c\u1ed9t s\u1ed1ng l\u1ed3ng ng\u1ef1c.<\/p>\n<p>&#8211; D\u1ea1ng l\u01b0\u1edbi th\u00f4ng tho\u00e1ng.<\/p>\n<p><u><strong>C\u00d4NG D\u1ee4NG:<\/strong><\/u><\/p>\n<p>&#8211; Gi\u1eef c\u1ed1 \u0111\u1ecbnh x\u01b0\u01a1ng \u0111\u00f2n trong \u0111i\u1ec1u tr\u1ecb g\u00e3y x\u01b0\u01a1ng \u0111\u00f2n.<\/p>\n<p>&#8211; Ch\u1ec9nh h\u00ecnh v\u00e0 ph\u00f2ng ng\u1eeba l\u01b0ng g\u00f9, cong v\u1eb9o c\u1ed9t s\u1ed1ng l\u1ed3ng ng\u1ef1c &#8230;<\/p>\n<p>&#8211; Ch\u1ec9nh, gi\u1eef t\u01b0 th\u1ebf \u0111\u00fang cho x\u01b0\u01a1ng \u0111\u00f2n trong \u0111i\u1ec1u tr\u1ecb ch\u1ea5n th\u01b0\u01a1ng &amp; ph\u1ee5c h\u1ed3i ch\u1ee9c n\u0103ng.<\/p>\n<p>&#8211; Ch\u1ec9nh s\u1eeda l\u01b0ng g\u00f9, cong v\u1eb9o c\u1ed9t s\u1ed1ng &amp; x\u01b0\u01a1ng l\u1ed3ng ng\u1ef1c.<\/p>\n<p>&#8211; Ph\u00f2ng ng\u1eeba g\u00f9 l\u01b0ng do sai t\u01b0 th\u1ebf.<\/p>\n<p><img decoding=\"async\" src=\"https:\/\/bizweb.dktcdn.net\/100\/114\/864\/files\/hdsd-hdsd-size-oh-102.jpg?v=1614161607742\" data-thumb=\"original\" \/><\/p>\n<p>&nbsp;<\/p>","protected":false},"excerpt":{"rendered":"<p>S\u1ea3n ph\u1ea9m gi\u1eef l\u01b0ng v\u00e0 vai th\u1eb3ng khi sinh ho\u1ea1t, l\u00e0m vi\u1ec7c, c\u1ea3i thi\u1ec7n \u0111au l\u01b0ng, duy tr\u00ec v\u00f3c d\u00e1ng v\u00e0 t\u01b0 th\u1ebf \u0111\u00fang.<\/p>","protected":false},"featured_media":6996,"comment_status":"open","ping_status":"closed","template":"","meta":{"_acf_changed":false,"rank_math_lock_modified_date":false},"product_cat":[1375,490],"product_tag":[],"class_list":{"0":"post-1075","1":"product","2":"type-product","3":"status-publish","4":"has-post-thumbnail","6":"product_cat-dai-chong-gu","7":"product_cat-dai-nep-chan-thuong","9":"first","10":"instock","11":"shipping-taxable","12":"purchasable","13":"product-type-variable"},"acf":[],"_links":{"self":[{"href":"https:\/\/ykhoathongminh.com\/en\/wp-json\/wp\/v2\/product\/1075"}],"collection":[{"href":"https:\/\/ykhoathongminh.com\/en\/wp-json\/wp\/v2\/product"}],"about":[{"href":"https:\/\/ykhoathongminh.com\/en\/wp-json\/wp\/v2\/types\/product"}],"replies":[{"embeddable":true,"href":"https:\/\/ykhoathongminh.com\/en\/wp-json\/wp\/v2\/comments?post=1075"}],"wp:featuredmedia":[{"embeddable":true,"href":"https:\/\/ykhoathongminh.com\/en\/wp-json\/wp\/v2\/media\/6996"}],"wp:attachment":[{"href":"https:\/\/ykhoathongminh.com\/en\/wp-json\/wp\/v2\/media?parent=1075"}],"wp:term":[{"taxonomy":"product_cat","embeddable":true,"href":"https:\/\/ykhoathongminh.com\/en\/wp-json\/wp\/v2\/product_cat?post=1075"},{"taxonomy":"product_tag","embeddable":true,"href":"https:\/\/ykhoathongminh.com\/en\/wp-json\/wp\/v2\/product_tag?post=1075"}],"curies":[{"name":"wp","href":"https:\/\/api.w.org\/{rel}","templated":true}]}}