{"id":1097,"date":"2024-07-22T15:06:24","date_gmt":"2024-07-22T15:06:24","guid":{"rendered":"https:\/\/ykhoathongminh.com\/?post_type=product&#038;p=1097"},"modified":"2024-09-27T06:53:37","modified_gmt":"2024-09-27T06:53:37","slug":"mieng-lot-ho-tro-gai-got-chan-tynor-k10","status":"publish","type":"product","link":"https:\/\/ykhoathongminh.com\/en\/product\/mieng-lot-ho-tro-gai-got-chan-tynor-k10\/","title":{"rendered":"Mi\u1ebfng l\u00f3t h\u1ed7 tr\u1ee3 gai g\u00f3t ch\u00e2n Tynor K10"},"content":{"rendered":"<h2>C\u00f4ng d\u1ee5ng:<\/h2>\n<p>H\u1ed7 tr\u1ee3 \u0111i\u1ec1u tr\u1ecb gai g\u00f3t ch\u00e2n gi\u00fap ng\u01b0\u1eddi b\u1ecb gai g\u00f3t tho\u1ea3i m\u00e1i trong vi\u1ec7c \u0111i \u0111\u1ee9ng<br \/>\nPhaNa l\u00e0 th\u01b0\u01a1ng hi\u1ec7u h\u00e0ng \u0111\u1ea7u t\u1ea1i Vi\u1ec7t Nam v\u1edbi h\u01a1n 30 n\u0103m kinh nghi\u00eam trong l\u0129nh v\u1ef1c kinh doanh v\u00e0 s\u1ea3n xu\u1ea5t Thi\u1ebft b\u1ecb V\u1eadt l\u00fd tr\u1ecb li\u1ec7u &#8211; Ph\u1ee5c h\u1ed3i ch\u1ee9c n\u0103ng, d\u1ee5ng c\u1ee5 y khoa &#8211; th\u1ea9m m\u1ef9.<\/p>","protected":false},"excerpt":{"rendered":"<p><strong>Mi\u00ea\u0301ng l\u00f3t h\u00f4\u0303 tr\u1ee3 tr\u1ecb li\u00ea\u0323u gai g\u00f3t ch\u00e2n K-10<\/strong> mi\u1ebfng l\u00f3t gi\u00fap gi\u1ea3m \u0111au hi\u1ec7u qu\u1ea3 cho khu v\u1ef1c nh\u1ea1y c\u1ea3m nh\u1ea5t c\u1ee7a g\u00f3t ch\u00e2n t\u1ea1o ra s\u1ef1 h\u1ea5p th\u1ee5 ch\u1ea5n \u0111\u1ed9ng tuy\u1ec7t v\u1eddi khi v\u1eadn \u0111\u1ed9ng th\u1ec3 thao m\u1ea1nh, h\u00ecnh d\u1ea1ng ph\u00f9 h\u1ee3p c\u1ea5u tr\u00fac t\u1ef1 nhi\u00ean c\u1ee7a g\u00f3t ch\u00e2n, thi\u1ebft k\u1ebf thanh m\u1ea3nh v\u1eeba v\u1eb7n v\u1edbi h\u1ea7u h\u1ebft c\u00e1c lo\u1ea1i gi\u00e0y, tho\u1ea3i m\u00e1i v\u00e0 ch\u1eafc ch\u1eafn<\/p>","protected":false},"featured_media":6806,"comment_status":"open","ping_status":"closed","template":"","meta":{"_acf_changed":false,"rank_math_lock_modified_date":false},"product_cat":[1362,714,490],"product_tag":[],"class_list":{"0":"post-1097","1":"product","2":"type-product","3":"status-publish","4":"has-post-thumbnail","6":"product_cat-dai-nep-ban-chan-got-chan","7":"product_cat-dai-nep-chan-dai-nep-chan-thuong","8":"product_cat-dai-nep-chan-thuong","10":"first","11":"instock","12":"shipping-taxable","13":"purchasable","14":"product-type-variable"},"acf":[],"_links":{"self":[{"href":"https:\/\/ykhoathongminh.com\/en\/wp-json\/wp\/v2\/product\/1097"}],"collection":[{"href":"https:\/\/ykhoathongminh.com\/en\/wp-json\/wp\/v2\/product"}],"about":[{"href":"https:\/\/ykhoathongminh.com\/en\/wp-json\/wp\/v2\/types\/product"}],"replies":[{"embeddable":true,"href":"https:\/\/ykhoathongminh.com\/en\/wp-json\/wp\/v2\/comments?post=1097"}],"wp:featuredmedia":[{"embeddable":true,"href":"https:\/\/ykhoathongminh.com\/en\/wp-json\/wp\/v2\/media\/6806"}],"wp:attachment":[{"href":"https:\/\/ykhoathongminh.com\/en\/wp-json\/wp\/v2\/media?parent=1097"}],"wp:term":[{"taxonomy":"product_cat","embeddable":true,"href":"https:\/\/ykhoathongminh.com\/en\/wp-json\/wp\/v2\/product_cat?post=1097"},{"taxonomy":"product_tag","embeddable":true,"href":"https:\/\/ykhoathongminh.com\/en\/wp-json\/wp\/v2\/product_tag?post=1097"}],"curies":[{"name":"wp","href":"https:\/\/api.w.org\/{rel}","templated":true}]}}