{"id":1148,"date":"2024-07-22T15:07:11","date_gmt":"2024-07-22T15:07:11","guid":{"rendered":"https:\/\/ykhoathongminh.com\/?post_type=product&#038;p=1148"},"modified":"2024-10-15T03:16:15","modified_gmt":"2024-10-15T03:16:15","slug":"bom-tiem-su-dung-mot-lan-vinahankook-3ml-cc-23gx1","status":"publish","type":"product","link":"https:\/\/ykhoathongminh.com\/en\/product\/bom-tiem-su-dung-mot-lan-vinahankook-3ml-cc-23gx1\/","title":{"rendered":"B\u01a1m Ti\u00eam S\u1eed D\u1ee5ng M\u1ed9t L\u1ea7n Vinahankook 3ml cc 23gx1"},"content":{"rendered":"<h3>B\u01a1m ti\u00eam 3ml Vinahankook \u0111\u1ea3m b\u1ea3o v\u00f4 khu\u1ea9n, v\u00f4 tr\u00f9ng v\u00e0 kh\u00f4ng \u0111\u1ed9c h\u1ea1i<\/h3>\n<p>B\u01a1m kim ti\u00eam 3ml\/cc Vinahankook \u0111\u01b0\u1ee3c s\u1ea3n xu\u1ea5t tr\u00ean d\u00e2y chuy\u1ec1n c\u00f4ng ngh\u1ec7, m\u00e1y m\u00f3c hi\u1ec7n \u0111\u1ea1i nh\u1eadp kh\u1ea9u t\u1eeb H\u00e0n Qu\u1ed1c, \u00e1p d\u1ee5ng h\u1ec7 th\u1ed1ng qu\u1ea3n l\u00fd \u0111\u1ea1t ti\u00eau chu\u1ea9n ISO 9001:2015 v\u00e0 ISO 13485:2016; GMP &#8211; FDA. S\u1ea3n ph\u1ea9m l\u00e0 v\u1eadt d\u1ee5ng c\u1ea7n thi\u1ebft trong l\u0129nh v\u1ef1c y t\u1ebf. Do \u0111\u00f3, c\u00e1c s\u1ea3n ph\u1ea9m lu\u00f4n \u0111\u1ea3m b\u1ea3o ti\u00eau ch\u00ed ch\u1ea5t li\u1ec7u cao c\u1ea5p, kh\u00f4ng g\u00e2y h\u1ea1i cho ng\u01b0\u1eddi s\u1eed d\u1ee5ng.<\/p>\n<figure id=\"attachment_8952\" aria-describedby=\"caption-attachment-8952\" style=\"width: 540px\" class=\"wp-caption aligncenter\"><img loading=\"lazy\" decoding=\"async\" class=\"size-medium wp-image-8952\" src=\"https:\/\/ykhoathongminh.com\/wp-content\/uploads\/2023\/07\/Bom-tiem-su-dung-mot-lan-3ml-cc-23gx1-vinahankook-chinh-hang-540x540.jpg\" alt=\"\" width=\"540\" height=\"540\" \/><figcaption id=\"caption-attachment-8952\" class=\"wp-caption-text\">B\u01a1m ti\u00eam s\u1eed d\u1ee5ng m\u1ed9t l\u1ea7n 3ml cc 23gx1 Vinahankook ch\u00ednh h\u00e3ng<\/figcaption><\/figure>\n<p>B\u01a1m kim ti\u00eam y t\u1ebf l\u00e0 m\u1ed9t trong nh\u1eefng d\u1ee5ng c\u1ee5 y t\u1ebf c\u1ea7n thi\u1ebft, \u0111\u01b0\u1ee3c s\u1eed d\u1ee5ng ph\u1ed5 bi\u1ebfn trong c\u00e1c b\u1ec7nh vi\u1ec7n hay ng\u01b0\u1eddi b\u1ec7nh ti\u1ec3u \u0111\u01b0\u1eddng t\u1ef1 ti\u00eam t\u1ea1i nh\u00e0. B\u01a1m kim ti\u00eam \u0111\u01b0\u1ee3c s\u1eed d\u1ee5ng v\u1edbi hai m\u1ee5c \u0111\u00edch. M\u1ed9t r\u00fat m\u00e1u ho\u1eb7c h\u00fat d\u1ecbch trong c\u01a1 th\u1ec3 ra ngo\u00e0i. Hai l\u00e0 \u0111\u01b0a thu\u1ed1c d\u01b0\u1edbi d\u1ea1ng l\u1ecfng, dung d\u1ecbch h\u00f2a tan trong n\u01b0\u1edbc, trong d\u1ea7u v\u00e0o trong c\u01a1 th\u1ec3. C\u00e1c b\u00e1c s\u0129, \u0111i\u1ec1u d\u01b0\u1ee1ng s\u1ebd ti\u00eam thu\u1ed1c tr\u1ef1c ti\u1ebfp v\u00e0o c\u00e1c v\u1ecb tr\u00ed nh\u01b0 b\u1eafp th\u1ecbt, d\u01b0\u1edbi da, tinh m\u1ea1ch,\u2026 Nh\u1eefng lo\u1ea1i thu\u1ed1c khi \u0111\u01b0a v\u00e0o c\u01a1 th\u1ec3 c\u00f3 t\u00e1c d\u1ee5ng nhanh h\u01a1n b\u1eb1ng \u0111\u01b0\u1eddng u\u1ed1ng. Do \u0111\u00f3, b\u01a1m kim ti\u00eam \u0111\u00f3ng vai tr\u00f2 quan tr\u1ecdng trong ph\u00f2ng v\u00e0 ch\u1eefa b\u1ec7nh.<\/p>\n<p>Tr\u00ean th\u1ecb tr\u01b0\u1eddng hi\u1ec7n nay c\u00f3 nhi\u1ec1u m\u1eabu kim ti\u00eam kh\u00e1c nhau, b\u01a1m ti\u00eam s\u1eed d\u1ee5ng m\u1ed9t l\u1ea7n 3ml\/cc Vinahankook \u0111\u1ebfn t\u1eeb th\u01b0\u01a1ng hi\u1ec7u Vinahankook \u0111\u01b0\u1ee3c kh\u1eed tr\u00f9ng b\u1eb1ng E.O, v\u00f4 tr\u00f9ng, kh\u00f4ng g\u00e2y \u0111\u1ed9c v\u00e0 kh\u00f4ng g\u00e2y s\u1ed1t. H\u1ed9p thi\u1ebft k\u1ebf 100 chi\u1ebfc tho\u1ea3i m\u00e1i cho ng\u01b0\u1eddi s\u1eed d\u1ee5ng.<\/p>\n<h3>\u01afu \u0111i\u1ec3m n\u1ed5i b\u1eadt c\u1ee7a b\u01a1m ti\u00eam 3ml Vinahankook<\/h3>\n<p>Ph\u1ea7n \u0111\u1ea7u kim ti\u00eam \u0111\u01b0\u1ee3c l\u00e0m t\u1eeb ch\u1ea5t li\u1ec7u th\u00e9p kh\u00f4ng b\u1ecb oxy h\u00f3a, kh\u00f4ng g\u1ec9 an to\u00e0n v\u00e0 d\u1ec5 s\u1eed d\u1ee5ng. H\u01a1n n\u1eefa, ph\u1ea7n m\u0169i kim kh\u00e1 c\u1ee9ng v\u00e0 s\u1eafc nh\u1ecdn n\u00ean d\u1ec5 ti\u00eam thu\u1ed1c cho ng\u01b0\u1eddi b\u1ec7nh.<\/p>\n<p>Ph\u1ea7n v\u1ecf b\u01a1m kim ti\u00eam \u0111\u01b0\u1ee3c l\u00e0m t\u1eeb nh\u1ef1a PP nguy\u00ean sinh, c\u00f3 kh\u1ea3 n\u0103ng ch\u1ecbu \u0111\u01b0\u1ee3c va \u0111\u1eadp t\u1ed1t v\u00e0 \u0111\u1ed9 b\u1ec1n cao khi s\u1eed d\u1ee5ng.<\/p>\n<p>B\u01a1m ti\u00eam 3ml Vinahankook kh\u1eed tr\u00f9ng b\u1eb1ng kh\u00ed EO, s\u1ea3n xu\u1ea5t tr\u00ean d\u00e2y chuy\u1ec1n hi\u1ec7n \u0111\u1ea1i, \u0111\u1ea3m b\u1ea3o an to\u00e0n v\u00e0 tr\u00e1nh l\u00e2y nhi\u1ec5m.<\/p>\n<p>Thi\u1ebft k\u1ebf b\u01a1m ti\u00eam nh\u1ecf g\u1ecdn, d\u1ec5 d\u00e0ng s\u1eed d\u1ee5ng. \u0110\u1ed3ng th\u1eddi, ph\u1ea7n th\u00e2n b\u01a1m ti\u00eam \u0111\u01b0\u1ee3c l\u00e0m t\u1eeb ch\u1ea5t li\u1ec7u kh\u00f4ng m\u00e0u n\u00ean d\u1ec5 quan s\u00e1t dung t\u00edch c\u1ee7a thu\u1ed1c trong b\u01a1m, \u0111\u1eb7c bi\u1ec7t l\u00e0 nh\u1eefng lo\u1ea1i d\u1ecbch thu\u1ed1c kh\u00f4ng m\u00e0u.<\/p>","protected":false},"excerpt":{"rendered":"<p><strong>B\u01a1m ti\u00eam 3ml Vinahankook<\/strong> \u0111\u01b0\u1ee3c kh\u1eed tr\u00f9ng b\u1eb1ng kh\u00ed E.O.\u00a0Vinahankook s\u1ea3n xu\u1ea5t theo c\u00f4ng ngh\u1ec7 H\u00e0n Qu\u1ed1c \u0111\u1ea3m b\u1ea3o\u00a0v\u00f4 tr\u00f9ng, kh\u00f4ng g\u00e2y\u00a0\u0111\u1ed9c,\u00a0kh\u00f4ng g\u00e2y s\u1ed1t<\/p>","protected":false},"featured_media":8365,"comment_status":"open","ping_status":"closed","template":"","meta":{"_acf_changed":false,"rank_math_lock_modified_date":false},"product_cat":[883,158,149],"product_tag":[],"class_list":{"0":"post-1148","1":"product","2":"type-product","3":"status-publish","4":"has-post-thumbnail","6":"product_cat-bom-tiem-kim-chich-kim-tiem","7":"product_cat-vat-tu-tieu-hao","8":"product_cat-vat-tu-y-te","10":"first","11":"instock","12":"shipping-taxable","13":"purchasable","14":"product-type-simple"},"acf":[],"_links":{"self":[{"href":"https:\/\/ykhoathongminh.com\/en\/wp-json\/wp\/v2\/product\/1148"}],"collection":[{"href":"https:\/\/ykhoathongminh.com\/en\/wp-json\/wp\/v2\/product"}],"about":[{"href":"https:\/\/ykhoathongminh.com\/en\/wp-json\/wp\/v2\/types\/product"}],"replies":[{"embeddable":true,"href":"https:\/\/ykhoathongminh.com\/en\/wp-json\/wp\/v2\/comments?post=1148"}],"wp:featuredmedia":[{"embeddable":true,"href":"https:\/\/ykhoathongminh.com\/en\/wp-json\/wp\/v2\/media\/8365"}],"wp:attachment":[{"href":"https:\/\/ykhoathongminh.com\/en\/wp-json\/wp\/v2\/media?parent=1148"}],"wp:term":[{"taxonomy":"product_cat","embeddable":true,"href":"https:\/\/ykhoathongminh.com\/en\/wp-json\/wp\/v2\/product_cat?post=1148"},{"taxonomy":"product_tag","embeddable":true,"href":"https:\/\/ykhoathongminh.com\/en\/wp-json\/wp\/v2\/product_tag?post=1148"}],"curies":[{"name":"wp","href":"https:\/\/api.w.org\/{rel}","templated":true}]}}