{"id":1149,"date":"2024-07-22T15:07:12","date_gmt":"2024-07-22T15:07:12","guid":{"rendered":"https:\/\/ykhoathongminh.com\/?post_type=product&#038;p=1149"},"modified":"2024-09-07T09:44:26","modified_gmt":"2024-09-07T09:44:26","slug":"kim-lay-mau-4-canh-pt-hop-100-kim","status":"publish","type":"product","link":"https:\/\/ykhoathongminh.com\/en\/product\/kim-lay-mau-4-canh-pt-hop-100-kim\/","title":{"rendered":"Kim l\u1ea5y m\u00e1u 4 c\u1ea1nh PT h\u1ed9p 100 kim"},"content":{"rendered":"<div id=\"detail-content-0\" class=\"ingredient\">\n<div>\n<p>Kim g\u1ed3m hai ph\u1ea7n: Th\u00e2n b\u1eb1ng nh\u1ef1a y t\u1ebf.<\/p>\n<p>\u0110\u1ea7u kim: B\u1eb1ng kim lo\u1ea1i ti\u1ec7t tr\u00f9ng, \u0111\u01b0\u1ee3c b\u1ea3o v\u1ec7 b\u1eb1ng ch\u1ee5p nh\u1ef1a y t\u1ebf ti\u1ec7t tr\u00f9ng.<\/p>\n<\/div>\n<\/div>\n<div id=\"detail-content-1\" class=\"usage\">\n<h2 class=\"css-8uyn92\">C\u00f4ng d\u1ee5ng cu\u0309a Kim l\u1ea5y m\u00e1u Blood Lancets Greetmed<\/h2>\n<div>\n<p>Kim l\u1ea5y m\u00e1u s\u1ebd \u0111\u01b0\u1ee3c l\u1eafp v\u00e0o b\u00fat l\u1ea5y m\u00e1u \u0111\u1ec3 l\u1ea5y m\u00e1u th\u1eed \u0111\u01b0\u1eddng huy\u1ebft.<\/p>\n<\/div>\n<\/div>","protected":false},"excerpt":{"rendered":"<p>Kim L\u1ea5y M\u00e1u D\u00f9ng Cho M\u00e1y Ti\u1ec3u \u0110\u01b0\u1eddng Greetmed 30G H\u1ed9p 100 C\u00e1i \u0111\u01b0\u1ee3c d\u00f9ng cho c\u00e1c lo\u1ea1i b\u00fat l\u1ea5y m\u00e1u c\u1ee7a m\u00e1y \u0111o \u0111\u01b0\u1eddng huy\u1ebft. Th\u00e2n kim tr\u00f2n, \u0111\u01b0\u1ee3c ti\u1ec7t tr\u00f9ng t\u1eebng kim, h\u1ea1n s\u1eed d\u1ee5ng l\u00e2u d\u00e0i.<\/p>","protected":false},"featured_media":3960,"comment_status":"open","ping_status":"closed","template":"","meta":{"_acf_changed":false,"rank_math_lock_modified_date":false},"product_cat":[25,48],"product_tag":[],"class_list":{"0":"post-1149","1":"product","2":"type-product","3":"status-publish","4":"has-post-thumbnail","6":"product_cat-cham-soc-nguoi-benh-tieu-duong","7":"product_cat-phu-kien-may-tieu-duong","9":"first","10":"instock","11":"shipping-taxable","12":"purchasable","13":"product-type-simple"},"acf":[],"_links":{"self":[{"href":"https:\/\/ykhoathongminh.com\/en\/wp-json\/wp\/v2\/product\/1149"}],"collection":[{"href":"https:\/\/ykhoathongminh.com\/en\/wp-json\/wp\/v2\/product"}],"about":[{"href":"https:\/\/ykhoathongminh.com\/en\/wp-json\/wp\/v2\/types\/product"}],"replies":[{"embeddable":true,"href":"https:\/\/ykhoathongminh.com\/en\/wp-json\/wp\/v2\/comments?post=1149"}],"wp:featuredmedia":[{"embeddable":true,"href":"https:\/\/ykhoathongminh.com\/en\/wp-json\/wp\/v2\/media\/3960"}],"wp:attachment":[{"href":"https:\/\/ykhoathongminh.com\/en\/wp-json\/wp\/v2\/media?parent=1149"}],"wp:term":[{"taxonomy":"product_cat","embeddable":true,"href":"https:\/\/ykhoathongminh.com\/en\/wp-json\/wp\/v2\/product_cat?post=1149"},{"taxonomy":"product_tag","embeddable":true,"href":"https:\/\/ykhoathongminh.com\/en\/wp-json\/wp\/v2\/product_tag?post=1149"}],"curies":[{"name":"wp","href":"https:\/\/api.w.org\/{rel}","templated":true}]}}