{"id":1150,"date":"2024-07-22T15:07:12","date_gmt":"2024-07-22T15:07:12","guid":{"rendered":"https:\/\/ykhoathongminh.com\/?post_type=product&#038;p=1150"},"modified":"2024-09-07T09:46:13","modified_gmt":"2024-09-07T09:46:13","slug":"can-nha-bep-tanita-kd-187","status":"publish","type":"product","link":"https:\/\/ykhoathongminh.com\/en\/product\/can-nha-bep-tanita-kd-187\/","title":{"rendered":"C\u00e2n Nh\u00e0 b\u1ebfp Tanita KD-187"},"content":{"rendered":"<h2>C\u00e2n Nh\u00e0 b\u1ebfp Tanita KD-187 :<\/h2>\n<p>L\u00e0 c\u00e2n \u0111i\u1ec7n t\u1eed Tanita Nh\u1eadt b\u1ec1n b\u0129, d\u1ec5 s\u1ef1 d\u1ee5ng, gi\u00e1 r\u1ebb nh\u1ea5t , \u0111\u1ec3 c\u00e2n thu\u1ed1c b\u1eafc, c\u00e2n y\u1ebfn, c\u00e2n th\u1ef1c ph\u1ea9m dinh d\u01b0\u1ee1ng cho gymer, c\u00e2n \u0111\u01b0\u1eddng tr\u1ee9ng s\u1eeda l\u00e0m b\u00e1nh, c\u00e2n g\u00e0 \u0111\u00e1&#8230; r\u1ea5t hi\u1ec7u qu\u1ea3 v\u00e0 b\u1ec1n b\u0129.<\/p>\n<p>&nbsp;<\/p>\n<h2>T\u00ednh n\u0103ng c\u1ee7a C\u00e2n Nh\u00e0 b\u1ebfp Tanita KD-187 :<\/h2>\n<p>&#8211; C\u00e2n Nh\u00e0 b\u1ebfp KD-187 Tanita l\u00e0 ho\u00e0n h\u1ea3o \u0111\u1ed1i v\u1edbi tr\u1ecdng l\u01b0\u1ee3ng th\u1ef1c ph\u1ea9m \u0111\u1ec3 h\u1ed7 tr\u1ee3 cho b\u1ea1n v\u1edbi ch\u1ebf \u0111\u1ed9 \u0103n u\u1ed1ng qu\u1ea3n l\u00fd.<\/p>\n<p>&#8211; C\u00e2n Nh\u00e0 b\u1ebfp KD-187 l\u00e0 s\u1ea3n ph\u1ea9m d\u00f9ng pin b\u00e1n ch\u1ea1y nh\u1ea5t c\u1ee7a Tanita.<\/p>\n<p>&#8211; C\u00e2n k\u1ef9 thu\u1eadt s\u1ed1 Tanita KD-187 d\u00f9ng trong quy m\u00f4 nh\u00e0 b\u1ebfp l\u00e0 ho\u00e0n h\u1ea3o \u0111\u1ec3 x\u00e1c \u0111\u1ecbnh th\u00e0nh ph\u1ea7n n\u1ea5u \u0103n, ho\u1eb7c \u0111o l\u01b0\u1eddng k\u00edch th\u01b0\u1edbc ph\u1ea7n cho ch\u1ea5t dinh d\u01b0\u1ee1ng.<\/p>\n<p>-Ngo\u00e0i ra c\u00f2n \u0111\u01b0\u1ee3c s\u1eed d\u1ee5ng cho nhi\u1ec1u vi\u1ec7c trong c\u00e1c h\u1ed9 gia \u0111\u00ecnh, ch\u1eb3ng h\u1ea1n nh\u01b0 tr\u1ecdng l\u01b0\u1ee3ng th\u01b0 cho b\u01b0u ch\u00ednh, h\u00e0ng th\u1ee7 c\u00f4ng, ho\u1eb7c th\u1eadm ch\u00ed \u0111\u1ec3 c\u00e2n c\u00e1c \u0111\u1ed9ng v\u1eadt nh\u1ecf.<\/p>\n<p>&nbsp;<\/p>","protected":false},"excerpt":{"rendered":"<ul>\n<li>C\u00e2n \u0111i\u1ec7n t\u1eed nh\u00e0 b\u1ebfp TANITA KD187 &#8211; 1kg<\/li>\n<li>Ch\u1ee9c n\u0103ng t\u1ef1 \u0111\u1ed9ng t\u1eaft ngu\u1ed3n ti\u1ebft ki\u1ec7m n\u0103ng l\u01b0\u1ee3ng.<\/li>\n<li>Ch\u1ee9c n\u0103ng TARE cho ph\u00e9p th\u00eam t\u00f4 \u0111\u1ef1ng m\u00e0 kh\u00f4ng l\u00e0m thay \u0111\u1ed5i kh\u1ed1i l\u01b0\u1ee3ng v\u1eadt c\u1ea7n \u0111o.<\/li>\n<li>C\u00f3 s\u1eb5n t\u00f4 \u0111\u1ef1ng<\/li>\n<\/ul>","protected":false},"featured_media":4445,"comment_status":"open","ping_status":"closed","template":"","meta":{"_acf_changed":false,"rank_math_lock_modified_date":false},"product_cat":[1342,1343],"product_tag":[],"class_list":{"0":"post-1150","1":"product","2":"type-product","3":"status-publish","4":"has-post-thumbnail","6":"product_cat-cham-soc-ca-nhan","7":"product_cat-thiet-bi-cham-soc-gia-dinh","9":"first","10":"instock","11":"shipping-taxable","12":"purchasable","13":"product-type-simple"},"acf":[],"_links":{"self":[{"href":"https:\/\/ykhoathongminh.com\/en\/wp-json\/wp\/v2\/product\/1150"}],"collection":[{"href":"https:\/\/ykhoathongminh.com\/en\/wp-json\/wp\/v2\/product"}],"about":[{"href":"https:\/\/ykhoathongminh.com\/en\/wp-json\/wp\/v2\/types\/product"}],"replies":[{"embeddable":true,"href":"https:\/\/ykhoathongminh.com\/en\/wp-json\/wp\/v2\/comments?post=1150"}],"wp:featuredmedia":[{"embeddable":true,"href":"https:\/\/ykhoathongminh.com\/en\/wp-json\/wp\/v2\/media\/4445"}],"wp:attachment":[{"href":"https:\/\/ykhoathongminh.com\/en\/wp-json\/wp\/v2\/media?parent=1150"}],"wp:term":[{"taxonomy":"product_cat","embeddable":true,"href":"https:\/\/ykhoathongminh.com\/en\/wp-json\/wp\/v2\/product_cat?post=1150"},{"taxonomy":"product_tag","embeddable":true,"href":"https:\/\/ykhoathongminh.com\/en\/wp-json\/wp\/v2\/product_tag?post=1150"}],"curies":[{"name":"wp","href":"https:\/\/api.w.org\/{rel}","templated":true}]}}