{"id":1158,"date":"2024-07-22T15:07:12","date_gmt":"2024-07-22T15:07:12","guid":{"rendered":"https:\/\/ykhoathongminh.com\/?post_type=product&#038;p=1158"},"modified":"2024-09-21T08:04:28","modified_gmt":"2024-09-21T08:04:28","slug":"nep-bong-chay-orbe","status":"publish","type":"product","link":"https:\/\/ykhoathongminh.com\/en\/product\/nep-bong-chay-orbe\/","title":{"rendered":"N\u1eb8P B\u00d3NG CH\u00c0Y ORBE"},"content":{"rendered":"<h1>1.\u00a0 \u0110\u1eb7c \u0111i\u1ec3m:<\/h1>\n<ul>\n<li>Thanh n\u1eb9p \u0111\u01b0\u1ee3c l\u00e0m b\u1eb1ng h\u1ee3p kim nh\u00f4m, l\u00f3t b\u00ean trong m\u1ed9t l\u1edbp x\u1ed1p m\u1ec1m.<\/li>\n<li>D\u1ec5 d\u00e0ng u\u1ed1n cong \u0111\u1ec3 gi\u1eef ng\u00f3n tay \u1edf \u0111\u00fang v\u1ecb tr\u00ed ch\u1ee9c n\u0103ng khi s\u1eed d\u1ee5ng.<br \/>\n<h2><strong>2.\u00a0 Ch\u1ee9c n\u0103ng:<\/strong><\/h2>\n<ul>\n<li>C\u1ed1 \u0111\u1ecbnh kh\u1edbp ng\u00f3n tay \u1edf v\u1ecb tr\u00ed ch\u1ee9c n\u0103ng khi b\u1ecb ch\u1ea5n th\u01b0\u01a1ng, t\u0103ng kh\u1ea3 n\u0103ng \u0111i\u1ec1u tr\u1ecb v\u00e0 b\u1ea3o v\u1ec7 ng\u00f3n tay kh\u1ecfi nh\u1eefng t\u1ed5n th\u01b0\u01a1ng c\u00f3 th\u1ec3 x\u1ea3y ra.<\/li>\n<li>C\u1ed1 \u0111\u1ecbnh v\u00e0 b\u1ea3o v\u1ec7 g\u00e3y x\u01b0\u01a1ng \u0111\u1ed1t tay ngo\u1ea1i bi\u00ean.<\/li>\n<\/ul>\n<h3><strong>3.\u00a0 Ch\u1ec9 \u0111\u1ecbnh:<\/strong><\/h3>\n<ul>\n<li>Ch\u1ea5n th\u01b0\u01a1ng \u1edf \u0111\u1ea7u ng\u00f3n tay.<\/li>\n<li>G\u00e3y x\u01b0\u01a1ng ng\u00f3n tay.<\/li>\n<li>T\u1ed5n th\u01b0\u01a1ng \u0111\u1ed1t ng\u00f3n tay.<\/li>\n<\/ul>\n<h4><strong>4.\u00a0 B\u1ea3o qu\u1ea3n:<\/strong><\/h4>\n<ul>\n<li>\u0110\u1ec3 n\u01a1i kh\u00f4 m\u00e1t.<\/li>\n<li>C\u00f3 th\u1ec3 gi\u1eb7t b\u1eb1ng tay trong n\u01b0\u1edbc x\u00e0 ph\u00f2ng, ph\u01a1i kh\u00f4 n\u01a1i tho\u00e1ng.<\/li>\n<li>Kh\u00f4ng gi\u1eb7t v\u00e0 l\u00e0m kh\u00f4 b\u1eb1ng m\u00e1y (kh\u00f4ng d\u00f9ng thu\u1ed1c t\u1ea9y).<\/li>\n<\/ul>\n<\/li>\n<\/ul>","protected":false},"excerpt":{"rendered":"<div class=\"woocommerce-product-details__short-description entry\">\n<ul>\n<li>C\u1ed1 \u0111\u1ecbnh kh\u1edbp ng\u00f3n tay \u1edf v\u1ecb tr\u00ed ch\u1ee9c n\u0103ng khi b\u1ecb ch\u1ea5n th\u01b0\u01a1ng, t\u0103ng kh\u1ea3 n\u0103ng \u0111i\u1ec1u tr\u1ecb v\u00e0 b\u1ea3o v\u1ec7 ng\u00f3n tay kh\u1ecfi nh\u1eefng t\u1ed5n th\u01b0\u01a1ng c\u00f3 th\u1ec3 x\u1ea3y ra.<\/li>\n<li>C\u1ed1 \u0111\u1ecbnh v\u00e0 b\u1ea3o v\u1ec7 g\u00e3y x\u01b0\u01a1ng \u0111\u1ed1t tay ngo\u1ea1i bi\u00ean.<\/li>\n<\/ul>\n<\/div>\n<form class=\"cart\" enctype=\"multipart\/form-data\" method=\"post\" action=\"\">\n<div class=\"btn-action\"><\/div>\n<input type=\"hidden\" name=\"trp-form-language\" value=\"en\"\/><\/form>","protected":false},"featured_media":7093,"comment_status":"open","ping_status":"closed","template":"","meta":{"_acf_changed":false,"rank_math_lock_modified_date":false},"product_cat":[490,732],"product_tag":[],"class_list":{"0":"post-1158","1":"product","2":"type-product","3":"status-publish","4":"has-post-thumbnail","6":"product_cat-dai-nep-chan-thuong","7":"product_cat-dai-nep-tay","9":"first","10":"instock","11":"shipping-taxable","12":"purchasable","13":"product-type-simple"},"acf":[],"_links":{"self":[{"href":"https:\/\/ykhoathongminh.com\/en\/wp-json\/wp\/v2\/product\/1158"}],"collection":[{"href":"https:\/\/ykhoathongminh.com\/en\/wp-json\/wp\/v2\/product"}],"about":[{"href":"https:\/\/ykhoathongminh.com\/en\/wp-json\/wp\/v2\/types\/product"}],"replies":[{"embeddable":true,"href":"https:\/\/ykhoathongminh.com\/en\/wp-json\/wp\/v2\/comments?post=1158"}],"wp:featuredmedia":[{"embeddable":true,"href":"https:\/\/ykhoathongminh.com\/en\/wp-json\/wp\/v2\/media\/7093"}],"wp:attachment":[{"href":"https:\/\/ykhoathongminh.com\/en\/wp-json\/wp\/v2\/media?parent=1158"}],"wp:term":[{"taxonomy":"product_cat","embeddable":true,"href":"https:\/\/ykhoathongminh.com\/en\/wp-json\/wp\/v2\/product_cat?post=1158"},{"taxonomy":"product_tag","embeddable":true,"href":"https:\/\/ykhoathongminh.com\/en\/wp-json\/wp\/v2\/product_tag?post=1158"}],"curies":[{"name":"wp","href":"https:\/\/api.w.org\/{rel}","templated":true}]}}