{"id":1161,"date":"2024-07-22T15:07:13","date_gmt":"2024-07-22T15:07:13","guid":{"rendered":"https:\/\/ykhoathongminh.com\/?post_type=product&#038;p=1161"},"modified":"2025-04-23T07:03:32","modified_gmt":"2025-04-23T07:03:32","slug":"bang-dai-desault-co-dinh-khop-vai-h1-orbe","status":"publish","type":"product","link":"https:\/\/ykhoathongminh.com\/en\/product\/bang-dai-desault-co-dinh-khop-vai-h1-orbe\/","title":{"rendered":"B\u0103ng \u0110ai Desault c\u1ed1 \u0111\u1ecbnh kh\u1edbp vai H1 Orbe"},"content":{"rendered":"<h2><strong>M\u1ed9t v\u00e0i \u0111\u1eb7c \u0111i\u1ec3m n\u1ed5i b\u1eadt c\u1ee7a B\u0103ng \u0110ai Desault c\u1ed1 \u0111\u1ecbnh kh\u1edbp vai H1 Orbe:<\/strong><\/h2>\n<ul>\n<li>\u0110\u1ed1i v\u1edbi nh\u1eefng b\u1ec7nh nh\u00e2n m\u1edbi tr\u1ea3i qua ph\u1eabu thu\u1eadt v\u00f9ng kh\u1edbp vai, \u0111au vai, kh\u00f4ng nh\u1ea5c \u0111\u01b0\u1ee3c c\u00e1nh tay \u0111ang trong qu\u00e1 tr\u00ecnh \u0111i\u1ec1u tr\u1ecb c\u00e1c b\u00e1c s\u1ef9 s\u1ebd ch\u1ec9 \u0111\u1ecbnh s\u1eed d\u1ee5ng b\u0103ng \u0111\u1ec3 c\u1ed1 \u0111\u1ecbnh tr\u00e1nh nh\u1eefng t\u1ed5n th\u01b0\u01a1ng khi di chuy\u1ec3n.<\/li>\n<li>Nhi\u1ec1u b\u1ec7nh nh\u00e2n lo ng\u1ea1i vi\u1ec7c s\u1eed d\u1ee5ng b\u0103ng trong m\u1ed9t th\u1eddi gian d\u00e0i c\u00f3 th\u1ec3 d\u1eabn \u0111\u1ebfn m\u1ea9n ng\u1ee9a, vi\u00eam lo\u00e9t. Tuy nhi\u00ean v\u1edbi b\u0103ng c\u1ed1 \u0111\u1ecbnh kh\u1edbp vai Orbe b\u1ea1n ho\u00e0n to\u00e0n kh\u00f4ng ph\u1ea3i lo l\u1eafng b\u1edfi s\u1ea3n ph\u1ea9m \u0111\u01b0\u01a1c s\u1ea3n xu\u1ea5t 100% t\u1eeb cotton c\u1ed9ng th\u00eam c\u00e1c l\u1ed7 tho\u00e1t kh\u00ed gi\u00fap t\u1ea1o c\u1ea3m gi\u00e1c tho\u1ea3i m\u00e1i m\u1ed9t c\u00e1ch t\u1ed1i \u0111a cho ng\u01b0\u1eddi b\u1ec7nh. \u01afu \u0111i\u1ec3m n\u00e0y \u0111\u00e3 \u0111\u01b0\u1ee3c ki\u1ec3m nghi\u1ec7m th\u1ef1c t\u1ebf v\u00e0 c\u00f3 gi\u1ea5y ch\u1ee9ng nh\u1eadn.<\/li>\n<li>S\u1ea3n ph\u1ea9m kh\u00f4ng ch\u1ec9 co d\u00e3n t\u1ed1t m\u00e0 c\u00f2n \u0111\u01b0\u1ee3c trang b\u1ecb kh\u00f3a Velcro (b\u0103ng nh\u00e1m d\u00ednh) d\u1ec5 d\u00e0ng s\u1eed d\u1ee5ng. S\u1ea3n ph\u1ea9m c\u00f3 nhi\u1ec1u k\u00edch c\u1ee1 \u0111\u1ec3 l\u1ef1a ch\u1ecdn, ph\u00f9 h\u1ee3p v\u1edbi m\u1ecdi l\u1ee9a tu\u1ed5i, d\u1ec5 b\u1ea3o qu<\/li>\n<\/ul>","protected":false},"excerpt":{"rendered":"<ul>\n<li>T\u00ednh c\u1ed1 \u0111\u1ecbnh cao v\u00e0o t\u1ea1o c\u1ea3m gi\u00e1c d\u1ec5 ch\u1ecbu, tho\u1ea3i m\u00e1i<\/li>\n<li>Nhi\u1ec1u k\u00edch c\u1ee1 \u0111\u1ec3 l\u1ef1a ch\u1ecdn, d\u1ec5 b\u1ea3o qu\u1ea3n, d\u1ec5 v\u1ec7 sinh<\/li>\n<li>V\u1eadt li\u1ec7u cao c\u1ea5p, s\u1ea3n xu\u1ea5t t\u1ea1i Vi\u1ec7t Nam<\/li>\n<\/ul>","protected":false},"featured_media":7192,"comment_status":"open","ping_status":"closed","template":"","meta":{"_acf_changed":false,"rank_math_lock_modified_date":false},"product_cat":[490,713],"product_tag":[],"class_list":{"0":"post-1161","1":"product","2":"type-product","3":"status-publish","4":"has-post-thumbnail","6":"product_cat-dai-nep-chan-thuong","7":"product_cat-dai-nep-vai-xuong-don","9":"first","10":"instock","11":"shipping-taxable","12":"purchasable","13":"product-type-variable"},"acf":[],"_links":{"self":[{"href":"https:\/\/ykhoathongminh.com\/en\/wp-json\/wp\/v2\/product\/1161"}],"collection":[{"href":"https:\/\/ykhoathongminh.com\/en\/wp-json\/wp\/v2\/product"}],"about":[{"href":"https:\/\/ykhoathongminh.com\/en\/wp-json\/wp\/v2\/types\/product"}],"replies":[{"embeddable":true,"href":"https:\/\/ykhoathongminh.com\/en\/wp-json\/wp\/v2\/comments?post=1161"}],"wp:featuredmedia":[{"embeddable":true,"href":"https:\/\/ykhoathongminh.com\/en\/wp-json\/wp\/v2\/media\/7192"}],"wp:attachment":[{"href":"https:\/\/ykhoathongminh.com\/en\/wp-json\/wp\/v2\/media?parent=1161"}],"wp:term":[{"taxonomy":"product_cat","embeddable":true,"href":"https:\/\/ykhoathongminh.com\/en\/wp-json\/wp\/v2\/product_cat?post=1161"},{"taxonomy":"product_tag","embeddable":true,"href":"https:\/\/ykhoathongminh.com\/en\/wp-json\/wp\/v2\/product_tag?post=1161"}],"curies":[{"name":"wp","href":"https:\/\/api.w.org\/{rel}","templated":true}]}}