{"id":1162,"date":"2024-07-22T15:07:13","date_gmt":"2024-07-22T15:07:13","guid":{"rendered":"https:\/\/ykhoathongminh.com\/?post_type=product&#038;p=1162"},"modified":"2024-09-27T06:59:32","modified_gmt":"2024-09-27T06:59:32","slug":"bang-thun-on-dinh-co-chan-orbe","status":"publish","type":"product","link":"https:\/\/ykhoathongminh.com\/en\/product\/bang-thun-on-dinh-co-chan-orbe\/","title":{"rendered":"B\u0103ng thun \u1ed5n \u0111\u1ecbnh c\u1ed5 ch\u00e2n Orbe"},"content":{"rendered":"<p>\u2013 B\u0103ng thun \u1ed5n \u0111\u1ecbnh c\u1ed5 ch\u00e2n Orbe \u00a0\u0111\u01b0\u1ee3c thi\u1ebft k\u1ebf b\u1edfi v\u1eadt li\u1ec7u Neoprene v\u1edbi kh\u00f3a velcro c\u00f3 th\u1ec3 \u0111i\u1ec1u ch\u1ec9nh s\u1eed d\u1ee5ng d\u1ec5 d\u00e0ng. Ch\u1ea5t li\u1ec7u Neoprene gi\u1eef n\u00f3ng gi\u00fap cho mau ch\u00f3ng l\u00e0nh c\u00e1c tr\u01b0\u1eddng h\u1ee3p vi\u00eam, ch\u1ea5n th\u01b0\u01a1ng.<\/p>\n<p>\u2013 B\u0103ng thun \u1ed5n \u0111\u1ecbnh c\u1ed5 ch\u00e2n Orbe gi\u00fap h\u1ed7 tr\u1ee3 v\u1eadn \u0111\u1ed9ng kh\u1edbp c\u1ed5 ch\u00e2n, \u0111\u01b0\u1ee3c ch\u1ec9 \u0111\u1ecbnh trong c\u00e1c tr\u01b0\u1eddng h\u1ee3p: c\u1ea7n h\u1ed7 tr\u1ee3 khi v\u1eadn \u0111\u1ed9ng, \u0111au, vi\u00eam kh\u1edbp, gi\u00e3n d\u00e2y ch\u1eb1ng ho\u1eb7c ch\u1ea5n th\u01b0\u01a1ng ho\u1eb7c ch\u1ea5n th\u01b0\u01a1ng nh\u1eb9 kh\u1edbp c\u1ed5 ch\u00e2n c\u0169ng nh\u01b0 n\u1eafn tr\u1eadt kh\u1edbp c\u1ed5 ch\u00e2n<\/p>\n<p>&nbsp;<\/p>","protected":false},"excerpt":{"rendered":"<ul>\n<li>M\u1ec1m m\u1ea1i, \u0111\u00e0n h\u1ed3i t\u1ed1t, tho\u1ea3i m\u00e1i, tho\u00e1ng kh\u00ed.<\/li>\n<li>B\u0103ng c\u1ed5 ch\u00e2n \u0111\u01b0\u1ee3c thi\u1ebft k\u1ebf v\u1edbi kh\u00f3a d\u00e1n linh ho\u1ea1t, d\u1ec5 d\u00e0ng \u0111i\u1ec1u ch\u1ec9nh t\u00f9y theo k\u00edch th\u01b0\u1edbc b\u00e0n ch\u00e2n.<\/li>\n<li>Gi\u00fap ph\u1ea7n c\u1ed5 ch\u00e2n, m\u1eaft c\u00e1 tr\u00e1nh g\u1eb7p ph\u1ea3i nh\u1eefng ch\u1ea5n th\u01b0\u01a1ng kh\u00f4ng \u0111\u00e1ng c\u00f3 trong qu\u00e1 tr\u00ecnh v\u1eadn \u0111\u1ed9ng, th\u1ec3 d\u1ee5c th\u1ec3 thao..<\/li>\n<li>H\u1ed7 tr\u1ee3 \u0111\u1ea9y nhanh qu\u00e1 tr\u00ecnh h\u1ed3i ph\u1ee5c ch\u1ea5n th\u01b0\u01a1ng nh\u01b0 : vi\u00eam kh\u1edbp, b\u00f4ng g\u00e2n\u2026<\/li>\n<li>D\u00f9ng \u0111\u01b0\u1ee3c cho c\u1ea3 nam v\u00e0 n\u1eef.<\/li>\n<\/ul>","protected":false},"featured_media":6688,"comment_status":"open","ping_status":"closed","template":"","meta":{"_acf_changed":false,"rank_math_lock_modified_date":false},"product_cat":[714,490,1361],"product_tag":[],"class_list":{"0":"post-1162","1":"product","2":"type-product","3":"status-publish","4":"has-post-thumbnail","6":"product_cat-dai-nep-chan-dai-nep-chan-thuong","7":"product_cat-dai-nep-chan-thuong","8":"product_cat-dai-nep-co-chan-mat-ca","10":"first","11":"instock","12":"shipping-taxable","13":"purchasable","14":"product-type-variable"},"acf":[],"_links":{"self":[{"href":"https:\/\/ykhoathongminh.com\/en\/wp-json\/wp\/v2\/product\/1162"}],"collection":[{"href":"https:\/\/ykhoathongminh.com\/en\/wp-json\/wp\/v2\/product"}],"about":[{"href":"https:\/\/ykhoathongminh.com\/en\/wp-json\/wp\/v2\/types\/product"}],"replies":[{"embeddable":true,"href":"https:\/\/ykhoathongminh.com\/en\/wp-json\/wp\/v2\/comments?post=1162"}],"wp:featuredmedia":[{"embeddable":true,"href":"https:\/\/ykhoathongminh.com\/en\/wp-json\/wp\/v2\/media\/6688"}],"wp:attachment":[{"href":"https:\/\/ykhoathongminh.com\/en\/wp-json\/wp\/v2\/media?parent=1162"}],"wp:term":[{"taxonomy":"product_cat","embeddable":true,"href":"https:\/\/ykhoathongminh.com\/en\/wp-json\/wp\/v2\/product_cat?post=1162"},{"taxonomy":"product_tag","embeddable":true,"href":"https:\/\/ykhoathongminh.com\/en\/wp-json\/wp\/v2\/product_tag?post=1162"}],"curies":[{"name":"wp","href":"https:\/\/api.w.org\/{rel}","templated":true}]}}