{"id":1165,"date":"2024-07-22T15:07:34","date_gmt":"2024-07-22T15:07:34","guid":{"rendered":"https:\/\/ykhoathongminh.com\/?post_type=product&#038;p=1165"},"modified":"2024-09-27T05:10:58","modified_gmt":"2024-09-27T05:10:58","slug":"bang-thun-goi-h5-orbe","status":"publish","type":"product","link":"https:\/\/ykhoathongminh.com\/en\/product\/bang-thun-goi-h5-orbe\/","title":{"rendered":"B\u0103ng thun g\u1ed1i H5 Orbe"},"content":{"rendered":"<h2><strong>\u01afu \u0111i\u1ec3m<\/strong><strong>\u00a0n\u1ed5i b\u1eadt c\u1ee7a b\u0103ng thun g\u1ed1i H5 Orbe:<\/strong><\/h2>\n<ul>\n<li><strong>B\u0103ng thun g\u1ed1i H5 Orbe<\/strong>\u00a0\u0111\u01b0\u1ee3c t\u1ea1o th\u00e0nh b\u1edfi v\u1eadt li\u1ec7u l\u00e0 neoprene, kh\u00f3a Velcro v\u00e0 n\u1eb9p l\u00e0 h\u1ee3p kim nh\u00f4m.<\/li>\n<li>Trong \u0111\u00f3 thi\u1ebft k\u1ebf 2 d\u00e2y \u0111ai Velcro tr\u00ean v\u00e0 d\u01b0\u1edbi\u00a0 gi\u00fap t\u0103ng t\u00ednh n\u0103ng c\u1ed1 \u0111\u1ecbnh c\u1ee7a s\u1ea3n ph\u1ea9m;\u00a0 thanh n\u1eb9p nh\u00f4m 2 b\u00ean g\u1ea5p m\u1edf 180\u00b0 gi\u00fap g\u1ea5p m\u1edf g\u1ed1i d\u1ec5 d\u00e0ng. \u0110\u1eb7c bi\u1ec7t,<strong>\u00a0B\u0103ng thun g\u1ed1i H5 Orbe<\/strong>\u00a0c\u00f2n c\u00f3 thi\u1ebft k\u1ebf m\u1edf ph\u00eda tr\u01b0\u1edbc gi\u00fap d\u1ec5 th\u00e1o l\u1eafp , ti\u1ec7n l\u1ee3i khi s\u1eed d\u1ee5ng.<\/li>\n<li>S\u1ea3n ph\u1ea9m d\u1ec5 d\u00e0ng s\u1eed d\u1ee5ng cho c\u1ea3 g\u1ed1i tr\u00e1i v\u00e0 g\u1ed1i ph\u1ea3i, v\u1edbi h\u1ec7 th\u1ed1ng kh\u00f3a Velcro gi\u00fap thao t\u00e1c s\u1eed d\u1ee5ng nhanh v\u00e0 chu\u1ea9n x\u00e1c.<\/li>\n<li>S\u1ea3n ph\u1ea9m ph\u00e1t huy t\u1ed1i \u0111a c\u00f4ng d\u1ee5ng, \u0111\u1ed3ng th\u1eddi \u0111\u1ea3m b\u1ea3o t\u00ednh th\u1eddi trang, th\u1ea9m m\u1ef9, t\u0103ng s\u1ef1 t\u1ef1 tin cho ng\u01b0\u1eddi b\u1ec7nh<br \/>\n<h2><strong>B\u0103ng thun g\u1ed1i H5 Orbe \u0111\u01b0\u1ee3c ch\u1ec9 \u0111\u1ecbnh trong tr\u01b0\u1eddng h\u1ee3p n\u00e0o?<\/strong><\/h2>\n<p><strong>B\u0103ng thun g\u1ed1i H5 Orbe<\/strong>\u00a0\u0111\u01b0\u1ee3c ch\u1ec9 \u0111\u1ecbnh tr\u00ean m\u1ed9t s\u1ed1 b\u1ec7nh nh\u00e2n v\u1edbi c\u00e1c m\u1ee5c \u0111\u00edch sau:<\/p>\n<ul>\n<li>S\u01a1 c\u1ee9u ch\u1ea5n th\u01b0\u01a1ng th\u00f4ng th\u01b0\u1eddng x\u01b0\u01a1ng b\u00e1nh ch\u00e8, kh\u1edbp g\u1ed1i. B\u1ec7nh nh\u00e2n sau khi \u0111\u01b0\u1ee3c c\u1ed1 \u0111\u1ecbnh b\u1eb1ng b\u0103ng thun g\u1ed1i n\u00ean \u0111\u01b0\u1ee3c \u0111\u01b0a \u0111\u1ebfn c\u01a1 s\u1edf y t\u1ebf \u0111\u1ec3 \u0111\u01b0\u1ee3c th\u0103m kh\u00e1m v\u00e0 \u0111i\u1ec1u tr\u1ecb \u0111\u00fang c\u00e1ch.<\/li>\n<li>Ng\u0103n ng\u1eeba ch\u1ea5n th\u01b0\u01a1ng trong khi v\u1eadn \u0111\u1ed9ng: Nh\u1eefng ng\u01b0\u1eddi ch\u01a1i th\u1ec3 thao, \u0111\u1eb7c bi\u1ec7t l\u00e0 nh\u1eefng m\u00f4n th\u1ec3 thao \u0111\u1ed1i kh\u00e1ng v\u00e0 c\u00f3 nguy c\u01a1 ch\u1ea5n th\u01b0\u01a1ng cao n\u00ean s\u1eed d\u1ee5ng\u00a0<strong>B\u0103ng thun g\u1ed1i H5 Orbe<\/strong>\u00a0\u0111\u1ec3 b\u1ea3o v\u1ec7 kh\u1edbp g\u1ed1i, ng\u0103n ng\u1eeba ch\u1ea5n th\u01b0\u01a1ng nghi\u00eam tr\u1ecdng n\u1ebfu c\u00f3 x\u1ea3y ra va ch\u1ea1m.<\/li>\n<li>H\u1ed7 tr\u1ee3 b\u1ec7nh nh\u00e2n trong th\u1eddi gian \u0111i\u1ec1u tr\u1ecb: Nh\u1eefng b\u1ec7nh nh\u00e2n m\u1eafc c\u00e1c b\u1ec7nh l\u00fd v\u1ec1 kh\u1edbp g\u1ed1i th\u01b0\u1eddng ph\u1ea3i tr\u1ea3i qua c\u00e1c c\u01a1n \u0111au kh\u1ee7ng khi\u1ebfp, nh\u1ea5t l\u00e0 trong khi di chuy\u1ec3n. Trong th\u1eddi gian n\u00e0y,\u00a0<strong>b\u0103ng thun g\u1ed1i H5 Orbe<\/strong>\u00a0\u0111\u01b0\u1ee3c ch\u1ec9 \u0111\u1ecbnh cho b\u1ec7nh nh\u00e2n khi c\u1ea7n \u0111i l\u1ea1i hay v\u1eadn \u0111\u1ed9ng \u0111\u1ec3 h\u1ea1n ch\u1ebf c\u1ea3m gi\u00e1c \u0111au cho b\u1ec7nh nh\u00e2n v\u00e0 ng\u0103n t\u00ecnh tr\u1ea1ng t\u1ed5n th\u01b0\u01a1ng nghi\u00eam tr\u1ecdng th\u00eam.<\/li>\n<\/ul>\n<\/li>\n<\/ul>","protected":false},"excerpt":{"rendered":"<p>C\u00e1c b\u1ec7nh v\u1ec1 kh\u1edbp g\u1ed1i c\u00f3 th\u1ec3 x\u1ea3y ra b\u1ea5t c\u1ee9 l\u00fac n\u00e0o v\u00e0 \u1edf b\u1ea5t c\u1ee9 \u0111\u1ed9 tu\u1ed5i n\u00e0o. Kh\u1edbp g\u1ed1i, c\u00f9ng v\u1edbi kh\u1edbp vai \u0111\u01b0\u1ee3c s\u1eed d\u1ee5ng nhi\u1ec1u nh\u1ea5t tr\u00ean c\u01a1 th\u1ec3. B\u1ea5t c\u1ee9 s\u1ef1 v\u1eadn \u0111\u1ed9ng n\u00e0o c\u0169ng \u00edt nhi\u1ec1u li\u00ean quan \u0111\u1ebfn kh\u1edbp g\u1ed1i. Do \u0111\u00f3, c\u00e1c b\u1ec7nh li\u00ean quan \u0111\u1ebfn kh\u1edbp g\u1ed1i r\u1ea5t d\u1ec5 x\u1ea3y ra. Hi\u1ec3u \u0111\u01b0\u1ee3c \u0111i\u1ec1u n\u00e0y, c\u00e1c chuy\u00ean gia y t\u1ebf \u0111\u00e3 nghi\u00ean c\u1ee9u v\u00e0 cho ra r\u1eddi\u00a0<strong>b\u0103ng thun g\u1ed1i H5 Orbe<\/strong>.\u00a0B\u0103ng thun g\u1ed1i H5 Orbe mang l\u1ea1i hi\u1ec7u qu\u1ea3 b\u1ea5t ng\u1edd cho ng\u01b0\u1eddi b\u1ec7nh sau th\u1eddi gian s\u1eed d\u1ee5ng.<\/p>","protected":false},"featured_media":6671,"comment_status":"open","ping_status":"closed","template":"","meta":{"_acf_changed":false,"rank_math_lock_modified_date":false},"product_cat":[714,490,1359],"product_tag":[],"class_list":{"0":"post-1165","1":"product","2":"type-product","3":"status-publish","4":"has-post-thumbnail","6":"product_cat-dai-nep-chan-dai-nep-chan-thuong","7":"product_cat-dai-nep-chan-thuong","8":"product_cat-dai-nep-dau-goi","10":"first","11":"instock","12":"shipping-taxable","13":"purchasable","14":"product-type-variable"},"acf":[],"_links":{"self":[{"href":"https:\/\/ykhoathongminh.com\/en\/wp-json\/wp\/v2\/product\/1165"}],"collection":[{"href":"https:\/\/ykhoathongminh.com\/en\/wp-json\/wp\/v2\/product"}],"about":[{"href":"https:\/\/ykhoathongminh.com\/en\/wp-json\/wp\/v2\/types\/product"}],"replies":[{"embeddable":true,"href":"https:\/\/ykhoathongminh.com\/en\/wp-json\/wp\/v2\/comments?post=1165"}],"wp:featuredmedia":[{"embeddable":true,"href":"https:\/\/ykhoathongminh.com\/en\/wp-json\/wp\/v2\/media\/6671"}],"wp:attachment":[{"href":"https:\/\/ykhoathongminh.com\/en\/wp-json\/wp\/v2\/media?parent=1165"}],"wp:term":[{"taxonomy":"product_cat","embeddable":true,"href":"https:\/\/ykhoathongminh.com\/en\/wp-json\/wp\/v2\/product_cat?post=1165"},{"taxonomy":"product_tag","embeddable":true,"href":"https:\/\/ykhoathongminh.com\/en\/wp-json\/wp\/v2\/product_tag?post=1165"}],"curies":[{"name":"wp","href":"https:\/\/api.w.org\/{rel}","templated":true}]}}