{"id":1166,"date":"2024-07-22T15:07:34","date_gmt":"2024-07-22T15:07:34","guid":{"rendered":"https:\/\/ykhoathongminh.com\/?post_type=product&#038;p=1166"},"modified":"2024-09-27T05:11:05","modified_gmt":"2024-09-27T05:11:05","slug":"bo-co-chan-the-thao-um","status":"publish","type":"product","link":"https:\/\/ykhoathongminh.com\/en\/product\/bo-co-chan-the-thao-um\/","title":{"rendered":"B\u00f3 c\u1ed5 ch\u00e2n th\u1ec3 thao UM"},"content":{"rendered":"<p><strong>\u0110\u1eb6C T\u00cdNH V\u00c0 H\u1ed6 TR\u1ee2<\/strong><\/p>\n<ul>\n<li>Thao ta\u0301c mang va\u0300o d\u00ea\u0303 da\u0300ng, ph\u00e2\u0300n go\u0301t \u00eam ba\u0309o \u0111a\u0309m \u00f4m khi\u0301t v\u01b0\u0300a v\u0103\u0323n, a\u0301p l\u01b0\u0323c t\u00f4\u0301t.<\/li>\n<li>Thi\u1ebft k\u1ebf th\u00f4ng minh. Ph\u1ea7n m\u1eaft c\u00e1 ch\u00e2n v\u00e0 g\u00f3t ch\u00e2n s\u1eed d\u1ee5ng c\u00f4ng ngh\u1ec7 \u0111an co gi\u00e3n 2 chi\u1ec1u, \u0111\u1ea3m b\u1ea3o \u00e1p l\u1ef1c ph\u00f9 h\u1ee3p t\u1eebng v\u1ecb tr\u00ed, t\u1ea1o s\u1ef1 tho\u1ea3i m\u00e1i t\u1ed1i \u0111a cho ng\u01b0\u1eddi s\u1eed d\u1ee5ng.<\/li>\n<li>C\u01b0\u0309 \u0111\u00f4\u0323ng m\u0103\u0301t ca\u0301 ch\u00e2n thoa\u0309i ma\u0301i va\u0300 phu\u0300 h\u01a1\u0323p c\u00e2\u0301u tru\u0301c gia\u0309i ph\u00e2\u0303u cu\u0309a vu\u0300ng m\u0103\u0301t ca\u0301.<\/li>\n<li>Nh\u00e0 m\u00e1y s\u1ea3n xu\u1ea5t\u00a0\u0111\u1ea1t ti\u00eau chu\u1ea9n\u00a0ISO 9001:2015, WHO-GMP<\/li>\n<li>S\u1ea3n ph\u1ea9m \u0111\u01b0\u1ee3c s\u1ea3n xu\u1ea5t theo ti\u00eau chu\u1ea9n Ch\u00e2u \u00c2u v\u00e0 c\u00f3 \u0111\u00e1nh d\u1ea5u CE.<\/li>\n<\/ul>\n<p><strong>CH\u1ec8 \u0110\u1ecaNH<\/strong><\/p>\n<ul>\n<li>Vi\u00eam ho\u1eb7c c\u0103ng c\u01a1 m\u1eaft c\u00e1 ch\u00e2n.<\/li>\n<li>Ch\u1ea5n th\u01b0\u01a1ng c\u01a1, g\u00e2n v\u00e0 d\u00e2y ch\u1eb1ng.<\/li>\n<li>Ph\u00f2ng ng\u1eeba vi\u00eam ho\u1eb7c c\u0103ng c\u01a1.<\/li>\n<li>Ph\u00f2ng ng\u1eeba ch\u1ea5n th\u01b0\u01a1ng trong th\u1ec3 thao.<\/li>\n<\/ul>","protected":false},"excerpt":{"rendered":"<p><strong>B\u00f3 c\u1ed5 ch\u00e2n UM<\/strong> v\u1edbi ch\u1ea5t li\u1ec7u v\u1ea3i d\u1ec7t kim cao c\u1ea5p, c\u00f9ng thi\u1ebft k\u1ebf \u0111an th\u00f4ng minh, \u0111\u1ea3m b\u1ea3o \u00e1p l\u1ef1c, \u0111em l\u1ea1i s\u1ef1 tho\u1ea3i m\u00e1i t\u1ed1i \u0111a cho ng\u01b0\u1eddi s\u1eed d\u1ee5ng.<\/p>","protected":false},"featured_media":6698,"comment_status":"open","ping_status":"closed","template":"","meta":{"_acf_changed":false,"rank_math_lock_modified_date":false},"product_cat":[714,490,1361],"product_tag":[],"class_list":{"0":"post-1166","1":"product","2":"type-product","3":"status-publish","4":"has-post-thumbnail","6":"product_cat-dai-nep-chan-dai-nep-chan-thuong","7":"product_cat-dai-nep-chan-thuong","8":"product_cat-dai-nep-co-chan-mat-ca","10":"first","11":"instock","12":"shipping-taxable","13":"purchasable","14":"product-type-variable"},"acf":[],"_links":{"self":[{"href":"https:\/\/ykhoathongminh.com\/en\/wp-json\/wp\/v2\/product\/1166"}],"collection":[{"href":"https:\/\/ykhoathongminh.com\/en\/wp-json\/wp\/v2\/product"}],"about":[{"href":"https:\/\/ykhoathongminh.com\/en\/wp-json\/wp\/v2\/types\/product"}],"replies":[{"embeddable":true,"href":"https:\/\/ykhoathongminh.com\/en\/wp-json\/wp\/v2\/comments?post=1166"}],"wp:featuredmedia":[{"embeddable":true,"href":"https:\/\/ykhoathongminh.com\/en\/wp-json\/wp\/v2\/media\/6698"}],"wp:attachment":[{"href":"https:\/\/ykhoathongminh.com\/en\/wp-json\/wp\/v2\/media?parent=1166"}],"wp:term":[{"taxonomy":"product_cat","embeddable":true,"href":"https:\/\/ykhoathongminh.com\/en\/wp-json\/wp\/v2\/product_cat?post=1166"},{"taxonomy":"product_tag","embeddable":true,"href":"https:\/\/ykhoathongminh.com\/en\/wp-json\/wp\/v2\/product_tag?post=1166"}],"curies":[{"name":"wp","href":"https:\/\/api.w.org\/{rel}","templated":true}]}}