{"id":1167,"date":"2024-07-22T15:07:34","date_gmt":"2024-07-22T15:07:34","guid":{"rendered":"https:\/\/ykhoathongminh.com\/?post_type=product&#038;p=1167"},"modified":"2024-10-27T02:41:16","modified_gmt":"2024-10-27T02:41:16","slug":"bo-goi-the-thao-3d-um-f15","status":"publish","type":"product","link":"https:\/\/ykhoathongminh.com\/en\/product\/bo-goi-the-thao-3d-um-f15\/","title":{"rendered":"B\u00f3 g\u1ed1i th\u1ec3 thao 3D UM F15"},"content":{"rendered":"<p><strong>\u0110\u1eb6C T\u00cdNH V\u00c0 H\u1ed6 TR\u1ee2<\/strong><\/p>\n<ul>\n<li>C\u00f4ng ngh\u1ec7 \u0111an v\u1ea3i 3D\u00a0 \u0111\u1ed9c \u0111\u00e1o c\u1ee7a \u0110\u1ee9c, cho ph\u00e9p \u0111\u1ea3m b\u1ea3o \u00e1p l\u1ef1c hi\u1ec7u qu\u1ea3, thi\u1ebft k\u1ebf ch\u00ednh x\u00e1c v\u1ec1 m\u1eb7t c\u1ea5u tr\u00fac gi\u1ea3i ph\u1eabu.<\/li>\n<li>Thi\u1ebft k\u1ebf \u0111\u1eb7c bi\u1ec7t v\u1edbi v\u00f9ng tho\u1ea3i m\u00e1i ph\u00eda sau \u0111\u1ea7u g\u1ed1i, gi\u1ea3m t\u1ed1i \u0111a t\u00ecnh tr\u1ea1ng h\u1eb1n ng\u1ea5n do mang b\u00f3 g\u1ed1i trong qu\u00e1 tr\u00ecnh v\u1eadn \u0111\u1ed9ng.<\/li>\n<\/ul>\n<ul>\n<li>S\u1ee3i v\u1ea3i kh\u00f4ng nh\u0103n, kh\u00f4ng tr\u01a1n tr\u01b0\u1ee3t, \u0111\u1ed9 b\u00e1m d\u00ednh t\u1ed1t, \u0111em l\u1ea1i s\u1ef1 tho\u1ea3i m\u00e1i khi mang.<\/li>\n<li>Ch\u1ea5t li\u1ec7u tho\u00e1ng kh\u00ed, kh\u00f4ng g\u00e2y d\u1ecb \u1ee9ng.<\/li>\n<li>Thao t\u00e1c mang d\u1ec5 d\u00e0ng.<\/li>\n<li>Nh\u00e0 m\u00e1y s\u1ea3n xu\u1ea5t theo ti\u00eau chu\u1ea9n\u00a0ISO 9001:2015, WHO-GMP<\/li>\n<li>S\u1ea3n ph\u1ea9m \u0111\u01b0\u1ee3c s\u1ea3n xu\u1ea5t theo ti\u00eau chu\u1ea9n Ch\u00e2u \u00c2u v\u00e0 c\u00f3 \u0111\u00e1nh d\u1ea5u CE.<\/li>\n<\/ul>\n<p><strong>CH\u1ec8 \u0110\u1ecaNH<\/strong><\/p>\n<ul>\n<li>Kh\u00f4ng \u0111au ho\u1eb7c \u0111au r\u1ea5t \u00edt khi v\u1eadn \u0111\u1ed9ng nhi\u1ec1u ho\u1eb7c n\u1eb7ng, \u0111au kh\u1edbp khi ch\u01a1i th\u1ec3 thao.<\/li>\n<li>Sau ph\u1eabu thu\u1eadt ho\u1eb7c sau khi d\u00f9ng thu\u1ed1c gi\u1ea3m \u0111au.<\/li>\n<li>Vi\u00eam m\u00f4 m\u1ec1m m\u00e3n t\u00ednh.<\/li>\n<li>S\u01b0ng t\u00e1i ph\u00e1t ho\u1eb7c \u0111au li\u00ean quan \u0111\u1ebfn tr\u1ecdng l\u01b0\u1ee3ng c\u01a1 th\u1ec3.<\/li>\n<li>M\u1ea5t \u1ed5n \u0111\u1ecbnh m\u00e3n t\u00ednh.<\/li>\n<li>Ch\u1ea5n th\u01b0\u01a1ng s\u1ee5n kh\u1edbp.<\/li>\n<li>Tho\u00e1i h\u00f3a kh\u1edbp g\u1ed1i.<\/li>\n<li>Ph\u00f2ng ng\u1eeba ch\u1ea5n th\u01b0\u01a1ng trong th\u1ec3 thao ho\u1eb7c l\u00e0m vi\u1ec7c n\u1eb7ng.<\/li>\n<\/ul>","protected":false},"excerpt":{"rendered":"<p>&#8211; C\u00f4ng ngh\u1ec7 \u0111an v\u1ea3i 3D \u0111\u1ed9c \u0111\u00e1o c\u1ee7a \u0110\u1ee9c, cho ph\u00e9p \u0111\u1ea3m b\u1ea3o \u00e1p l\u1ef1c hi\u1ec7u qu\u1ea3, thi\u1ebft k\u1ebf ch\u00ednh x\u00e1c v\u1ec1 m\u1eb7t c\u1ea5u tr\u00fac gi\u1ea3i ph\u1eabu.<\/p>\n<p>&#8211; Thi\u1ebft k\u1ebf \u0111\u1eb7c bi\u1ec7t v\u1edbi v\u00f9ng tho\u1ea3i m\u00e1i ph\u00eda sau \u0111\u1ea7u g\u1ed1i, gi\u1ea3m t\u1ed1i \u0111a t\u00ecnh tr\u1ea1ng h\u1eb1n ng\u1ea5n do mang b\u00f3 g\u1ed1i trong qu\u00e1 tr\u00ecnh v\u1eadn \u0111\u1ed9ng.<\/p>\n<p>&#8211; S\u1ee3i v\u1ea3i kh\u00f4ng nh\u0103n, kh\u00f4ng tr\u01a1n tr\u01b0\u1ee3t, \u0111\u1ed9 b\u00e1m d\u00ednh t\u1ed1t, \u0111em l\u1ea1i s\u1ef1 tho\u1ea3i m\u00e1i khi mang.<\/p>\n<p>&#8211; Ch\u1ea5t li\u1ec7u tho\u00e1ng kh\u00ed, kh\u00f4ng g\u00e2y d\u1ecb \u1ee9ng.<\/p>\n<p>&#8211; Thao t\u00e1c mang d\u1ec5 d\u00e0ng<\/p>","protected":false},"featured_media":6666,"comment_status":"open","ping_status":"closed","template":"","meta":{"_acf_changed":false,"rank_math_lock_modified_date":false},"product_cat":[714,490,1359],"product_tag":[],"class_list":{"0":"post-1167","1":"product","2":"type-product","3":"status-publish","4":"has-post-thumbnail","6":"product_cat-dai-nep-chan-dai-nep-chan-thuong","7":"product_cat-dai-nep-chan-thuong","8":"product_cat-dai-nep-dau-goi","10":"first","11":"instock","12":"shipping-taxable","13":"purchasable","14":"product-type-variable"},"acf":[],"_links":{"self":[{"href":"https:\/\/ykhoathongminh.com\/en\/wp-json\/wp\/v2\/product\/1167"}],"collection":[{"href":"https:\/\/ykhoathongminh.com\/en\/wp-json\/wp\/v2\/product"}],"about":[{"href":"https:\/\/ykhoathongminh.com\/en\/wp-json\/wp\/v2\/types\/product"}],"replies":[{"embeddable":true,"href":"https:\/\/ykhoathongminh.com\/en\/wp-json\/wp\/v2\/comments?post=1167"}],"wp:featuredmedia":[{"embeddable":true,"href":"https:\/\/ykhoathongminh.com\/en\/wp-json\/wp\/v2\/media\/6666"}],"wp:attachment":[{"href":"https:\/\/ykhoathongminh.com\/en\/wp-json\/wp\/v2\/media?parent=1167"}],"wp:term":[{"taxonomy":"product_cat","embeddable":true,"href":"https:\/\/ykhoathongminh.com\/en\/wp-json\/wp\/v2\/product_cat?post=1167"},{"taxonomy":"product_tag","embeddable":true,"href":"https:\/\/ykhoathongminh.com\/en\/wp-json\/wp\/v2\/product_tag?post=1167"}],"curies":[{"name":"wp","href":"https:\/\/api.w.org\/{rel}","templated":true}]}}