{"id":1170,"date":"2024-07-22T15:07:34","date_gmt":"2024-07-22T15:07:34","guid":{"rendered":"https:\/\/ykhoathongminh.com\/?post_type=product&#038;p=1170"},"modified":"2025-04-23T07:03:17","modified_gmt":"2025-04-23T07:03:17","slug":"dai-nep-co-tay-dan-hoi-tynor-e01","status":"publish","type":"product","link":"https:\/\/ykhoathongminh.com\/en\/product\/dai-nep-co-tay-dan-hoi-tynor-e01\/","title":{"rendered":"\u0110ai n\u1eb9p c\u1ed5 tay \u0111\u00e0n h\u1ed3i Tynor E01"},"content":{"rendered":"<p><strong>N\u1eb9p c\u1ed5 tay \u0111\u00e0n h\u1ed3i<\/strong>\u00a0E01 \u0111\u01b0\u1ee3c thi\u1ebft k\u1ebf \u0111\u1ec3 c\u1ed1 \u0111\u1ecbnh v\u00e0 h\u1ed7 tr\u1ee3 v\u1eefng ch\u1eafc cho b\u00e0n tay v\u00e0 c\u1ed5 tay trong c\u00e1c \u0111i\u1ec1u ki\u1ec7n ch\u1ec9nh h\u00ecnh kh\u00e1c nhau. N\u00f3 duy tr\u00ec c\u1ed5 tay \u1edf v\u1ecb tr\u00ed c\u1ed1 \u0111\u1ecbnh\u00a0trong khi cho ph\u00e9p c\u00e1c ng\u00f3n tay v\u00e0 ng\u00f3n c\u00e1i chuy\u1ec3n \u0111\u1ed9ng t\u1ef1 do. N\u1eb9p c\u1ed5 tay\u00a0lu\u00f4n duy tr\u00ec l\u1ef1c n\u00e9n v\u00e0 gi\u1eef nhi\u1ec7t c\u01a1 th\u1ec3 \u0111\u1ec3 gi\u1ea3m \u0111au v\u00e0 vi\u00eam t\u1ea1i ch\u1ed7. S\u1ea3n ph\u1ea9m c\u00f3 th\u1ec3 d\u1ec5 d\u00e0ng \u0111\u01b0\u1ee3c th\u00e1o ra, m\u1eb7c v\u00e0o\u00a0nh\u1eb1m ph\u1ee5c v\u1ee5 cho tr\u1ecb li\u1ec7u, r\u1eeda v\u00e0 v\u1ec7 sinh v\u1ebft th\u01b0\u01a1ng, v\u1ec7 sinh h\u1eadu ph\u1eabu. Thi\u1ebft k\u1ebf c\u1ee7a N\u1eb9p \u0111\u1ea3m b\u1ea3o:<\/p>\n<ul>\n<li>N\u1eb9p c\u00f3 th\u1ec3 t\u00f9y ch\u1ec9nh.<\/li>\n<li>Duy tr\u00ec l\u1ef1c n\u00e9n c\u00f3 ki\u1ec3m so\u00e1t.<\/li>\n<li>Thi\u1ebft k\u1ebf gi\u1ea3i ph\u1eabu h\u00ecnh h\u1ecdc cho\u00a0ng\u00f3n c\u00e1i m\u1edf.<\/li>\n<li>D\u1ec5 d\u00e0ng m\u1eb7c v\u00e0o v\u00e0 th\u00e1o ra.<br \/>\n<h2><strong>\u0110\u1eb7c \u0111i\u1ec3m c\u1ee7a n\u1eb9p c\u1ed5 tay \u0111\u00e0n h\u1ed3i E01<\/strong><\/h2>\n<ul>\n<li>B\u0103ng co d\u00e3n n\u1eb9p c\u1ed5 \u0111\u01b0\u1ee3c thi\u1ebft k\u1ebf v\u1edbi ki\u1ec3u d\u00e1ng d\u00e0i qu\u1ea5n xung quanh khu v\u1ef1c c\u1ed5 tay, c\u00e1nh tay tr\u00e1nh cho v\u1ebft th\u01b0\u01a1ng n\u1eb7ng v\u00e0 gi\u00fap x\u01b0\u01a1ng nhanh l\u00e0nh h\u01a1n.<\/li>\n<li>V\u1edbi ch\u1ea5t li\u1ec7u cao c\u1ea5p, v\u1ea3i thun s\u1ecdc c\u00f3 \u0111\u1ed9 b\u1ec1n cao, \u0111\u1ed9 x\u1ed1p cao, v\u00e0 c\u01b0\u1eddng \u0111\u1ed9 ch\u1ecbu n\u00e9n t\u1ed1t t\u1ea1o c\u1ea3m gi\u00e1c tho\u1ea3i m\u00e1i khi s\u1eed d\u1ee5ng.<\/li>\n<li>B\u1eb1ng thi\u1ebft k\u1ebf d\u01b0\u1edbi d\u1ea1ng mi\u1ebfng d\u00e1n n\u00ean d\u1ec5 d\u00e0ng \u0111i\u1ec1u ch\u1ec9nh, ph\u00f9 h\u1ee3p v\u1edbi k\u00edch c\u1ee1 c\u1ed5 tay kh\u00e1c nhau v\u00e0 c\u00f3 th\u1ec3 \u0111eo th\u1eddi gian d\u00e0i m\u00e0 tay kh\u00f4ng b\u1ecb \u0111au.<\/li>\n<li>V\u1edbi kh\u00f3a d\u00ednh c\u1ed1 \u0111\u1ecbnh lu\u00f4n gi\u00fap c\u1ed5 tay \u1edf v\u1ecb tr\u00ed 25 \u0111\u1ed9 gi\u00fap t\u0103ng tu\u1ea7n ho\u00e0n m\u00e1u nhanh l\u00e0nh v\u1ebft th\u01b0\u01a1ng.<\/li>\n<li>B\u0103ng c\u1ed5 tay v\u1edbi c\u00f4ng ngh\u1ec7 s\u1eed d\u1ee5ng 3 l\u1edbp n\u00ean gi\u00fap th\u00f4ng tho\u00e1ng, tho\u00e1t kh\u00ed ph\u00f9 h\u1ee3p v\u1edbi kh\u00ed h\u1eadu n\u01b0\u1edbc ta.<\/li>\n<li>S\u1ea3n ph\u1ea9m nh\u1ecf g\u1ecdn nh\u1eb9 nh\u00e0ng nh\u01b0ng ch\u1eafc ch\u1eafn \u0111\u1ea3m b\u1ea3o s\u1ef1 tho\u1ea3i m\u00e1i di chuy\u1ec3n t\u1ef1 do cho ng\u00f3n tay v\u00e0 ng\u00f3n c\u00e1i.<\/li>\n<\/ul>\n<h3><strong>Khuy\u1ebfn c\u00e1o s\u1eed d\u1ee5ng:<\/strong><\/h3>\n<ul>\n<li>G\u00e3y x\u01b0\u01a1ng, ch\u1ec7ch kh\u1edbp bong, g\u00e2n c\u1ed5 tay.<\/li>\n<li>Sau m\u1ed5, ph\u1eabu thu\u1eadt c\u1ea7n gi\u1eef \u1edf t\u01b0 th\u1ebf ngh\u1ec9 tr\u00e1nh c\u1eed \u0111\u1ed9ng m\u1ea1ch theo ch\u1ec9 d\u1eabn c\u1ee7a b\u00e1c s\u0129.<\/li>\n<li>C\u00e1c b\u1ec7nh li\u00ean quan t\u1edbi c\u1ed5 tay: vi\u00eam kh\u1edbp m\u00e3n t\u00ednh, tr\u00e0n d\u1ecbch,\u2026<\/li>\n<li>Ng\u01b0\u1eddi gi\u00e0 b\u1ecb l\u00e3o h\u00f3a x\u01b0\u01a1ng kh\u1edbp c\u1eed \u0111\u1ed9ng kh\u00f3 kh\u0103n.<\/li>\n<li>B\u1ecb ch\u1ea5n th\u01b0\u01a1ng sau khi ch\u01a1i c\u00e1c m\u00f4n th\u1ec3 thao: c\u1ea7u l\u00f4ng, b\u00f3ng b\u00e0n, tennis,\u2026<\/li>\n<\/ul>\n<\/li>\n<\/ul>","protected":false},"excerpt":{"rendered":"<p><strong>\u0110ai h\u1ed7 tr\u1ee3 c\u1ed5 tay E-01<\/strong> l\u00e0 b\u0103ng thun c\u1ed5 tay h\u1ed7 tr\u1ee3 kh\u1edbp c\u1ed5 tay nh\u1eb9 nh\u00e0ng, \u0111\u01b0\u1ee3c ch\u1ec9 \u0111\u1ecbnh trong c\u00e1c tr\u01b0\u1eddng h\u1ee3p \u0111au, vi\u00eam kh\u1edbp, ho\u1eb7c ch\u1ea5n th\u01b0\u01a1ng nh\u1eb9 kh\u1edbp c\u1ed5 tay, d\u00f9ng sau n\u1eafn tr\u1eadt kh\u1edbp c\u1ed5 tay.<\/p>","protected":false},"featured_media":7059,"comment_status":"open","ping_status":"closed","template":"","meta":{"_acf_changed":false,"rank_math_lock_modified_date":false},"product_cat":[490,1366,732],"product_tag":[],"class_list":{"0":"post-1170","1":"product","2":"type-product","3":"status-publish","4":"has-post-thumbnail","6":"product_cat-dai-nep-chan-thuong","7":"product_cat-dai-nep-co-tay","8":"product_cat-dai-nep-tay","10":"first","11":"instock","12":"shipping-taxable","13":"purchasable","14":"product-type-variable"},"acf":[],"_links":{"self":[{"href":"https:\/\/ykhoathongminh.com\/en\/wp-json\/wp\/v2\/product\/1170"}],"collection":[{"href":"https:\/\/ykhoathongminh.com\/en\/wp-json\/wp\/v2\/product"}],"about":[{"href":"https:\/\/ykhoathongminh.com\/en\/wp-json\/wp\/v2\/types\/product"}],"replies":[{"embeddable":true,"href":"https:\/\/ykhoathongminh.com\/en\/wp-json\/wp\/v2\/comments?post=1170"}],"wp:featuredmedia":[{"embeddable":true,"href":"https:\/\/ykhoathongminh.com\/en\/wp-json\/wp\/v2\/media\/7059"}],"wp:attachment":[{"href":"https:\/\/ykhoathongminh.com\/en\/wp-json\/wp\/v2\/media?parent=1170"}],"wp:term":[{"taxonomy":"product_cat","embeddable":true,"href":"https:\/\/ykhoathongminh.com\/en\/wp-json\/wp\/v2\/product_cat?post=1170"},{"taxonomy":"product_tag","embeddable":true,"href":"https:\/\/ykhoathongminh.com\/en\/wp-json\/wp\/v2\/product_tag?post=1170"}],"curies":[{"name":"wp","href":"https:\/\/api.w.org\/{rel}","templated":true}]}}