{"id":1173,"date":"2024-07-22T15:07:34","date_gmt":"2024-07-22T15:07:34","guid":{"rendered":"https:\/\/ykhoathongminh.com\/?post_type=product&#038;p=1173"},"modified":"2024-09-27T07:03:25","modified_gmt":"2024-09-27T07:03:25","slug":"tui-treo-tay-orber-h2","status":"publish","type":"product","link":"https:\/\/ykhoathongminh.com\/en\/product\/tui-treo-tay-orber-h2\/","title":{"rendered":"T\u00fai treo tay Orber H2"},"content":{"rendered":"<p><strong>1. Ch\u1ee9c n\u0103ng:<\/strong><\/p>\n<p>&#8211;\u00a0 \u0110\u01b0\u1ee3c thi\u1ebft k\u1ebf r\u1ea5t thu\u1eadn ti\u1ec7n cho vi\u1ec7c h\u1ed7 tr\u1ee3 tay \u1edf\u00a0\u00a0tr\u1ea1ng th\u00e1i ngh\u1ec9.<\/p>\n<p>&#8211;\u00a0 Trong t\u00fai c\u00f3 kh\u00f3a \u0111\u1ec3 gi\u1eef ng\u00f3n tay c\u00e1i, gi\u00fap tay \u1edf v\u1ecb tr\u00ed sinh k\u00fd khi s\u1eed d\u1ee5ng.<\/p>\n<p><strong>2. Ch\u1ec9 \u0111\u1ecbnh:<\/strong><\/p>\n<p>&#8211; S\u1eed d\u1ee5ng trong c\u00e1c tr\u01b0\u1eddng h\u1ee3p g\u00e3y x\u01b0\u01a1ng, ch\u1ea5n\u00a0th\u01b0\u01a1ng \u1edf c\u1eb3ng tay, kh\u1edbp vai, c\u00e1nh tay ho\u1eb7c khu\u1ef7u\u00a0tay.<\/p>\n<p>&#8211; Thi\u1ebft k\u1ebf ph\u00f9 h\u1ee3p cho c\u1ea3 tay tr\u00e1i v\u00e0 tay ph\u1ea3i.<\/p>\n<p><strong>3. V\u1eadt li\u1ec7u:<\/strong><\/p>\n<p>&#8211;\u00a0 L\u00e0m t\u1eeb ch\u1ea5t li\u1ec7u cotton m\u1ec1m, h\u1ec7 th\u1ed1ng kh\u00f3a trang b\u1ecb kh\u00f3a velcro.<\/p>\n<p><strong>4. B\u1ea3o qu\u1ea3n:<\/strong><\/p>\n<p>&#8211; \u0110\u1ec3 n\u01a1i kh\u00f4 m\u00e1t.<\/p>\n<p>&#8211; C\u00f3 th\u1ec3 gi\u1eb7t b\u1eb1ng tay trong n\u01b0\u1edbc x\u00e0 ph\u00f2ng, ph\u01a1i kh\u00f4 n\u01a1i tho\u00e1ng.<\/p>\n<p>&#8211; Kh\u00f4ng gi\u1eb7t v\u00e0 l\u00e0m kh\u00f4 b\u1eb1ng m\u00e1y (kh\u00f4ng d\u00f9ng thu\u1ed1c t\u1ea9y).<\/p>","protected":false},"excerpt":{"rendered":"<p>Ch\u1ea5n th\u01b0\u01a1ng \u1edf tay l\u00e0 lo\u1ea1i ch\u1ea5n th\u01b0\u01a1ng th\u01b0\u1eddng g\u1eb7p nh\u1ea5t trong c\u00e1c ho\u1ea1t \u0111\u1ed9ng th\u1ec3 thao. Ch\u1ea5n th\u01b0\u01a1ng \u1edf tay r\u1ea5t \u0111a d\u1ea1ng v\u00e0 ph\u1ee9c t\u1ea1p. N\u1ebfu kh\u00f4ng \u0111\u01b0\u1ee3c c\u1ed1 \u0111\u1ecbnh c\u00e1nh tay, c\u1eb3ng tay, kh\u1edbp vai k\u1ecbp th\u1eddi s\u1ebd r\u1ea5t kh\u00f3 h\u1ed3i ph\u1ee5c, th\u1eadm ch\u00ed \u0111\u1ec3 l\u1ea1i bi\u1ebfn ch\u1ee9ng kh\u00f3 l\u01b0\u1eddng.<strong> T\u00fai \u0111eo tay Orbe H2<\/strong> v\u1edbi thi\u1ebft k\u1ebf d\u00e2y \u0111eo ti\u1ec7n d\u1ee5ng l\u00e0 c\u00f4ng c\u1ee5 tuy\u1ec7t v\u1eddi c\u1ed1 \u0111\u1ecbnh c\u00e1c v\u1ecb tr\u00ed kh\u1edbp vai, c\u00e1nh tay, c\u1eb3ng tay sau ch\u1ea5n th\u01b0\u01a1ng.<\/p>","protected":false},"featured_media":7179,"comment_status":"open","ping_status":"closed","template":"","meta":{"_acf_changed":false,"rank_math_lock_modified_date":false},"product_cat":[490,732,1376],"product_tag":[],"class_list":{"0":"post-1173","1":"product","2":"type-product","3":"status-publish","4":"has-post-thumbnail","6":"product_cat-dai-nep-chan-thuong","7":"product_cat-dai-nep-tay","8":"product_cat-tui-treo-tay","10":"first","11":"instock","12":"shipping-taxable","13":"purchasable","14":"product-type-simple"},"acf":[],"_links":{"self":[{"href":"https:\/\/ykhoathongminh.com\/en\/wp-json\/wp\/v2\/product\/1173"}],"collection":[{"href":"https:\/\/ykhoathongminh.com\/en\/wp-json\/wp\/v2\/product"}],"about":[{"href":"https:\/\/ykhoathongminh.com\/en\/wp-json\/wp\/v2\/types\/product"}],"replies":[{"embeddable":true,"href":"https:\/\/ykhoathongminh.com\/en\/wp-json\/wp\/v2\/comments?post=1173"}],"wp:featuredmedia":[{"embeddable":true,"href":"https:\/\/ykhoathongminh.com\/en\/wp-json\/wp\/v2\/media\/7179"}],"wp:attachment":[{"href":"https:\/\/ykhoathongminh.com\/en\/wp-json\/wp\/v2\/media?parent=1173"}],"wp:term":[{"taxonomy":"product_cat","embeddable":true,"href":"https:\/\/ykhoathongminh.com\/en\/wp-json\/wp\/v2\/product_cat?post=1173"},{"taxonomy":"product_tag","embeddable":true,"href":"https:\/\/ykhoathongminh.com\/en\/wp-json\/wp\/v2\/product_tag?post=1173"}],"curies":[{"name":"wp","href":"https:\/\/api.w.org\/{rel}","templated":true}]}}