{"id":1179,"date":"2024-07-22T15:07:35","date_gmt":"2024-07-22T15:07:35","guid":{"rendered":"https:\/\/ykhoathongminh.com\/?post_type=product&#038;p=1179"},"modified":"2024-09-27T05:21:33","modified_gmt":"2024-09-27T05:21:33","slug":"nep-ngon-tay-cai-ober-h1","status":"publish","type":"product","link":"https:\/\/ykhoathongminh.com\/en\/product\/nep-ngon-tay-cai-ober-h1\/","title":{"rendered":"N\u1eb9p ng\u00f3n tay c\u00e1i Ober H1"},"content":{"rendered":"<p><strong>1. Ch\u1ee9c n\u0103ng:<\/strong><\/p>\n<p>&#8211;\u00a0C\u1ed1 \u0111\u1ecbnh x\u01b0\u01a1ng, kh\u1edbp c\u1ee7a ng\u00f3n tay c\u00e1i, c\u1ed5 tay.<\/p>\n<p><strong>2. Ch\u1ec9 \u0111\u1ecbnh:<\/strong><\/p>\n<p>&#8211; S\u01a1 c\u1ee9u, c\u1ed1 \u0111\u1ecbnh g\u00e3y x\u01b0\u01a1ng, bong g\u00e2n c\u1ee7a ng\u00f3n tay c\u00e1i, \u00f4 m\u00f4 c\u00e1i v\u00e0 c\u1ed5 tay.<\/p>\n<p>&#8211; C\u1ed1 \u0111\u1ecbnh x\u01b0\u01a1ng, kh\u1edbp v\u00f9ng c\u1ed5 tay, b\u00e0n tay v\u00e0 ng\u00f3n tay c\u00e1i sau m\u1ed5 ho\u1eb7c sau ch\u1ea5n th\u01b0\u01a1ng.<\/p>\n<p><strong>3. V\u1eadt li\u1ec7u:<\/strong><\/p>\n<p>&#8211; N\u1eb9p h\u1ee3p kim nh\u00f4m, v\u1ea3i kh\u00f4ng d\u1ec7t, v\u1ea3i c\u00f3 l\u1ed7 tho\u00e1ng kh\u00ed.<\/p>\n<p>&#8211; Kh\u00f3a Velcro.<\/p>\n<p><strong>4. B\u1ea3o qu\u1ea3n:<\/strong><\/p>\n<p>&#8211; \u0110\u1ec3 n\u01a1i kh\u00f4 m\u00e1t.<\/p>\n<p>&#8211; C\u00f3 th\u1ec3 gi\u1eb7t b\u1eb1ng tay trong n\u01b0\u1edbc x\u00e0 ph\u00f2ng, ph\u01a1i kh\u00f4 n\u01a1i tho\u00e1ng.<\/p>\n<p>&#8211; Kh\u00f4ng gi\u1eb7t v\u00e0 l\u00e0m kh\u00f4 b\u1eb1ng m\u00e1y (kh\u00f4ng d\u00f9ng thu\u1ed1c t\u1ea9y).<\/p>","protected":false},"excerpt":{"rendered":"<p style=\"text-align: justify;\">Ch\u1ea5n th\u01b0\u01a1ng \u1edf kh\u1edbp ng\u00f3n tay c\u00e1i v\u00e0 c\u1ed5 tay c\u00f3 th\u1ec3 t\u00e1c \u0111\u1ed9ng \u0111\u00e1ng k\u1ec3 \u0111\u1ebfn c\u00e1c ho\u1ea1t \u0111\u1ed9ng h\u00e0ng ng\u00e0y. Ho\u1ea1t \u0111\u1ed9ng qu\u00e1 nhi\u1ec1u, c\u00e1c ch\u1ea5n th\u01b0\u01a1ng x\u1ea3y ra li\u00ean t\u1ee5c, tai n\u1ea1n th\u1ec3 thao, t\u00e9 ng\u00e3 v\u00e0 l\u00e3o h\u00f3a l\u00e0 nh\u1eefng th\u1ee7 ph\u1ea1m g\u00e2y ra ch\u1ea5n th\u01b0\u01a1ng tr\u00ean. Vi\u1ec7c c\u1ed1 \u0111\u1ecbnh ng\u00f3n tay c\u00e1i sau ch\u1ea5n th\u01b0\u01a1ng l\u00e0 \u0111i\u1ec1u v\u00f4 c\u00f9ng quan tr\u1ecdng.<\/p>\n<p style=\"text-align: justify;\">Hi\u1ec3u \u0111\u01b0\u1ee3c \u0111i\u1ec1u n\u00e0y c\u00e1c chuy\u00ean gia y t\u1ebf \u0111\u00e3 cho ra \u0111\u1eddi s\u1ea3n ph\u1ea9m <strong>N\u1eb9p ng\u00f3n tay c\u00e1i ORBE H1<\/strong>\u00a0&#8211; c\u00f4ng c\u1ee5 \u0111\u1eafc l\u1ef1c c\u1ed1 \u0111\u1ecbnh b\u1ea3o v\u1ec7 ng\u00f3n tay c\u00e1i sau ch\u1ea5n th\u01b0\u01a1ng.\u00a0Ch\u00ednh v\u00ec v\u1eady vi\u1ec7c s\u1edf h\u1eefu m\u1ed9t thi\u1ebft b\u1ecb y t\u1ebf nh\u1ecf g\u1ecdn nh\u01b0 <strong>N\u1eb9p ng\u00f3n tay c\u00e1i H1 ORBE<\/strong> trong t\u1ee7 thu\u1ed1c c\u00e1 nh\u00e2n l\u00e0 v\u00f4 c\u00f9ng c\u1ea7n thi\u1ebft.<\/p>","protected":false},"featured_media":7161,"comment_status":"open","ping_status":"closed","template":"","meta":{"_acf_changed":false,"rank_math_lock_modified_date":false},"product_cat":[490,1367,732],"product_tag":[],"class_list":{"0":"post-1179","1":"product","2":"type-product","3":"status-publish","4":"has-post-thumbnail","6":"product_cat-dai-nep-chan-thuong","7":"product_cat-dai-nep-ngon-tay","8":"product_cat-dai-nep-tay","10":"first","11":"instock","12":"shipping-taxable","13":"purchasable","14":"product-type-variable"},"acf":[],"_links":{"self":[{"href":"https:\/\/ykhoathongminh.com\/en\/wp-json\/wp\/v2\/product\/1179"}],"collection":[{"href":"https:\/\/ykhoathongminh.com\/en\/wp-json\/wp\/v2\/product"}],"about":[{"href":"https:\/\/ykhoathongminh.com\/en\/wp-json\/wp\/v2\/types\/product"}],"replies":[{"embeddable":true,"href":"https:\/\/ykhoathongminh.com\/en\/wp-json\/wp\/v2\/comments?post=1179"}],"wp:featuredmedia":[{"embeddable":true,"href":"https:\/\/ykhoathongminh.com\/en\/wp-json\/wp\/v2\/media\/7161"}],"wp:attachment":[{"href":"https:\/\/ykhoathongminh.com\/en\/wp-json\/wp\/v2\/media?parent=1179"}],"wp:term":[{"taxonomy":"product_cat","embeddable":true,"href":"https:\/\/ykhoathongminh.com\/en\/wp-json\/wp\/v2\/product_cat?post=1179"},{"taxonomy":"product_tag","embeddable":true,"href":"https:\/\/ykhoathongminh.com\/en\/wp-json\/wp\/v2\/product_tag?post=1179"}],"curies":[{"name":"wp","href":"https:\/\/api.w.org\/{rel}","templated":true}]}}