{"id":1187,"date":"2024-07-22T15:07:36","date_gmt":"2024-07-22T15:07:36","guid":{"rendered":"https:\/\/ykhoathongminh.com\/?post_type=product&#038;p=1187"},"modified":"2024-09-27T05:16:22","modified_gmt":"2024-09-27T05:16:22","slug":"dai-ho-tro-khop-goi-tynor-d04","status":"publish","type":"product","link":"https:\/\/ykhoathongminh.com\/en\/product\/dai-ho-tro-khop-goi-tynor-d04\/","title":{"rendered":"\u0110ai h\u1ed7 tr\u1ee3 kh\u1edbp g\u1ed1i Tynor D04"},"content":{"rendered":"<h2><strong>C\u00f4ng d\u1ee5ng \u0111ai h\u1ed7 tr\u1ee3 kh\u1edbp g\u1ed1i Tynor D04 :<\/strong><\/h2>\n<ul>\n<li style=\"font-weight: 400;\"><span style=\"font-weight: 400;\"><strong>\u0110ai h\u1ed7 tr\u1ee3 kh\u1edbp g\u1ed1i Tynor D-04<\/strong>\u00a0l\u00e0 c\u00f4ng c\u1ee5 h\u1ed7 tr\u1ee3 \u0111\u1eafc l\u1ef1c khi\u00a0\u0111\u1ea7u g\u1ed1i b\u1ecb l\u00e3o h\u00f3a, tho\u00e1i h\u00f3a, b\u1ec7nh vi\u00eam kh\u1edbp, ch\u1ea5n th\u01b0\u01a1ng khi v\u1eadn \u0111\u1ed9ng m\u1ea1nh hay khi ch\u01a1i th\u1ec3 thao,\u2026<\/span><\/li>\n<li style=\"font-weight: 400;\"><span style=\"font-weight: 400;\"><strong>\u0110ai h\u1ed7 tr\u1ee3 kh\u1edbp g\u1ed1i Tynor D-04 gi\u00fap n<\/strong>g\u0103n ng\u1eeba v\u00e0 gi\u1ea3m thi\u1ec3u c\u00e1c t\u1ed5n th\u01b0\u01a1ng kh\u1edbp g\u1ed1i \u1edf ng\u01b0\u1eddi l\u1edbn tu\u1ed5i, v\u1eadn \u0111\u1ed9ng vi\u00ean&#8230;<\/span><\/li>\n<\/ul>\n<h2><strong>\u0110ai h\u1ed7 tr\u1ee3 kh\u1edbp g\u1ed1i Tynor D-04 th\u01b0\u1eddng \u0111\u01b0\u1ee3c ch\u1ec9 \u0111\u1ecbnh cho c\u00e1c tr\u01b0\u1eddng h\u1ee3p:<\/strong><\/h2>\n<ul>\n<li style=\"font-weight: 400; text-align: justify;\"><span style=\"font-weight: 400;\">B\u1ec7nh nh\u00e2n b\u1ecb c\u00e1c b\u1ec7nh m\u00e3n t\u00ednh v\u1ec1 kh\u1edbp g\u1ed1i nh\u01b0: vi\u00eam kh\u1edbp, v\u00f4i h\u00f3a, tho\u00e1i h\u00f3a kh\u1edbp,&#8230;<\/span><\/li>\n<li style=\"font-weight: 400; text-align: justify;\"><span style=\"font-weight: 400;\">Nh\u1eefng ng\u01b0\u1eddi \u0111ang \u0111i\u1ec1u tr\u1ecb c\u00e1c ch\u1ea5n th\u01b0\u01a1ng kh\u1edbp g\u1ed1i.<\/span><\/li>\n<li style=\"font-weight: 400; text-align: justify;\"><span style=\"font-weight: 400;\">Nh\u1eefng ng\u01b0\u1eddi c\u00f3 nguy c\u01a1 cao b\u1ecb ch\u1ea5n th\u01b0\u01a1ng kh\u1edbp g\u1ed1i nh\u01b0: ng\u01b0\u1eddi cao tu\u1ed5i, ng\u01b0\u1eddi lao \u0111\u1ed9ng tay ch\u00e2n n\u1eb7ng nh\u1ecdc, v\u1eadn \u0111\u1ed9ng vi\u00ean th\u1ec3 thao&#8230;<\/span><\/li>\n<li style=\"font-weight: 400; text-align: justify;\"><span style=\"font-weight: 400;\"><strong>\u0110ai h\u1ed7 tr\u1ee3 kh\u1edbp g\u1ed1i Tynor D-04<\/strong>\u00a0\u0111\u01b0\u1ee3c ch\u1ec9 \u0111\u1ecbnh s\u1eed d\u1ee5ng r\u1ed9ng r\u00e3i trong ch\u1ec9nh h\u00ecnh, n\u00e9n v\u00e0 h\u1ed7 tr\u1ee3 cho c\u00e1c kh\u1edbp l\u1ea1i c\u00f3 t\u00e1c d\u1ee5ng gi\u1ea3m \u0111au khi \u0111\u1ea7u g\u1ed1i b\u1ecb s\u01b0ng v\u00e0 vi\u00eam.<\/span><\/li>\n<\/ul>\n<h2><\/h2>\n<h2><strong>Nh\u1eefng \u01b0u \u0111i\u1ec3m v\u01b0\u1ee3t tr\u1ed9i c\u1ee7a \u0110ai h\u1ed7 tr\u1ee3 kh\u1edbp g\u1ed1i Tynor D-04<\/strong><\/h2>\n<ul>\n<li style=\"font-weight: 400; text-align: justify;\"><span style=\"font-weight: 400;\"><strong>\u0110ai h\u1ed7 tr\u1ee3 kh\u1edbp g\u1ed1i Tynor D-04<\/strong>\u00a0h\u1ed7 tr\u1ee3 tr\u1ecb li\u1ec7u v\u00e0 ph\u00f2ng ng\u1eeba ch\u1ea5n th\u01b0\u01a1ng kh\u1edbp g\u1ed1i hi\u1ec7u qu\u1ea3.\u00a0<\/span><\/li>\n<li style=\"font-weight: 400; text-align: justify;\"><span style=\"font-weight: 400;\"><strong>\u0110ai h\u1ed7 tr\u1ee3 kh\u1edbp g\u1ed1i Tynor D-04<\/strong>\u00a0c\u00f3 thi\u1ebft k\u1ebf v\u1edbi c\u1ea5u t\u1ea1o m\u1ec1m m\u1ea1i gi\u00fap ng\u01b0\u1eddi s\u1eed d\u1ee5ng tho\u1ea3i m\u00e1i khi d\u00f9ng.<\/span><\/li>\n<li style=\"font-weight: 400; text-align: justify;\"><span style=\"font-weight: 400;\"><strong>\u0110ai h\u1ed7 tr\u1ee3 kh\u1edbp g\u1ed1i Tynor D-04<\/strong>\u00a0c\u00f3 thi\u1ebft k\u1ebf 02 l\u1edbp, b\u00f4ng b\u00ean trong, nylon b\u00ean ngo\u00e0i \u0111\u1ea3m b\u1ea3o \u0111\u1ed9 b\u1ec1n cao m\u00e0 v\u1eabn c\u00f3 t\u00e1c d\u1ee5ng th\u1ea5m m\u1ed3 h\u00f4i t\u1ed1t.<\/span><\/li>\n<li style=\"font-weight: 400; text-align: justify;\"><span style=\"font-weight: 400;\">L\u1edbp v\u1ea3i m\u1ec1m m\u1ea1i l\u00e0m b\u1ec7nh nh\u00e2n d\u1ec5 ch\u1ecbu khi s\u1eed d\u1ee5ng, \u0111\u1eb7c bi\u1ec7t khi d\u00f9ng trong th\u1eddi gian d\u00e0i c\u0169ng kh\u00f4ng g\u00e2y h\u1ea7m b\u00ed, d\u1ecb \u1ee9ng ho\u1eb7c ph\u00e1t ban.<\/span><\/li>\n<li style=\"font-weight: 400; text-align: justify;\"><span style=\"font-weight: 400;\">K\u00edch th\u01b0\u1edbc linh ho\u1ea1t cho t\u1eebng c\u00e1 th\u1ec3 b\u1ec7nh nh\u00e2n kh\u00e1c nhau<\/span><\/li>\n<li style=\"font-weight: 400; text-align: justify;\"><span style=\"font-weight: 400;\">Gi\u1eef nhi\u1ec7t \u0111\u1ed9 c\u01a1 th\u1ec3 m\u1ed9t c\u00e1ch hi\u1ec7u qu\u1ea3 n\u00ean c\u00e0ng l\u00e0m t\u0103ng t\u00e1c d\u1ee5ng gi\u1ea3m \u0111au.<\/span><\/li>\n<li style=\"font-weight: 400; text-align: justify;\"><span style=\"font-weight: 400;\">Kh\u00f4ng g\u00e2y co th\u1eaft, kh\u00f3 ch\u1ecbu cho b\u1ec7nh nh\u00e2n, c\u00f3 th\u1ec3 \u0111i\u1ec1u ch\u1ec9nh n\u00e9n ngay c\u1ea3 tr\u00ean \u0111\u01b0\u1eddng k\u00ednh kh\u00f4ng \u0111\u1ed3ng \u0111\u1ec1u n\u00ean \u0111\u1ea3m b\u1ea3o c\u1ed1 \u0111\u1ecbnh v\u00f9ng kh\u1edbp g\u1ed1i hi\u1ec7u qu\u1ea3.<\/span><\/li>\n<li style=\"font-weight: 400; text-align: justify;\"><span style=\"font-weight: 400;\"><strong>\u0110ai h\u1ed7 tr\u1ee3 kh\u1edbp g\u1ed1i Tynor D-04<\/strong>\u00a0c\u00f3 c\u00e1ch s\u1eed d\u1ee5ng \u0111\u01a1n gi\u1ea3n, d\u1ec5 d\u00e0ng v\u00e0 nhanh ch\u00f3ng, th\u00edch h\u1ee3p v\u1edbi m\u1ecdi \u0111\u1ed1i t\u01b0\u1ee3ng<\/span><\/li>\n<\/ul>","protected":false},"excerpt":{"rendered":"<p style=\"text-align: justify;\">Ng\u01b0\u1eddi b\u1ec7nh b\u1ecb \u0111au kh\u1edbp g\u1ed1i c\u00f3 th\u1ec3 do nhi\u1ec1u nguy\u00ean nh\u00e2n kh\u00e1c nhau nh\u01b0: tho\u00e1i h\u00f3a kh\u1edbp, vi\u00eam s\u01b0ng kh\u1edbp g\u1ed1i ho\u1eb7c ch\u1ea5n th\u01b0\u01a1ng&#8230; n\u1ebfu kh\u00f4ng \u0111\u01b0\u1ee3c ch\u1eefa tr\u1ecb k\u1ecbp th\u1eddi v\u00e0 c\u1ed1 \u0111\u1ecbnh kh\u1edbp g\u1ed1i sau ch\u1ea5n th\u01b0\u01a1ng s\u1ebd \u0111\u1ec3 l\u1ea1i h\u1eadu qu\u1ea3 kh\u00f3 l\u01b0\u1eddng cho ng\u01b0\u1eddi b\u1ec7nh<\/p>\n<p style=\"text-align: justify;\">\u0110ai h\u1ed7 tr\u1ee3 kh\u1edbp g\u1ed1i Tynor D-04 &#8211; c\u00f4ng c\u1ee5 l\u00fd t\u01b0\u1edfng c\u1ed1 \u0111\u1ecbnh kh\u1edbp g\u1ed1i hi\u1ec7u qu\u1ea3. <strong>\u0110ai h\u1ed7 tr\u1ee3 kh\u1edbp g\u1ed1i Tynor D-04<\/strong> h\u1ea1n ch\u1ebf c\u00e1c v\u1eadn \u0111\u1ed9ng qu\u00e1 m\u1ee9c c\u1ee7a kh\u1edbp g\u1ed1i \u0111ang ho\u1eb7c c\u00f3 nguy c\u01a1 b\u1ecb t\u1ed5n th\u01b0\u01a1ng gi\u00fap gi\u1ea3m \u0111au, h\u1ed7 tr\u1ee3 \u0111i\u1ec1u tr\u1ecb v\u00e0 ng\u0103n ng\u1eeba c\u00e1c ch\u1ea5n th\u01b0\u01a1ng kh\u1edbp g\u1ed1i.<\/p>","protected":false},"featured_media":6761,"comment_status":"open","ping_status":"closed","template":"","meta":{"_acf_changed":false,"rank_math_lock_modified_date":false},"product_cat":[714,490,1359],"product_tag":[],"class_list":{"0":"post-1187","1":"product","2":"type-product","3":"status-publish","4":"has-post-thumbnail","6":"product_cat-dai-nep-chan-dai-nep-chan-thuong","7":"product_cat-dai-nep-chan-thuong","8":"product_cat-dai-nep-dau-goi","10":"first","11":"instock","12":"shipping-taxable","13":"purchasable","14":"product-type-variable"},"acf":[],"_links":{"self":[{"href":"https:\/\/ykhoathongminh.com\/en\/wp-json\/wp\/v2\/product\/1187"}],"collection":[{"href":"https:\/\/ykhoathongminh.com\/en\/wp-json\/wp\/v2\/product"}],"about":[{"href":"https:\/\/ykhoathongminh.com\/en\/wp-json\/wp\/v2\/types\/product"}],"replies":[{"embeddable":true,"href":"https:\/\/ykhoathongminh.com\/en\/wp-json\/wp\/v2\/comments?post=1187"}],"wp:featuredmedia":[{"embeddable":true,"href":"https:\/\/ykhoathongminh.com\/en\/wp-json\/wp\/v2\/media\/6761"}],"wp:attachment":[{"href":"https:\/\/ykhoathongminh.com\/en\/wp-json\/wp\/v2\/media?parent=1187"}],"wp:term":[{"taxonomy":"product_cat","embeddable":true,"href":"https:\/\/ykhoathongminh.com\/en\/wp-json\/wp\/v2\/product_cat?post=1187"},{"taxonomy":"product_tag","embeddable":true,"href":"https:\/\/ykhoathongminh.com\/en\/wp-json\/wp\/v2\/product_tag?post=1187"}],"curies":[{"name":"wp","href":"https:\/\/api.w.org\/{rel}","templated":true}]}}