{"id":1190,"date":"2024-07-22T15:07:58","date_gmt":"2024-07-22T15:07:58","guid":{"rendered":"https:\/\/ykhoathongminh.com\/?post_type=product&#038;p=1190"},"modified":"2024-09-27T05:41:59","modified_gmt":"2024-09-27T05:41:59","slug":"dai-thoat-vi-ben-a16-tynor","status":"publish","type":"product","link":"https:\/\/ykhoathongminh.com\/en\/product\/dai-thoat-vi-ben-a16-tynor\/","title":{"rendered":"\u0110ai tho\u00e1t v\u1ecb b\u1eb9n A16 Tynor"},"content":{"rendered":"<h1><strong>C\u00f4ng d\u1ee5ng c\u1ee7a \u0111ai tho\u00e1t v\u1ecb b\u1eb9n A16 c\u1ee7a h\u00e3ng Tynor \u1ea4n \u0110\u1ed9:<\/strong><\/h1>\n<p>&#8211; \u0110ai tho\u00e1t v\u1ecb b\u1eb9n A16 t\u1ea1m th\u1eddi kh\u00f4ng cho t\u1ea1ng sa xu\u1ed1ng th\u00eam ch\u1edd ph\u1eabu thu\u1eadt.<br \/>\n&#8211; \u0110\u1ed1i v\u1edbi tr\u1ebb nh\u1ecf \u0111\u00f4i khi \u0111eo \u0111ai l\u00e0m kh\u1ed1i tho\u00e1t v\u1ecb kh\u00f4ng sa xu\u1ed1ng \u0111\u01b0\u1ee3c t\u1ea1o \u0111i\u1ec1u ki\u1ec7n cho \u1ed1ng ph\u00fac\u00a0tinh m\u1ea1c b\u1ecb b\u1ecbt l\u1ea1i, c\u00e2n c\u01a1 ph\u00e1t tri\u1ec3n c\u00f3 th\u1ec3 kh\u1ecfi.<br \/>\n&#8211; \u0110\u1ed1i v\u1edbi nh\u1eefng tr\u01b0\u1eddng h\u1ee3p c\u00f3 ch\u1ed1ng ch\u1ec9 \u0111\u1ecbnh ph\u1eabu thu\u1eadt (qu\u00e1 gi\u00e0 y\u1ebfu, suy tim m\u1ea1ch..) th\u00ec \u0111eo \u0111ai li\u00ean t\u1ee5c\u00a0\u0111\u1ec3 tr\u00e1nh tho\u00e1t v\u1ecb kh\u00f4ng l\u1edbn h\u01a1n v\u00e0 tr\u00e1nh ngh\u1eb9t.<\/p>\n<h2><strong>\u00a0T\u00ednh n\u0103ng n\u1ed5i b\u1eadt \u0111ai tho\u00e1t v\u1ecb b\u1eb9n A16:<\/strong><\/h2>\n<p>&#8211;\u00a0\u0110ai tho\u00e1t v\u1ecb b\u1eb9n A16\u00a0\u0111\u01b0\u1ee3c thi\u1ebft k\u1ebf \u0111\u1ed9c \u0111\u00e1o gi\u00fap d\u1ec5 \u0111i\u1ec1u ch\u1ec9nh v\u00e0 tho\u1ea3i m\u00e1i khi m\u1eb7c, d\u1ec5 d\u00e0ng s\u1eed d\u1ee5ng \u0111o \u0111i\u1ec1u ch\u1ec9nh ch\u00e2n v\u00e0 d\u00e2y ch\u1eb1ng \u1edf b\u1ee5ng.<br \/>\n&#8211; S\u1ea3n ph\u1ea9m t\u1ea1o ra m\u1ed9t s\u1ef1 nh\u1eb9 nh\u00e0ng v\u00e0 li\u00ean t\u1ee5c gi\u1ea3m b\u1edbt tho\u00e1t v\u1ecb b\u1eb9n h\u1ea1ch b\u1eb1ng c\u00e1ch cung c\u1ea5p \u00e1p l\u1ef1c \u0111i\u1ec1u ch\u1ec9nh v\u00e0 tho\u1ea3i m\u00e1i \u0111\u1ec3 tho\u00e1t v\u1ecb.\u00a0Tr\u00ean \u0111eo v\u00e0nh \u0111ai s\u1ef1 xu\u1ea5t hi\u1ec7n c\u1ee7a tho\u00e1t v\u1ecb tho\u00e1t \u0111\u01b0\u1ee3c lo\u1ea1i b\u1ecf.<br \/>\n&#8211;\u00a0V\u00e2y tr\u00e1i \u0111\u01b0\u1ee3c \u0111\u00fac b\u1eb1ng ch\u1ea5t ethafoam \u0111\u1eb7c bi\u1ec7t cho \u0111\u1ed9 c\u1ee9ng ph\u00f9 h\u1ee3p.\u00a0Ch\u00fang r\u1ea5t nh\u1eb9, c\u00e2n b\u1eb1ng v\u00e0 tho\u1ea3i m\u00e1i.<br \/>\n&#8211;\u00a0Mi\u1ebfng \u0111\u1ec7m gi\u1ea3i ph\u1eabu b\u1ea5m l\u1ed7 th\u1edf b\u1eb9n \u1edf g\u00f3c th\u00edch h\u1ee3p, \u0111\u1ec3 t\u0103ng hi\u1ec7u qu\u1ea3.<br \/>\n&#8211;\u00a0C\u00e1c v\u1eadt li\u1ec7u m\u1ec1m v\u00e0 dermophilic \u0111\u1ea3m b\u1ea3o kh\u00f4ng c\u00f3 ph\u00e1t ban ho\u1eb7c d\u1ecb \u1ee9ng, c\u1ea3i thi\u1ec7n s\u1ef1 tho\u1ea3i m\u00e1i v\u00e0 c\u1ea3i thi\u1ec7n tu\u00e2n th\u1ee7.<br \/>\n&#8211;\u00a0\u0110ai tho\u00e1t v\u1ecb b\u1eb9n A16 \u0111i\u1ec1u ch\u1ec9nh ch\u1eadu v\u00e0 khung \u0111ai ch\u00e2n cung c\u1ea5p \u00e1p l\u1ef1c t\u00f9y ch\u1ec9nh v\u00e0 \u0111\u1ea3m b\u1ea3o r\u1eb1ng m\u1ed9t trong nh\u1eefng k\u00edch th\u01b0\u1edbc ph\u00f9 h\u1ee3p v\u1edbi m\u1ecdi ng\u01b0\u1eddi.<\/p>\n<h2><strong>Ch\u1ec9 \u0111\u1ecbnh c\u1ee7a \u0111ai tho\u00e1t v\u1ecb b\u1eb9n A16:<\/strong><\/h2>\n<p>&#8211;\u00a0\u0110ai tho\u00e1t v\u1ecb b\u1eb9n A16 \u0111\u01b0\u1ee3c s\u1eed dung trong th\u1eddi gian ch\u1edd ph\u1eabu thu\u1eadt.<br \/>\n&#8211; Ph\u00f2ng ng\u1eeba t\u00e1i di\u1ec5n c\u1ee7a tho\u00e1t v\u1ecb b\u1eb9n \u1edf giai \u0111o\u1ea1n h\u1eadu ph\u1eabu.<br \/>\n&#8211; S\u1eed d\u1ee5ng \u0111\u1ec3 cung c\u1ea5p h\u1ed7 tr\u1ee3 trong tr\u01b0\u1eddng h\u1ee3p tho\u00e1t v\u1ecb b\u1eb9n nh\u1eb9.<br \/>\n&#8211; S\u1eed d\u1ee5ng \u0111\u1ec3 cung c\u1ea5p c\u00e1c h\u1ed7 tr\u1ee3 nh\u1eb9 nh\u00e0ng v\u00e0 \u0111\u1ea7y \u0111\u1ee7 trong tr\u01b0\u1eddng h\u1ee3p c\u01a1 v\u1ee1 hay suy y\u1ebfu.<\/p>","protected":false},"excerpt":{"rendered":"<p><strong>\u0110ai h\u1ed7 tr\u1ee3 tho\u00e1t v\u1ecb b\u1eb9n A16 &#8211; Tynor\u00a0<\/strong>cung c\u1ea5p m\u1ed9t gi\u1ea3i ph\u00e1p nh\u1eb9 nh\u00e0ng v\u00e0 li\u00ean t\u1ee5c t\u1eeb tho\u00e1t v\u1ecb b\u1eb9n c\u00f3 th\u1ec3 gi\u1ea3m b\u1eb1ng c\u00e1ch cung c\u1ea5p \u00e1p l\u1ef1c t\u00f9y ch\u1ec9nh v\u00e0 tho\u1ea3i m\u00e1i cho tho\u00e1t v\u1ecb<\/p>","protected":false},"featured_media":7258,"comment_status":"open","ping_status":"closed","template":"","meta":{"_acf_changed":false,"rank_math_lock_modified_date":false},"product_cat":[490,1188],"product_tag":[],"class_list":{"0":"post-1190","1":"product","2":"type-product","3":"status-publish","4":"has-post-thumbnail","6":"product_cat-dai-nep-chan-thuong","7":"product_cat-san-pham-dai-nep-khac","9":"first","10":"instock","11":"shipping-taxable","12":"purchasable","13":"product-type-variable"},"acf":[],"_links":{"self":[{"href":"https:\/\/ykhoathongminh.com\/en\/wp-json\/wp\/v2\/product\/1190"}],"collection":[{"href":"https:\/\/ykhoathongminh.com\/en\/wp-json\/wp\/v2\/product"}],"about":[{"href":"https:\/\/ykhoathongminh.com\/en\/wp-json\/wp\/v2\/types\/product"}],"replies":[{"embeddable":true,"href":"https:\/\/ykhoathongminh.com\/en\/wp-json\/wp\/v2\/comments?post=1190"}],"wp:featuredmedia":[{"embeddable":true,"href":"https:\/\/ykhoathongminh.com\/en\/wp-json\/wp\/v2\/media\/7258"}],"wp:attachment":[{"href":"https:\/\/ykhoathongminh.com\/en\/wp-json\/wp\/v2\/media?parent=1190"}],"wp:term":[{"taxonomy":"product_cat","embeddable":true,"href":"https:\/\/ykhoathongminh.com\/en\/wp-json\/wp\/v2\/product_cat?post=1190"},{"taxonomy":"product_tag","embeddable":true,"href":"https:\/\/ykhoathongminh.com\/en\/wp-json\/wp\/v2\/product_tag?post=1190"}],"curies":[{"name":"wp","href":"https:\/\/api.w.org\/{rel}","templated":true}]}}