{"id":1192,"date":"2024-07-22T15:07:58","date_gmt":"2024-07-22T15:07:58","guid":{"rendered":"https:\/\/ykhoathongminh.com\/?post_type=product&#038;p=1192"},"modified":"2024-09-27T05:22:29","modified_gmt":"2024-09-27T05:22:29","slug":"nep-mat-ca-chan-tynor-d-02","status":"publish","type":"product","link":"https:\/\/ykhoathongminh.com\/en\/product\/nep-mat-ca-chan-tynor-d-02\/","title":{"rendered":"N\u1eb9p m\u1eaft c\u00e1 ch\u00e2n Tynor D-02"},"content":{"rendered":"<div>\n<p><strong>N\u1eb9p m\u1eaft c\u00e1 ch\u00e2n Tynor D-02<\/strong> \u0111\u01b0\u1ee3c thi\u1ebft k\u1ebf \u0111\u1ec3 h\u1ed7 tr\u1ee3 \u1ed5n \u0111\u1ecbnh v\u00e0 gi\u1edbi h\u1ea1n t\u1ea7m v\u1eadn \u0111\u1ed9ng kh\u1edbp c\u1ed5 ch\u00e2n trong ch\u1ea5n th\u01b0\u01a1ng, ho\u1eb7c b\u1ea3o v\u1ec7 nh\u1eefng ng\u01b0\u1eddi d\u1ec5 b\u1ecb ch\u1ea5n th\u01b0\u01a1ng c\u1ed5 ch\u00e2n. N\u00f3 s\u1eed d\u1ee5ng 3 l\u1edbp t\u00e1c \u0111\u1ed9ng c\u1ee7a d\u00e2y \u0111ai, d\u00e2y bu\u1ed9c v\u00e0 c\u00e1c thanh n\u1eb9p c\u1ee9ng gi\u1ea3i ph\u1eabu \u0111\u1ec3 h\u1ed7 tr\u1ee3 t\u1ed1i \u0111a s\u1ef1 \u1ed5n \u0111\u1ecbnh c\u1ee7a c\u1ed5 ch\u00e2n.<\/p>\n<\/div>\n<div>\n<div>\n<div>\n<div>\n<div>\n<div>\n<div>\n<p>&nbsp;<\/p>\n<p>N\u1eb9p c\u1ed1 \u0111\u1ecbnh c\u1ed5 ch\u00e2n \u0111\u01b0\u1ee3c c\u00e1c y b\u00e1c s\u0129 khuy\u1ebfn c\u00e1o s\u1eed d\u1ee5ng cho nh\u1eefng ng\u01b0\u1eddi b\u1ecb ch\u1ea5n th\u01b0\u01a1ng x\u01b0\u01a1ng kh\u1edbp v\u00f9ng c\u1ed5 ch\u00e2n, b\u00e0n ch\u00e2n, t\u1ed5n th\u01b0\u01a1ng d\u00e2y ch\u1eb1ng,vi\u00eam kh\u1edbp c\u1ed5 ch\u00e2n, c\u0103ng c\u01a1 v\u00f9ng c\u1ed5 ch\u00e2n, b\u00e0n ch\u00e2n ho\u1eb7c t\u1ed5n th\u01b0\u01a1ng m\u1eaft c\u00e1 trong m\u1eaft c\u00e1 ngo\u00e0i x\u01b0\u01a1ng c\u1eb3ng ch\u00e2n.<\/p>\n<\/div>\n<\/div>\n<\/div>\n<\/div>\n<\/div>\n<\/div>\n<\/div>\n<div>\n<h2><strong>\u0110\u1eb7c t\u00ednh n\u1ed5i b\u1eadt c\u1ee7a \u0111ai n\u1eb9p m\u1eaft c\u00e1 ch\u00e2n:\u00a0<\/strong><\/h2>\n<\/div>\n<div>\n<div>\n<div>\n<div>\n<div>\n<div>\n<div>\n<ul>\n<li>Thi\u1ebft k\u1ebf 3 l\u1edbp h\u1ed7 tr\u1ee3. N\u1eb9p c\u1ee9ng \u0111\u1ea3m b\u1ea3o b\u00f3 b\u1ea5t \u0111\u1ed9ng m\u1ea1nh m\u1ebd. D\u00e2y bu\u1ed9c \u0111\u1ea3m b\u1ea3o th\u1eaft ch\u1eb7t t\u1eebng v\u00f9ng, \u0111\u1ed9 b\u00e1m t\u1ed1t v\u00e0 v\u1eeba v\u1eb7n. \u0110ai co gi\u00e3n qu\u1ea5n h\u00ecnh s\u1ed1 8 cung c\u1ea5p b\u1ed5 sung th\u00eam \u0111\u1ed9 b\u00f3 v\u00e0 t\u00ednh \u1ed5n \u0111\u1ecbnh. N\u00f3 cung c\u1ea5p b\u1ed5 sung s\u1ef1 \u1ed5n \u0111\u1ecbnh cho d\u00e2y ch\u1eb1ng b\u00ean.<\/li>\n<li>C\u01a1 ch\u1ebf k\u00e9o d\u00e2y bu\u1ed9c \u0111\u1ec3 th\u1eaft ch\u1eb7t ho\u1eb7c n\u1edbi l\u1ecfng, d\u1ec5 \u0111eo v\u00e0 d\u1ec5 c\u1edfi. Ki\u1ec3u d\u00e1ng \u0111\u1eb9p, thi\u1ebft k\u1ebf c\u00f3 th\u1ec3 s\u1eed d\u1ee5ng nh\u01b0 1 \u0111\u00f4i gi\u00e0y \u0111i b\u00ean trong nh\u00e0. T\u00ednh \u0111\u1ed1i x\u1ee9ng cho ph\u00e9p s\u1eed d\u1ee5ng cho c\u1ea3 2 ch\u00e2n, kh\u00f4ng ph\u00e2n bi\u1ec7t tr\u00e1i\/ph\u1ea3i.<\/li>\n<li>Thanh n\u1eb9p c\u1ee9ng theo h\u00ecnh d\u00e1ng gi\u1ea3i ph\u1eabu PP \u0111\u1ea3m b\u1ea3o h\u1ed7 tr\u1ee3 b\u00f3 b\u1ea5t \u0111\u1ed9ng ho\u00e0n h\u1ea3o, c\u1ea3 g\u1eadp sau c\u1ed5 ch\u00e2n v\u00e0 g\u1eadp l\u00f2ng b\u00e0n ch\u00e2n., t\u1ea1o khung cho x\u01b0\u01a1ng Malleolus, t\u0103ng c\u01b0\u1eddng \u00f4m s\u00e1t v\u00e0 t\u1ea1o s\u1ef1 tho\u1ea3i m\u00e1i. Tr\u1ecdng l\u01b0\u1ee3ng nh\u1eb9.<\/li>\n<li>\u0110\u01b0\u1ee3c l\u00e0m b\u1eb1ng ch\u1ea5t li\u1ec7u da PU m\u1edd, b\u1ec1n, th\u1ea9m m\u1ef9 v\u00e0 \u00eam \u00e1i tho\u1ea3i m\u00e1i.<\/li>\n<\/ul>\n<\/div>\n<\/div>\n<\/div>\n<\/div>\n<\/div>\n<\/div>\n<\/div>","protected":false},"excerpt":{"rendered":"<div>\n<div>\n<div>\n<div>\n<div>\n<div>\n<div>\n<p><strong>N\u1eb9p m\u1eaft c\u00e1 ch\u00e2n<\/strong>\u00a0<strong>D-02<\/strong>\u00a0\u0111\u01b0\u1ee3c thi\u1ebft k\u1ebf \u0111\u1ec3 h\u1ed7 tr\u1ee3, \u1ed5n \u0111\u1ecbnh v\u00e0 h\u1ea1n ch\u1ebf ph\u1ea1m vi chuy\u1ec3n \u0111\u1ed9ng c\u1ee7a kh\u1edbp m\u1eaft c\u00e1 ch\u00e2n\u00a0khi b\u1ecb th\u01b0\u01a1ng, ho\u1eb7c cung c\u1ea5p bi\u1ec7n ph\u00e1p b\u1ea3o v\u1ec7 cho nh\u1eefng ng\u01b0\u1eddi d\u1ec5 b\u1ecb ch\u1ea5n th\u01b0\u01a1ng m\u1eaft c\u00e1 ch\u00e2n. N\u1eb9p\u00a0s\u1eed d\u1ee5ng ba l\u1ef1c t\u00e1c \u0111\u1ed9ng c\u1ee7a d\u00e2y \u0111ai, d\u00e2y bu\u1ed9c v\u00e0 n\u1eb9p gi\u1ea3i ph\u1eabu c\u1ee9ng b\u00ean \u0111\u1ec3 mang l\u1ea1i s\u1ef1 \u1ed5n \u0111\u1ecbnh m\u1eaft c\u00e1 ch\u00e2n t\u1ed1i \u01b0u. S\u1ea3n ph\u1ea9m n\u1eb9p m\u1eaft c\u00e1 ch\u00e2n \u0111\u01b0\u1ee3c thi\u1ebft k\u1ebf \u0111\u1ea3m b\u1ea3o<\/p>\n<\/div>\n<\/div>\n<\/div>\n<\/div>\n<\/div>\n<\/div>\n<\/div>\n<div>\n<ul>\n<li>N\u1eb9p c\u1ee9ng m\u1eaft c\u00e1 ch\u00e2n<\/li>\n<li>Ph\u00f9 h\u1ee3p v\u1edbi tr\u00e1i v\u00e0 ph\u1ea3i<\/li>\n<li>D\u1ec5 m\u1eb7c v\u00e0 c\u1edfi<\/li>\n<li>\u00d4m kh\u00edt t\u1ea1o c\u1ea3m gi\u00e1c\u00a0tho\u1ea3i m\u00e1i<\/li>\n<\/ul>\n<\/div>","protected":false},"featured_media":6784,"comment_status":"open","ping_status":"closed","template":"","meta":{"_acf_changed":false,"rank_math_lock_modified_date":false},"product_cat":[714,490,1361],"product_tag":[],"class_list":{"0":"post-1192","1":"product","2":"type-product","3":"status-publish","4":"has-post-thumbnail","6":"product_cat-dai-nep-chan-dai-nep-chan-thuong","7":"product_cat-dai-nep-chan-thuong","8":"product_cat-dai-nep-co-chan-mat-ca","10":"first","11":"instock","12":"shipping-taxable","13":"purchasable","14":"product-type-simple"},"acf":[],"_links":{"self":[{"href":"https:\/\/ykhoathongminh.com\/en\/wp-json\/wp\/v2\/product\/1192"}],"collection":[{"href":"https:\/\/ykhoathongminh.com\/en\/wp-json\/wp\/v2\/product"}],"about":[{"href":"https:\/\/ykhoathongminh.com\/en\/wp-json\/wp\/v2\/types\/product"}],"replies":[{"embeddable":true,"href":"https:\/\/ykhoathongminh.com\/en\/wp-json\/wp\/v2\/comments?post=1192"}],"wp:featuredmedia":[{"embeddable":true,"href":"https:\/\/ykhoathongminh.com\/en\/wp-json\/wp\/v2\/media\/6784"}],"wp:attachment":[{"href":"https:\/\/ykhoathongminh.com\/en\/wp-json\/wp\/v2\/media?parent=1192"}],"wp:term":[{"taxonomy":"product_cat","embeddable":true,"href":"https:\/\/ykhoathongminh.com\/en\/wp-json\/wp\/v2\/product_cat?post=1192"},{"taxonomy":"product_tag","embeddable":true,"href":"https:\/\/ykhoathongminh.com\/en\/wp-json\/wp\/v2\/product_tag?post=1192"}],"curies":[{"name":"wp","href":"https:\/\/api.w.org\/{rel}","templated":true}]}}