{"id":1193,"date":"2024-07-22T15:07:58","date_gmt":"2024-07-22T15:07:58","guid":{"rendered":"https:\/\/ykhoathongminh.com\/?post_type=product&#038;p=1193"},"modified":"2024-10-16T09:48:55","modified_gmt":"2024-10-16T09:48:55","slug":"dai-thoat-vi-ron-cho-tre-em-dyna","status":"publish","type":"product","link":"https:\/\/ykhoathongminh.com\/en\/product\/dai-thoat-vi-ron-cho-tre-em-dyna\/","title":{"rendered":"\u0110ai Tho\u00e1t V\u1ecb R\u1ed1n Cho Tr\u1ebb Em Dyna"},"content":{"rendered":"<p><b><u>\u0110\u1eb7c \u0111i\u1ec3m n\u1ed5i b\u1eadt:<\/u><\/b><\/p>\n<p>-H\u00e0ng nh\u1eadp kh\u1ea9u cao c\u1ea5p ch\u00ednh h\u00e3ng theo ti\u00eau chu\u1ea9n Ch\u00e2u \u00c2u.<\/p>\n<p>-Ch\u1ea5t li\u1ec7u m\u1ec1m c\u00f3 mi\u1ebfng c\u1ee9ng \u1edf gi\u1eefa gi\u00fap r\u1ed1n tr\u1edf l\u1ea1i b\u00ecnh th\u01b0\u1eddng.<\/p>\n<p>-H\u1ed7 tr\u1ee3 \u0111i\u1ec1u tr\u1ecb c\u01a1 b\u1eafp \u1edf b\u1ee5ng tr\u1ebb y\u1ebfu<\/p>\n<p>-H\u1ed7 tr\u1ee3 \u0111i\u1ec1u tr\u1ecb tho\u00e1t v\u1ecb r\u1ed1n \u1edf tr\u1ebb.<\/p>\n<p><strong><u>\u0110\u1eb7c \u0111i\u1ec3m s\u1ea3n ph\u1ea9m:<\/u><\/strong><\/p>\n<p>-L\u00e0m gi\u1ea3m tho\u00e1t v\u1ecb r\u1ed1n \u1edf tr\u1ebb b\u1eb1ng c\u00e1ch h\u1ed7 tr\u1ee3 t\u1eeb b\u00ean ngo\u00e0i t\u1edbi c\u00e1c c\u01a1 b\u1eafp suy y\u1ebfu<\/p>\n<p>-Ch\u1ea5t li\u1ec7u m\u1ec1m gi\u00fap gi\u1eef \u1ea5m cho c\u01a1 th\u1ec3 tr\u1ebb<\/p>\n<p>-D\u00e2y \u0111eo kh\u00f3a d\u00e1n d\u1ec5 d\u00e0ng s\u1eed d\u1ee5ng<\/p>\n<p><strong><u>\u1ee8ng d\u1ee5ng s\u1ea3n ph\u1ea9m<\/u><\/strong>:<\/p>\n<p>-H\u1ed7 tr\u1ee3 \u0111i\u1ec1u tr\u1ecb t\u1ed1t cho tr\u1ebb tho\u00e1i v\u1ecb r\u1ed1n<\/p>\n<p>-H\u1ed7 tr\u1ee3 \u0111i\u1ec1u tr\u1ecb c\u01a1 b\u1eafp \u1edf b\u1ee5ng tr\u1ebb y\u1ebfu<\/p>\n<p>-Gi\u1eef \u1ea5m b\u1ee5ng\u00a0 tr\u1ebb<\/p>\n<p>&nbsp;<\/p>","protected":false},"excerpt":{"rendered":"<p><strong>\u0110ai tho\u00e1t v\u1ecb r\u1ed1n Dyna<\/strong> l\u00e0 s\u1ea3n ph\u1ea9m nh\u1eadp kh\u1ea9u cao c\u1ea5p ch\u00ednh h\u00e3ng theo ti\u00eau chu\u1ea9n Ch\u00e2u \u00c2u gi\u00fap h\u1ed7 tr\u1ee3 \u0111i\u1ec1u tr\u1ecb c\u01a1 b\u1eafp \u1edf b\u1ee5ng tr\u1ebb y\u1ebfu, \u0111i\u1ec1u tr\u1ecb tho\u00e1t v\u1ecb r\u1ed1n \u1edf tr\u1ebb.<\/p>","protected":false},"featured_media":8664,"comment_status":"open","ping_status":"closed","template":"","meta":{"_acf_changed":false,"rank_math_lock_modified_date":false},"product_cat":[490,1188],"product_tag":[],"class_list":{"0":"post-1193","1":"product","2":"type-product","3":"status-publish","4":"has-post-thumbnail","6":"product_cat-dai-nep-chan-thuong","7":"product_cat-san-pham-dai-nep-khac","9":"first","10":"instock","11":"shipping-taxable","12":"purchasable","13":"product-type-simple"},"acf":[],"_links":{"self":[{"href":"https:\/\/ykhoathongminh.com\/en\/wp-json\/wp\/v2\/product\/1193"}],"collection":[{"href":"https:\/\/ykhoathongminh.com\/en\/wp-json\/wp\/v2\/product"}],"about":[{"href":"https:\/\/ykhoathongminh.com\/en\/wp-json\/wp\/v2\/types\/product"}],"replies":[{"embeddable":true,"href":"https:\/\/ykhoathongminh.com\/en\/wp-json\/wp\/v2\/comments?post=1193"}],"wp:featuredmedia":[{"embeddable":true,"href":"https:\/\/ykhoathongminh.com\/en\/wp-json\/wp\/v2\/media\/8664"}],"wp:attachment":[{"href":"https:\/\/ykhoathongminh.com\/en\/wp-json\/wp\/v2\/media?parent=1193"}],"wp:term":[{"taxonomy":"product_cat","embeddable":true,"href":"https:\/\/ykhoathongminh.com\/en\/wp-json\/wp\/v2\/product_cat?post=1193"},{"taxonomy":"product_tag","embeddable":true,"href":"https:\/\/ykhoathongminh.com\/en\/wp-json\/wp\/v2\/product_tag?post=1193"}],"curies":[{"name":"wp","href":"https:\/\/api.w.org\/{rel}","templated":true}]}}