{"id":1195,"date":"2024-07-22T15:07:58","date_gmt":"2024-07-22T15:07:58","guid":{"rendered":"https:\/\/ykhoathongminh.com\/?post_type=product&#038;p=1195"},"modified":"2024-09-27T07:10:21","modified_gmt":"2024-09-27T07:10:21","slug":"dai-treo-tay-dang-tui-cao-um-c08","status":"publish","type":"product","link":"https:\/\/ykhoathongminh.com\/en\/product\/dai-treo-tay-dang-tui-cao-um-c08\/","title":{"rendered":"\u0110ai treo tay d\u1ea1ng t\u00fai cao UM C08"},"content":{"rendered":"<p><strong>\u0110\u1eb6C T\u00cdNH V\u00c0 H\u1ed6 TR\u1ee2<\/strong><\/p>\n<ul>\n<li>\u0110\u00ea\u0323m lo\u0301t vai r\u00f4\u0323ng b\u0103\u0300ng bo\u0323t x\u00f4\u0301p \u0111i\u00ea\u0300u chi\u0309nh \u0111\u01b0\u01a1\u0323c, gia\u0309m a\u0301p l\u01b0\u0323c l\u00ean c\u00f4\u0309 va\u0300 vai.<\/li>\n<li>Tu\u0301i \u0111\u01b0\u0323ng to, c\u00e2\u0301u tru\u0301c 3 l\u01a1\u0301p s\u01a1\u0323i P.U mang la\u0323i \u0111\u00f4\u0323 b\u00ea\u0300n, ca\u0309m gia\u0301c d\u00ea\u0303 chi\u0323u.<\/li>\n<li>\u0110ai ke\u0301o da\u0300i t\u01b0\u0300 vo\u0300ng c\u00f4\u0309 tay, bao g\u00f4\u0300m khoa\u0301 da\u0323y ch\u01b0\u0303 D co\u0301 th\u00ea\u0309 \u0111i\u0301nh va\u0300o khung \u0111ai cho phe\u0301p n\u00e2ng ca\u0301nh tay.<\/li>\n<li>Thi\u00ea\u0301t k\u00ea\u0301 ph\u00f4\u0309 th\u00f4ng phu\u0300 h\u01a1\u0323p v\u01a1\u0301i tay tra\u0301i va\u0300 tay pha\u0309i<\/li>\n<li>Nh\u00e0 m\u00e1y s\u1ea3n xu\u1ea5t theo ti\u00eau chu\u1ea9n\u00a0ISO 9001:2015, WHO-GMP<\/li>\n<li>S\u1ea3n ph\u1ea9m \u0111\u01b0\u1ee3c s\u1ea3n xu\u1ea5t theo\u00a0ti\u00eau chu\u1ea9n Ch\u00e2u \u00c2u v\u00e0 c\u00f3 \u0111\u00e1nh d\u1ea5u CE<\/li>\n<\/ul>","protected":false},"excerpt":{"rendered":"<p><strong>\u0110ai treo tay d\u1ea1ng t\u00fai cao UM (C08)<\/strong> \u0111\u01b0\u1ee3c thi\u1ebft k\u1ebf bao ph\u1ee7 to\u00e0n ho\u00e0n ph\u1ea7n c\u00e1nh tay, gi\u00fap b\u1ea3o v\u1ec7 t\u1ed1t \u0111\u01b0\u1ee3c to\u00e0n b\u1ed9 ph\u1ea7n c\u00e1nh tay b\u1ecb th\u01b0\u01a1ng.<\/p>","protected":false},"featured_media":7083,"comment_status":"open","ping_status":"closed","template":"","meta":{"_acf_changed":false,"rank_math_lock_modified_date":false},"product_cat":[490,732,1376],"product_tag":[],"class_list":{"0":"post-1195","1":"product","2":"type-product","3":"status-publish","4":"has-post-thumbnail","6":"product_cat-dai-nep-chan-thuong","7":"product_cat-dai-nep-tay","8":"product_cat-tui-treo-tay","10":"first","11":"instock","12":"shipping-taxable","13":"purchasable","14":"product-type-variable"},"acf":[],"_links":{"self":[{"href":"https:\/\/ykhoathongminh.com\/en\/wp-json\/wp\/v2\/product\/1195"}],"collection":[{"href":"https:\/\/ykhoathongminh.com\/en\/wp-json\/wp\/v2\/product"}],"about":[{"href":"https:\/\/ykhoathongminh.com\/en\/wp-json\/wp\/v2\/types\/product"}],"replies":[{"embeddable":true,"href":"https:\/\/ykhoathongminh.com\/en\/wp-json\/wp\/v2\/comments?post=1195"}],"wp:featuredmedia":[{"embeddable":true,"href":"https:\/\/ykhoathongminh.com\/en\/wp-json\/wp\/v2\/media\/7083"}],"wp:attachment":[{"href":"https:\/\/ykhoathongminh.com\/en\/wp-json\/wp\/v2\/media?parent=1195"}],"wp:term":[{"taxonomy":"product_cat","embeddable":true,"href":"https:\/\/ykhoathongminh.com\/en\/wp-json\/wp\/v2\/product_cat?post=1195"},{"taxonomy":"product_tag","embeddable":true,"href":"https:\/\/ykhoathongminh.com\/en\/wp-json\/wp\/v2\/product_tag?post=1195"}],"curies":[{"name":"wp","href":"https:\/\/api.w.org\/{rel}","templated":true}]}}