{"id":1199,"date":"2024-07-22T15:07:59","date_gmt":"2024-07-22T15:07:59","guid":{"rendered":"https:\/\/ykhoathongminh.com\/?post_type=product&#038;p=1199"},"modified":"2024-11-29T08:52:10","modified_gmt":"2024-11-29T08:52:10","slug":"giay-chong-lat-bao-ve-bo-bot-um","status":"publish","type":"product","link":"https:\/\/ykhoathongminh.com\/en\/product\/giay-chong-lat-bao-ve-bo-bot-um\/","title":{"rendered":"Gi\u00e0y ch\u1ed1ng l\u1eadt b\u1ea3o v\u1ec7 b\u00f3 b\u1ed9t UM"},"content":{"rendered":"<p><strong>\u0110\u1eb6C T\u00cdNH &amp; HI\u1ec6U QU\u1ea2<\/strong><\/p>\n<ul>\n<li>\u0110\u1ebf gi\u00e0y thon g\u1ecdn c\u00f3 tr\u1ecdng l\u01b0\u1ee3ng nh\u1eb9, t\u0103ng c\u01b0\u1eddng kh\u1ea3 n\u0103ng \u0111i l\u1ea1i d\u1ec5 d\u00e0ng kh\u00f4i ph\u1ee5c d\u00e1ng \u0111i b\u00ecnh th\u01b0\u1eddng.<\/li>\n<li>Ch\u1ea5t li\u1ec7u cao su \u0111\u00fac nguy\u00ean \u0111\u1ebf gi\u00fap t\u0103ng \u0111\u1ed9 b\u1ec1n, ng\u0103n ng\u1eeba hao m\u00f2n, h\u01b0 h\u1ecfng, r\u00e1ch.<\/li>\n<li>H\u1ec7 th\u1ed1ng \u0111\u00f3ng v\u00f2ng m\u00f3c \u0111\u01b0\u1ee3c thi\u1ebft k\u1ebf \u0111\u1ed9c \u0111\u00e1o \u0111\u1ea3m b\u1ea3o k\u00edch th\u01b0\u1edbc linh ho\u1ea1t, \u0111\u1ed9 b\u00e1m t\u1ed1t v\u00e0 d\u1ec5 d\u00e0ng s\u1eed d\u1ee5ng.<\/li>\n<li>Nh\u00e0 m\u00e1y s\u1ea3n xu\u1ea5t \u0111\u1ea1t\u00a0ti\u00eau chu\u1ea9n\u00a0ISO 9001:2015, WHO-GMP<\/li>\n<li>S\u1ea3n ph\u1ea9m \u0111\u01b0\u1ee3c s\u1ea3n xu\u1ea5t theo\u00a0ti\u00eau chu\u1ea9n Ch\u00e2u \u00c2u v\u00e0 c\u00f3 \u0111\u00e1nh d\u1ea5u CE<\/li>\n<\/ul>","protected":false},"excerpt":{"rendered":"<p><strong>Gi\u00e0y b\u1ea3o v\u1ec7 b\u00f3 b\u1ed9t UM (C03)<\/strong> c\u00f3 thi\u1ebft k\u1ebf thon g\u1ecdn, d\u1ec5 di chuy\u1ec3n, kh\u00f4i ph\u1ee5c d\u00e1ng \u0111i nhanh. C\u1ea5u t\u1ea1o \u0111\u1ebf gi\u00e0y ch\u1ea5t li\u1ec7u \u0111\u00fac nguy\u00ean b\u1ea3n gi\u00fap t\u0103ng \u0111\u1ed9 b\u1ec1n.<\/p>","protected":false},"featured_media":6797,"comment_status":"open","ping_status":"closed","template":"","meta":{"_acf_changed":false,"rank_math_lock_modified_date":false},"product_cat":[1362,714,490],"product_tag":[],"class_list":{"0":"post-1199","1":"product","2":"type-product","3":"status-publish","4":"has-post-thumbnail","6":"product_cat-dai-nep-ban-chan-got-chan","7":"product_cat-dai-nep-chan-dai-nep-chan-thuong","8":"product_cat-dai-nep-chan-thuong","10":"first","11":"onbackorder","12":"shipping-taxable","13":"purchasable","14":"product-type-variable"},"acf":[],"_links":{"self":[{"href":"https:\/\/ykhoathongminh.com\/en\/wp-json\/wp\/v2\/product\/1199"}],"collection":[{"href":"https:\/\/ykhoathongminh.com\/en\/wp-json\/wp\/v2\/product"}],"about":[{"href":"https:\/\/ykhoathongminh.com\/en\/wp-json\/wp\/v2\/types\/product"}],"replies":[{"embeddable":true,"href":"https:\/\/ykhoathongminh.com\/en\/wp-json\/wp\/v2\/comments?post=1199"}],"wp:featuredmedia":[{"embeddable":true,"href":"https:\/\/ykhoathongminh.com\/en\/wp-json\/wp\/v2\/media\/6797"}],"wp:attachment":[{"href":"https:\/\/ykhoathongminh.com\/en\/wp-json\/wp\/v2\/media?parent=1199"}],"wp:term":[{"taxonomy":"product_cat","embeddable":true,"href":"https:\/\/ykhoathongminh.com\/en\/wp-json\/wp\/v2\/product_cat?post=1199"},{"taxonomy":"product_tag","embeddable":true,"href":"https:\/\/ykhoathongminh.com\/en\/wp-json\/wp\/v2\/product_tag?post=1199"}],"curies":[{"name":"wp","href":"https:\/\/api.w.org\/{rel}","templated":true}]}}