{"id":1200,"date":"2024-07-22T15:07:59","date_gmt":"2024-07-22T15:07:59","guid":{"rendered":"https:\/\/ykhoathongminh.com\/?post_type=product&#038;p=1200"},"modified":"2024-09-27T06:01:38","modified_gmt":"2024-09-27T06:01:38","slug":"giay-do-ban-chan-truoc-im-959","status":"publish","type":"product","link":"https:\/\/ykhoathongminh.com\/en\/product\/giay-do-ban-chan-truoc-im-959\/","title":{"rendered":"Gi\u00e0y \u0111\u1ee1 b\u00e0n ch\u00e2n tr\u01b0\u1edbc IM 959"},"content":{"rendered":"<h2>Ch\u1ec9 \u0111\u1ecbnh s\u1eed d\u1ee5ng c\u1ee7a s\u1ea3n ph\u1ea9m<\/h2>\n<p>\u2013 Gi\u00e0y gi\u1ea3m \u00e1p l\u1ef1c OH-959 d\u00f9ng v\u1edbi c\u00e1c ch\u1ea5n th\u01b0\u01a1ng c\u00e1c x\u01b0\u01a1ng b\u00e0n ng\u00f3n, c\u00e1c x\u01b0\u01a1ng ng\u00f3n ch\u00e2n.<br \/>\n\u2013 S\u1ea3n ph\u1ea9m h\u1ed7 tr\u1ee3 \u0111i\u1ec1u tr\u1ecb t\u1ed5n th\u01b0\u01a1ng ph\u1ea7n m\u1ec1m, th\u1ea7n kinh b\u00e0n ch\u00e2n &amp; ng\u00f3n ch\u00e2n.<\/p>\n<h3>C\u00f4ng d\u1ee5ng c\u1ee7a Gi\u00e0y gi\u1ea3m \u00e1p l\u1ef1c i-M OH-959:<\/h3>\n<p>\u2013 Khi \u0111eo gi\u00e0y, gi\u1ea3m \u00e1p l\u1ef1c t\u1ef3 \u0111\u00e8 l\u00ean ph\u1ea7n b\u00e0n ch\u00e2n tr\u01b0\u1edbc, to\u00e0n b\u1ed9 tr\u1ecdng l\u01b0\u1ee3ng c\u01a1 th\u1ec3 d\u1ed3n xu\u1ed1ng ph\u1ea7n g\u00f3t ch\u00e2n. Gi\u00fap b\u1ec7nh nh\u00e2n d\u1ec5 d\u00e0ng di chuy\u1ec3n, v\u1eadn \u0111\u1ed9ng chi d\u01b0\u1edbi trong \u0111i\u1ec1u tr\u1ecb ch\u1ea5n th\u01b0\u01a1ng c\u00e1c x\u01b0\u01a1ng b\u00e0n ng\u00f3n, c\u00e1c x\u01b0\u01a1ng ng\u00f3n ch\u00e2n (n\u1ed9i khoa ho\u1eb7c sau ph\u1ea9u thu\u1eadt).<br \/>\n\u2013 S\u1ea3n ph\u1ea9m gi\u00fap t\u0103ng t\u1ed1c \u0111\u1ed9 h\u1ed3i ph\u1ee5c c\u00e1c ch\u00e2n th\u01b0\u01a1ng \u1edf ch\u00e2n.<br \/>\n\u2013 Ng\u0103n ng\u1eeba tho\u00e1i h\u00f3a, c\u1ee9ng kh\u1edbp chi d\u01b0\u1edbi sau \u0111i\u1ec1u tr\u1ecb do di ch\u1ee9ng b\u1ea5t \u0111\u1ed9ng (b\u00f3 b\u1ed9t ho\u1eb7c n\u1eb9p c\u1ed1 \u0111\u1ecbnh).<\/p>","protected":false},"excerpt":{"rendered":"<p><strong>Gi\u00e0y gi\u1ea3m \u00e1p l\u1ef1c cho m\u0169i b\u00e0n ch\u00e2n i-M <\/strong>d\u00f9ng v\u1edbi ph\u00eda tr\u01b0\u1edbc b\u00e0n ch\u00e2n nh\u01b0 m\u0169i ch\u00e2n, ng\u00f3n ch\u00e2n.<br \/>\nD\u00f9ng \u0111\u01b0\u1ee3c v\u1edbi m\u1ed9t chi\u1ebfc gi\u00e0y th\u01b0\u1eddng.<\/p>","protected":false},"featured_media":6800,"comment_status":"open","ping_status":"closed","template":"","meta":{"_acf_changed":false,"rank_math_lock_modified_date":false},"product_cat":[1362,714,490],"product_tag":[],"class_list":{"0":"post-1200","1":"product","2":"type-product","3":"status-publish","4":"has-post-thumbnail","6":"product_cat-dai-nep-ban-chan-got-chan","7":"product_cat-dai-nep-chan-dai-nep-chan-thuong","8":"product_cat-dai-nep-chan-thuong","10":"first","11":"onbackorder","12":"shipping-taxable","13":"purchasable","14":"product-type-variable"},"acf":[],"_links":{"self":[{"href":"https:\/\/ykhoathongminh.com\/en\/wp-json\/wp\/v2\/product\/1200"}],"collection":[{"href":"https:\/\/ykhoathongminh.com\/en\/wp-json\/wp\/v2\/product"}],"about":[{"href":"https:\/\/ykhoathongminh.com\/en\/wp-json\/wp\/v2\/types\/product"}],"replies":[{"embeddable":true,"href":"https:\/\/ykhoathongminh.com\/en\/wp-json\/wp\/v2\/comments?post=1200"}],"wp:featuredmedia":[{"embeddable":true,"href":"https:\/\/ykhoathongminh.com\/en\/wp-json\/wp\/v2\/media\/6800"}],"wp:attachment":[{"href":"https:\/\/ykhoathongminh.com\/en\/wp-json\/wp\/v2\/media?parent=1200"}],"wp:term":[{"taxonomy":"product_cat","embeddable":true,"href":"https:\/\/ykhoathongminh.com\/en\/wp-json\/wp\/v2\/product_cat?post=1200"},{"taxonomy":"product_tag","embeddable":true,"href":"https:\/\/ykhoathongminh.com\/en\/wp-json\/wp\/v2\/product_tag?post=1200"}],"curies":[{"name":"wp","href":"https:\/\/api.w.org\/{rel}","templated":true}]}}