{"id":1201,"date":"2024-07-22T15:07:59","date_gmt":"2024-07-22T15:07:59","guid":{"rendered":"https:\/\/ykhoathongminh.com\/?post_type=product&#038;p=1201"},"modified":"2024-12-31T03:54:28","modified_gmt":"2024-12-31T03:54:28","slug":"nep-cang-tay-h4-orbe","status":"publish","type":"product","link":"https:\/\/ykhoathongminh.com\/en\/product\/nep-cang-tay-h4-orbe\/","title":{"rendered":"N\u1eb8P C\u1eb2NG TAY H4 ORBE"},"content":{"rendered":"<h2>Th\u00f4ng tin s\u1ea3n ph\u1ea9m N\u1eb9p c\u1eb3ng tay H4 Orbe<\/h2>\n<ul>\n<li style=\"text-align: justify;\">Nhi\u1ec1u b\u1ec7nh nh\u00e2n lo ng\u1ea1i vi\u1ec7c s\u1eed d\u1ee5ng n\u1eb9p trong m\u1ed9t th\u1eddi gian d\u00e0i c\u00f3 th\u1ec3 d\u1eabn \u0111\u1ebfn m\u1ea9n ng\u1ee9a, vi\u00eam lo\u00e9t. Tuy nhi\u00ean v\u1edbi n\u1eb9p c\u1eb3ng tay H4 Orbe\u00a0b\u1ea1n ho\u00e0n to\u00e0n kh\u00f4ng ph\u1ea3i lo l\u1eafng b\u1edfi s\u1ea3n ph\u1ea9m \u0111\u01b0\u01a1c s\u1ea3n xu\u1ea5t t\u1eeb v\u1ea3i Vynyl, v\u1ea3i cotton t\u1ea1o c\u1ea3m gi\u00e1c tho\u1ea3i m\u00e1i m\u1ed9t c\u00e1ch t\u1ed1i \u0111a cho ng\u01b0\u1eddi b\u1ec7nh.<\/li>\n<li style=\"text-align: justify;\">N\u1eb9p c\u1eb3ng tay Orbe H4 v\u1edbi thi\u1ebft k\u1ebf B\u0103ng nh\u00e1m d\u00ednh (kh\u00f3a Velcro), v\u00e0 n\u1eb9p h\u1ee3p kim nh\u00f4m.gi\u00fap c\u1ed1 \u0111\u1ecbnh ph\u1ea7n kh\u1edbp tay hi\u1ec7u qu\u1ea3, gi\u1ea3m \u1ea3nh h\u01b0\u1edfng l\u00ean v\u00f9ng ch\u1ea5n th\u01b0\u01a1ng trong qu\u00e1 tr\u00ecnh di chuy\u1ec3n.<\/li>\n<li style=\"text-align: justify;\">S\u1ea3n ph\u1ea9m\u00a0N\u1eb9p c\u1eb3ng tay H4 ORBE\u00a0c\u00f3 thi\u1ebft k\u1ebf g\u1ecdn g\u00e0ng, ti\u1ec7n d\u1ee5ng, \u0111\u1ea3m b\u1ea3o t\u00ednh th\u1ea9m m\u1ef9 cao<\/li>\n<li style=\"text-align: justify;\">N\u1eb9p c\u1eb3ng tay H4 ORBE\u00a0\u0111\u01b0\u1ee3c s\u1ea3n xu\u1ea5t tr\u00ean d\u00e2y chuy\u1ec1n hi\u1ec7n \u0111\u1ea1i, \u0111\u1ea1t ti\u00eau chu\u1ea9n qu\u1ed1c t\u1ebf \u0111\u01b0\u1ee3c b\u1ed9 y t\u1ebf c\u00f4ng nh\u1eadn.<\/li>\n<\/ul>\n<h3>N\u1eb9p c\u1eb3ng tay H4 Orbe s\u1eed d\u1ee5ng trong tr\u01b0\u1eddng h\u1ee3p n\u00e0o?<\/h3>\n<h3>1. Ch\u1ee9c n\u0103ng ch\u00ednh c\u1ee7a N\u1eb9p c\u1eb3ng tay H4 Orbe<\/h3>\n<ul>\n<li>C\u1ed1 \u0111\u1ecbnh g\u00e3y x\u01b0\u01a1ng, bong g\u00e2n \u1edf c\u1eb3ng tay, c\u1ed5 tay ho\u1eb7c b\u00e0n tay.<\/li>\n<\/ul>\n<h3>2. N\u1eb9p c\u1eb3ng tay H4 Orbe \u0111\u01b0\u1ee3c ch\u1ec9 \u0111\u1ecbnh cho c\u00e1c tr\u01b0\u1eddng h\u1ee3p:<\/h3>\n<ul>\n<li>S\u01a1 c\u1ee9u ch\u1ea5n th\u01b0\u01a1ng x\u01b0\u01a1ng, kh\u1edbp, c\u00e2n c\u01a1 v\u00f9ng c\u1eb3ng tay, c\u1ed5 tay kh\u00f4ng c\u1eed \u0111\u1ed9ng \u0111\u01b0\u1ee3c.<\/li>\n<li>H\u1ed7 tr\u1ee3 c\u1ed1 \u0111\u1ecbnh cho b\u1ec7nh nh\u00e2n sau g\u00e3y x\u01b0\u01a1ng tr\u1ee5, \u0111\u1ea7u d\u01b0\u1edbi x\u01b0\u01a1ng quay, g\u00e3y potocol.<\/li>\n<li>S\u1ea3n ph\u1ea9m gi\u00fap c\u1ed1 \u0111\u1ecbnh ph\u1ea7n x\u01b0\u01a1ng tay b\u1ecb g\u00e3y do va ch\u1ea1m<\/li>\n<\/ul>","protected":false},"excerpt":{"rendered":"<p>G\u00e3y x\u01b0\u01a1ng c\u1eb3ng tay l\u00e0 m\u1ed9t tai n\u1ea1n r\u1ea5t th\u01b0\u1eddng g\u1eb7p trong cu\u1ed9c s\u1ed1ng sinh ho\u1ea1t h\u1eb1ng ng\u00e0y. Vi\u1ec7c s\u01a1 c\u1ee9u ban \u0111\u1ea7u k\u1ecbp th\u1eddi v\u00e0 \u0111\u00fang c\u00e1ch khi g\u00e3y x\u01b0\u01a1ng s\u1ebd gi\u1ea3m \u0111\u01b0\u1ee3c 70% bi\u1ebfn ch\u1ee9ng. Hi\u1ec3u \u0111\u01b0\u1ee3c \u0111i\u1ec1u n\u00e0y, c\u00e1c chuy\u00ean gia y t\u1ebf \u0111\u00e3 nghi\u00ean c\u1ee9u v\u00e0 cho ra \u0111\u1eddi <strong>N\u1eb9p c\u1eb3ng tay H4 Orbe<\/strong> &#8211; gi\u1ea3i ph\u00e1p l\u00fd t\u01b0\u1edfng c\u1ed1 \u0111\u1ecbnh cho ng\u01b0\u1eddi b\u1ecb g\u00e3y x\u01b0\u01a1ng, bong g\u00e2n \u1edf c\u1eb3ng tay, c\u1ed5 tay ho\u1eb7c b\u00e0n tay. S\u1ea3n ph\u1ea9m \u0111ang \u0111\u01b0\u1ee3c nhi\u1ec1u b\u1ec7nh vi\u1ec7n, ph\u00f2ng kh\u00e1m l\u1edbn tr\u00ean c\u1ea3 n\u01b0\u1edbc tin d\u00f9ng.<\/p>","protected":false},"featured_media":7125,"comment_status":"open","ping_status":"closed","template":"","meta":{"_acf_changed":false,"rank_math_lock_modified_date":false},"product_cat":[490,732],"product_tag":[],"class_list":{"0":"post-1201","1":"product","2":"type-product","3":"status-publish","4":"has-post-thumbnail","6":"product_cat-dai-nep-chan-thuong","7":"product_cat-dai-nep-tay","9":"first","10":"instock","11":"shipping-taxable","12":"purchasable","13":"product-type-variable"},"acf":[],"_links":{"self":[{"href":"https:\/\/ykhoathongminh.com\/en\/wp-json\/wp\/v2\/product\/1201"}],"collection":[{"href":"https:\/\/ykhoathongminh.com\/en\/wp-json\/wp\/v2\/product"}],"about":[{"href":"https:\/\/ykhoathongminh.com\/en\/wp-json\/wp\/v2\/types\/product"}],"replies":[{"embeddable":true,"href":"https:\/\/ykhoathongminh.com\/en\/wp-json\/wp\/v2\/comments?post=1201"}],"wp:featuredmedia":[{"embeddable":true,"href":"https:\/\/ykhoathongminh.com\/en\/wp-json\/wp\/v2\/media\/7125"}],"wp:attachment":[{"href":"https:\/\/ykhoathongminh.com\/en\/wp-json\/wp\/v2\/media?parent=1201"}],"wp:term":[{"taxonomy":"product_cat","embeddable":true,"href":"https:\/\/ykhoathongminh.com\/en\/wp-json\/wp\/v2\/product_cat?post=1201"},{"taxonomy":"product_tag","embeddable":true,"href":"https:\/\/ykhoathongminh.com\/en\/wp-json\/wp\/v2\/product_tag?post=1201"}],"curies":[{"name":"wp","href":"https:\/\/api.w.org\/{rel}","templated":true}]}}