{"id":1203,"date":"2024-07-22T15:07:59","date_gmt":"2024-07-22T15:07:59","guid":{"rendered":"https:\/\/ykhoathongminh.com\/?post_type=product&#038;p=1203"},"modified":"2024-09-27T05:30:36","modified_gmt":"2024-09-27T05:30:36","slug":"nep-canh-tay-h3-orbe","status":"publish","type":"product","link":"https:\/\/ykhoathongminh.com\/en\/product\/nep-canh-tay-h3-orbe\/","title":{"rendered":"N\u1eb9p c\u00e1nh tay H3 Orbe"},"content":{"rendered":"<h2>N\u1eb9p c\u00e1nh tay H3 Orbe l\u00e0 s\u1ea3n ph\u1ea9m uy t\u00edn ch\u1ea5t l\u01b0\u1ee3ng<\/h2>\n<ul>\n<li style=\"text-align: justify;\">N\u1eb9p c\u00e1nh tay H3 Orbe thu\u1ed9c th\u01b0\u01a1ng hi\u1ec7u uy t\u00edn ORBE. Hi\u1ec7n nay nh\u00e3n hi\u1ec7u ORBE B\u0103ng n\u1eb9p ch\u1ea5n th\u01b0\u01a1ng ch\u1ec9nh h\u00ecnh \u0111\u00e3 nh\u1eadn \u0111\u01b0\u1ee3c s\u1ef1 t\u00edn nhi\u1ec7m r\u1ea5t l\u1edbn c\u1ee7a c\u00e1c b\u00e1c s\u1ef9, c\u00e1c nh\u00e0 chuy\u00ean m\u00f4n h\u00e0ng \u0111\u1ea7u trong l\u0129nh v\u1ef1c ph\u1ee5c h\u1ed3i ch\u1ee9c n\u0103ng v\u00e0 ch\u1ea5n th\u01b0\u01a1ng ch\u1ec9nh h\u00ecnh.<\/li>\n<li style=\"text-align: justify;\">Nhi\u1ec1u b\u1ec7nh nh\u00e2n lo ng\u1ea1i vi\u1ec7c s\u1eed d\u1ee5ng n\u1eb9p trong m\u1ed9t th\u1eddi gian d\u00e0i c\u00f3 th\u1ec3 d\u1eabn \u0111\u1ebfn m\u1ea9n ng\u1ee9a, vi\u00eam lo\u00e9t. Tuy nhi\u00ean v\u1edbi\u00a0<strong>N\u1eb9p c\u00e1nh tay H3 Orbe<\/strong>\u00a0b\u1ea1n ho\u00e0n to\u00e0n kh\u00f4ng ph\u1ea3i lo l\u1eafng b\u1edfi s\u1ea3n ph\u1ea9m \u0111\u01b0\u01a1c s\u1ea3n xu\u1ea5t 100% t\u1eeb cotton c\u1ed9ng th\u00eam c\u00e1c l\u1ed7 tho\u00e1t kh\u00ed gi\u00fap t\u1ea1o c\u1ea3m gi\u00e1c tho\u1ea3i m\u00e1i m\u1ed9t c\u00e1ch t\u1ed1i \u0111a cho ng\u01b0\u1eddi b\u1ec7nh. \u01afu \u0111i\u1ec3m n\u00e0y \u0111\u00e3 \u0111\u01b0\u1ee3c ki\u1ec3m nghi\u1ec7m th\u1ef1c t\u1ebf v\u00e0 c\u00f3 gi\u1ea5y ch\u1ee9ng nh\u1eadn.<\/li>\n<li style=\"text-align: justify;\">N\u1eb9p c\u00e1nh tay H3 Orbe\u00a0v\u1edbi thi\u1ebft k\u1ebf kho\u00e1 Velcro gi\u00fap C\u1ed1 \u0111\u1ecbnh 1\/3 d\u01b0\u1edbi x\u01b0\u01a1ng c\u00e1nh tay, x\u01b0\u01a1ng c\u1eb3ng tay v\u00e0 kh\u1edbp khu\u1ef7u.hi\u1ec7u qu\u1ea3, gi\u1ea3m \u1ea3nh h\u01b0\u1edfng l\u00ean v\u00f9ng kh\u1edbp vai trong qu\u00e1 tr\u00ecnh di chuy\u1ec3n.<\/li>\n<li style=\"text-align: justify;\">S\u1ea3n ph\u1ea9m N\u1eb9p c\u00e1nh tay H3 Orbe\u00a0c\u00f3 thi\u1ebft k\u1ebf g\u1ecdn g\u00e0ng, ti\u1ec7n d\u1ee5ng, \u0111\u1ea3m b\u1ea3o t\u00ednh th\u1ea9m m\u1ef9 cao<\/li>\n<li style=\"text-align: justify;\">C\u00f3 th\u1ec3 gi\u1eb7t tay b\u1eb1ng x\u00e0 ph\u00f2ng.<\/li>\n<li style=\"text-align: justify;\">N\u1eb9p c\u00e1nh tay H3 Orbe\u00a0\u0111\u01b0\u1ee3c s\u1ea3n xu\u1ea5t tr\u00ean d\u00e2y chuy\u1ec1n hi\u1ec7n \u0111\u1ea1i, \u0111\u1ea1t ti\u00eau chu\u1ea9n qu\u1ed1c t\u1ebf \u0111\u01b0\u1ee3c b\u1ed9 y t\u1ebf c\u00f4ng nh\u1eadn.<\/li>\n<\/ul>\n<h2>N\u1eb9p c\u00e1nh tay H3 Orbe\u00a0s\u1eed d\u1ee5ng trong tr\u01b0\u1eddng h\u1ee3p n\u00e0o?<\/h2>\n<ol>\n<li>\n<h3>\u00a0 \u00a0 \u00a0Ch\u1ee9c n\u0103ng\u00a0ch\u00ednh c\u1ee7a\u00a0N\u1eb9p c\u00e1nh tay H3 Orbe<\/h3>\n<\/li>\n<\/ol>\n<ul>\n<li>C\u1ed1 \u0111\u1ecbnh 1\/3 d\u01b0\u1edbi x\u01b0\u01a1ng c\u00e1nh tay, x\u01b0\u01a1ng c\u1eb3ng tay v\u00e0 kh\u1edbp khu\u1ef7u.<\/li>\n<\/ul>\n<ol start=\"2\">\n<li>\n<h3>\u00a0 \u00a0 \u00a0N\u1eb9p c\u00e1nh tay H3 Orbe \u0111\u01b0\u1ee3c Ch\u1ec9 \u0111\u1ecbnh\u00a0trong nh\u1eefng tr\u01b0\u1eddng h\u1ee3p:<\/h3>\n<\/li>\n<\/ol>\n<ul>\n<li style=\"text-align: justify;\">S\u01a1 c\u1ee9u, c\u1ed1 \u0111\u1ecbnh g\u00e3y x\u01b0\u01a1ng, bong g\u00e2n khu v\u1ef1c 1\/3 d\u01b0\u1edbi x\u01b0\u01a1ng c\u00e1nh tay, x\u01b0\u01a1ng c\u1eb3ng tay v\u00e0 kh\u1edbp khu\u1ef7u tay.<\/li>\n<li style=\"text-align: justify;\">C\u1ed1 \u0111\u1ecbnh sau m\u1ed5 x\u01b0\u01a1ng, kh\u1edbp chi tr\u00ean, sau ch\u1ea5n th\u01b0\u01a1ng.<\/li>\n<li style=\"text-align: justify;\">\u1ed4n \u0111\u1ecbnh kh\u1edbp khu\u1ef7u tay.<\/li>\n<\/ul>","protected":false},"excerpt":{"rendered":"<p style=\"text-align: justify;\">Nh\u1eefng va ch\u1ea1m hay tai n\u1ea1n b\u1ea5t ng\u1edd c\u00f3 th\u1ec3 khi\u1ebfn cho b\u1ea1n b\u1ecb g\u00e3y x\u01b0\u01a1ng kh\u1edbp tay.\u00a0\u0110\u00e2y l\u00e0 m\u1ed9t ch\u1ea5n th\u01b0\u01a1ng th\u01b0\u1eddng g\u1eb7p \u1edf m\u1ecdi l\u1ee9a tu\u1ed5i. \u0110\u1ed1i v\u1edbi ng\u01b0\u1eddi tr\u01b0\u1edfng th\u00e0nh, g\u00e3y tay chi\u1ebfm t\u1ec9 l\u1ec7 g\u1ea7n 50% c\u00e1c tr\u01b0\u1eddng h\u1ee3p g\u00e3y x\u01b0\u01a1ng. G\u00e3y tay r\u1ea5t nguy hi\u1ec3m v\u00e0 c\u1ea7n \u0111\u01b0\u1ee3c ch\u1eefa tr\u1ecb k\u1ecbp th\u1eddi, nhanh ch\u00f3ng. B\u1edfi n\u1ebfu kh\u00f4ng ch\u1eefa tr\u1ecb k\u1ecbp th\u1eddi c\u00f3 th\u1ec3 d\u1eabn \u0111\u1ebfn nhi\u1ec1u bi\u1ebfn ch\u1ee9ng nguy hi\u1ec3m cho b\u1ec7nh nh\u00e2n th\u1eadm ch\u00ed l\u00e0 kh\u00f4ng th\u1ec3 ph\u1ee5c h\u1ed3i \u0111\u01b0\u1ee3c.\u00a0Trong \u0111\u00f3 vi\u1ec7c c\u1ed1 \u0111\u1ecbnh c\u00e1nh tay sau ch\u1ea5n th\u01b0\u01a1ng l\u00e0 \u0111i\u1ec1u v\u00f4 c\u00f9ng quan tr\u1ecdng.<\/p>\n<p style=\"text-align: justify;\">Hi\u1ec3u \u0111\u01b0\u1ee3c \u0111i\u1ec1u n\u00e0y, c\u00e1c chuy\u00ean gia y t\u1ebf \u0111\u00e3 nghi\u00ean c\u1ee9u v\u00e0 cho ra \u0111\u1eddi s\u1ea3n ph\u1ea9m <strong>N\u1eb9p c\u00e1nh tay H3 ORBE<\/strong><a href=\"https:\/\/goo.gl\/6f9zFK\"><strong>\u00a0<\/strong><\/a>\u2013 c\u00f4ng c\u1ee5 l\u00fd t\u01b0\u1edfng S\u01a1 c\u1ee9u, c\u1ed1 \u0111\u1ecbnh g\u00e3y x\u01b0\u01a1ng, bong g\u00e2n khu v\u1ef1c 1\/3 d\u01b0\u1edbi x\u01b0\u01a1ng c\u00e1nh tay, x\u01b0\u01a1ng c\u1eb3ng tay v\u00e0 kh\u1edbp khu\u1ef7u tay. Ho\u1eb7c c\u1ed1 \u0111\u1ecbnh sau m\u1ed5 x\u01b0\u01a1ng, kh\u1edbp chi tr\u00ean, sau ch\u1ea5n th\u01b0\u01a1ng.\u00a0N\u1eb9p c\u00e1nh tay H3 ORBE\u00a0 gi\u00fap \u1ed4n \u0111\u1ecbnh kh\u1edbp khu\u1ef7u tay hi\u1ec7u qu\u1ea3. \u0110\u00e2y l\u00e0 s\u1ea3n ph\u1ea9m \u0111ang \u0111\u01b0\u1ee3c r\u1ea5t nhi\u1ec1u b\u1ec7nh vi\u1ec7n, ph\u00f2ng kh\u00e1m l\u1edbn tr\u00ean kh\u1eafp c\u1ea3 n\u01b0\u1edbc tin d\u00f9ng<\/p>","protected":false},"featured_media":7100,"comment_status":"open","ping_status":"closed","template":"","meta":{"_acf_changed":false,"rank_math_lock_modified_date":false},"product_cat":[1365,490,732,1368],"product_tag":[],"class_list":{"0":"post-1203","1":"product","2":"type-product","3":"status-publish","4":"has-post-thumbnail","6":"product_cat-dai-nep-cang-tay","7":"product_cat-dai-nep-chan-thuong","8":"product_cat-dai-nep-tay","9":"product_cat-dai-nep-tay-khac","11":"first","12":"instock","13":"shipping-taxable","14":"purchasable","15":"product-type-variable"},"acf":[],"_links":{"self":[{"href":"https:\/\/ykhoathongminh.com\/en\/wp-json\/wp\/v2\/product\/1203"}],"collection":[{"href":"https:\/\/ykhoathongminh.com\/en\/wp-json\/wp\/v2\/product"}],"about":[{"href":"https:\/\/ykhoathongminh.com\/en\/wp-json\/wp\/v2\/types\/product"}],"replies":[{"embeddable":true,"href":"https:\/\/ykhoathongminh.com\/en\/wp-json\/wp\/v2\/comments?post=1203"}],"wp:featuredmedia":[{"embeddable":true,"href":"https:\/\/ykhoathongminh.com\/en\/wp-json\/wp\/v2\/media\/7100"}],"wp:attachment":[{"href":"https:\/\/ykhoathongminh.com\/en\/wp-json\/wp\/v2\/media?parent=1203"}],"wp:term":[{"taxonomy":"product_cat","embeddable":true,"href":"https:\/\/ykhoathongminh.com\/en\/wp-json\/wp\/v2\/product_cat?post=1203"},{"taxonomy":"product_tag","embeddable":true,"href":"https:\/\/ykhoathongminh.com\/en\/wp-json\/wp\/v2\/product_tag?post=1203"}],"curies":[{"name":"wp","href":"https:\/\/api.w.org\/{rel}","templated":true}]}}