{"id":1205,"date":"2024-07-22T15:07:59","date_gmt":"2024-07-22T15:07:59","guid":{"rendered":"https:\/\/ykhoathongminh.com\/?post_type=product&#038;p=1205"},"modified":"2024-10-16T09:45:37","modified_gmt":"2024-10-16T09:45:37","slug":"nep-cang-chan-dai-ty-sport","status":"publish","type":"product","link":"https:\/\/ykhoathongminh.com\/en\/product\/nep-cang-chan-dai-ty-sport\/","title":{"rendered":"N\u1eb9p C\u1eb3ng Ch\u00e2n D\u00e0i Ty Sport"},"content":{"rendered":"<h2>1.Ch\u1ee9c n\u0103ng s\u1eed d\u1ee5ng :<\/h2>\n<p>Sau ch\u1ea5n th\u01b0\u01a1ng kh\u1edbp, d\u00e2y ch\u1eb1ng \u1edf c\u1ed5 ch\u00e2n, b\u00e0n ch\u00e2n c\u00e1c b\u01b0\u1edbc ch\u00e2n \u0111\u1ea7u ti\u00ean v\u00e0o bu\u1ed5i s\u00e1ng th\u01b0\u1eddng g\u00e2y cho b\u1ec7nh nh\u00e2n s\u1ef1 \u0111au \u0111\u1edbn, do trong l\u00fac ngh\u1ec9 b\u00e0n ch\u00e2n lu\u00f4n lu\u00f4n \u1edf tr\u1ea1ng th\u00e1i du\u1ed7i th\u1eb3ng.<\/p>\n<p>Ho\u1eb7c sau th\u1eddi gian b\u1ea5t \u0111\u1ed9ng trong ch\u1ea5n th\u01b0\u01a1ng, ch\u00e2n ng\u01b0\u1eddi b\u1ec7nh s\u1ebd b\u1ecb di ch\u1ee9ng \u201cb\u00e0n ch\u00e2n nh\u00f3n\u201d, vi\u1ec7c h\u1ed3i ph\u1ee5c m\u1ea5t r\u1ea5t nhi\u1ec1u th\u1eddi gian. &#8211; N\u1eb9p c\u1eb3ng ch\u00e2n ng\u1eafn Gia hu \u0111\u01b0\u1ee3c thi\u1ebft k\u1ebf gi\u00fap cho ch\u00e2n ng\u01b0\u1eddi s\u1eed d\u1ee5ng lu\u00f4n \u1edf v\u1ecb tr\u00ed ch\u1ee9c n\u0103ng trong l\u00fac ngh\u1ec9 ng\u01a1i.<\/p>\n<h2>2. Ch\u1ec9 \u0111\u1ecbnh:<\/h2>\n<p>&#8211; Ch\u1ea5n th\u01b0\u01a1ng x\u01b0\u01a1ng kh\u1edbp v\u00f9ng c\u1ed5 ch\u00e2n, b\u00e0n ch\u00e2n.<\/p>\n<p>&#8211; Vi\u00eam kh\u1edbp c\u1ed5 ch\u00e2n.<\/p>","protected":false},"excerpt":{"rendered":"<p><strong>N\u1eb9p c\u1eb3ng ch\u00e2n d\u00e0i Ty Sport<\/strong> gi\u00fap C\u1ed1 \u0111\u1ecbnh ch\u1ea5n th\u01b0\u01a1ng g\u00e3y x\u01b0\u01a1ng, bong g\u00e2n c\u1eb3ng ch\u00e2n, c\u1ed5 ch\u00e2n v\u00e0 b\u00e0n ch\u00e2n. L\u00e0 s\u1ea3n ph\u1ea9m \u0111\u01b0\u1ee3c nhi\u1ec1u ph\u00f2ng kh\u00e1m v\u00e0 b\u00e1c s\u1ef9 khuy\u00ean d\u00f9ng.<\/p>\n<p><strong>S\u1ed1 7<\/strong>: Chi\u1ec1u d\u00e0i 63cm (B\u00e0n ch\u00e2n 25cm)<br \/>\n<strong>S\u1ed1 8<\/strong>: Chi\u1ec1u d\u00e0i 65cm (B\u00e0n ch\u00e2n 26cm)<\/p>\n<p>&nbsp;<\/p>","protected":false},"featured_media":8661,"comment_status":"open","ping_status":"closed","template":"","meta":{"_acf_changed":false,"rank_math_lock_modified_date":false},"product_cat":[1362,1360,714,490,1361,1359,1358],"product_tag":[],"class_list":{"0":"post-1205","1":"product","2":"type-product","3":"status-publish","4":"has-post-thumbnail","6":"product_cat-dai-nep-ban-chan-got-chan","7":"product_cat-dai-nep-cang-chan","8":"product_cat-dai-nep-chan-dai-nep-chan-thuong","9":"product_cat-dai-nep-chan-thuong","10":"product_cat-dai-nep-co-chan-mat-ca","11":"product_cat-dai-nep-dau-goi","12":"product_cat-dai-nep-dui","14":"first","15":"instock","16":"shipping-taxable","17":"purchasable","18":"product-type-variable"},"acf":[],"_links":{"self":[{"href":"https:\/\/ykhoathongminh.com\/en\/wp-json\/wp\/v2\/product\/1205"}],"collection":[{"href":"https:\/\/ykhoathongminh.com\/en\/wp-json\/wp\/v2\/product"}],"about":[{"href":"https:\/\/ykhoathongminh.com\/en\/wp-json\/wp\/v2\/types\/product"}],"replies":[{"embeddable":true,"href":"https:\/\/ykhoathongminh.com\/en\/wp-json\/wp\/v2\/comments?post=1205"}],"wp:featuredmedia":[{"embeddable":true,"href":"https:\/\/ykhoathongminh.com\/en\/wp-json\/wp\/v2\/media\/8661"}],"wp:attachment":[{"href":"https:\/\/ykhoathongminh.com\/en\/wp-json\/wp\/v2\/media?parent=1205"}],"wp:term":[{"taxonomy":"product_cat","embeddable":true,"href":"https:\/\/ykhoathongminh.com\/en\/wp-json\/wp\/v2\/product_cat?post=1205"},{"taxonomy":"product_tag","embeddable":true,"href":"https:\/\/ykhoathongminh.com\/en\/wp-json\/wp\/v2\/product_tag?post=1205"}],"curies":[{"name":"wp","href":"https:\/\/api.w.org\/{rel}","templated":true}]}}