{"id":1206,"date":"2024-07-22T15:07:59","date_gmt":"2024-07-22T15:07:59","guid":{"rendered":"https:\/\/ykhoathongminh.com\/?post_type=product&#038;p=1206"},"modified":"2024-09-27T05:33:03","modified_gmt":"2024-09-27T05:33:03","slug":"nep-co-cung-h1-orbe","status":"publish","type":"product","link":"https:\/\/ykhoathongminh.com\/en\/product\/nep-co-cung-h1-orbe\/","title":{"rendered":"N\u1eb9p c\u1ed5 c\u1ee9ng H1 Orbe"},"content":{"rendered":"<h2>N\u1eb9p c\u1ed5 c\u1ee9ng H1 Orbe l\u00e0 s\u1ea3n ph\u1ea9m nh\u01b0 th\u1ebf n\u00e0o?<\/h2>\n<ul>\n<li style=\"text-align: justify;\">Ch\u1ea5t li\u1ec7u s\u1ea3n ph\u1ea9m l\u00e0 m\u1ed9t trong nh\u1eefng y\u1ebfu t\u1ed1 h\u00e0ng \u0111\u1ea7u quy\u1ebft \u0111\u1ecbnh \u0111\u1ebfn ch\u1ea5t l\u01b0\u1ee3ng s\u1ea3n ph\u1ea9m. N\u1eb9p c\u1ed5 c\u1ee9ng H1 Orbe \u0111\u01b0\u1ee3c l\u00e0m t\u1eeb ch\u1ea5t li\u1ec7u nh\u1ef1a EVA\u00a0c\u00f3 \u0111\u1ed9 d\u1ebbo dai, m\u1ec1m m\u1ea1i, nh\u1eb9, c\u00f3 kh\u1ea3 n\u0103ng ch\u1ecbu l\u1ef1c v\u00e0 kh\u00f4ng \u0111\u1ed9c h\u1ea1i.<\/li>\n<li style=\"text-align: justify;\">N\u1eb9p c\u1ed5 c\u1ee9ng H1 Orbe\u00a0c\u00f3 thi\u1ebft k\u1ebf g\u1ecdn g\u00e0ng, ti\u1ec7n d\u1ee5ng, \u0111\u1ea3m b\u1ea3o t\u00ednh th\u1ea9m m\u1ef9 cao<\/li>\n<li style=\"text-align: justify;\">N\u1eb9p c\u1ed5 c\u1ee9ng H1 Orbe\u00a0c\u00f3 thi\u1ebft k\u1ebf h\u1edf ph\u1ea7n tr\u01b0\u1edbc gi\u00fap th\u00f4ng tho\u00e1ng t\u1ea1o c\u1ea3m gi\u00e1c tho\u1ea3i m\u00e1i kh\u00f4ng b\u00ed b\u00e1ch cho nh\u1eefng b\u1ec7nh nh\u00e2n d\u00f9ng l\u00e2u ng\u00e0y.<\/li>\n<li style=\"text-align: justify;\">N\u1eb9p c\u1ed5 c\u1ee9ng H1 Orbe\u00a0v\u1edbi thi\u1ebft k\u1ebf\u00a0kh\u00f3a Velcro ti\u1ec7n d\u1ee5ng, t\u0103ng hi\u1ec7u qu\u1ea3 c\u1ed1 \u0111\u1ecbnh c\u1ed9t s\u1ed1ng c\u1ed5<\/li>\n<\/ul>\n<p style=\"text-align: justify;\"><b>N\u1eb9p c\u1ed5 c\u1ee9ng H1 Orbe <\/b>\u0111\u01b0\u1ee3c ch\u1ec9 \u0111\u1ecbnh trong c\u00e1c tr\u01b0\u1eddng h\u1ee3p:<\/p>\n<ul style=\"text-align: justify;\">\n<li>S\u01a1 c\u1ee9u ch\u1ea5n th\u01b0\u01a1ng c\u1ed9t s\u1ed1ng c\u1ed5,<\/li>\n<li>Tr\u1eb9o c\u1ed5, c\u0103ng qu\u00e1 m\u1ee9c<\/li>\n<li>H\u1ed7 tr\u1ee3 sau ph\u1eabu thu\u1eadt \u0111\u1ed1t s\u1ed1ng c\u1ed5.<\/li>\n<\/ul>\n<p style=\"text-align: justify;\"><strong>N\u1eb9p c\u1ed5 c\u1ee9ng H1 Orbe<\/strong>\u00a0gi\u00fap b\u1ec7nh nh\u00e2n nhanh ch\u00f3ng gi\u1ea3m nh\u1eefng c\u01a1n \u0111au do ch\u1ea5n th\u01b0\u01a1ng c\u1ed5, \u0111\u1ecbnh h\u00ecnh x\u01b0\u01a1ng c\u1ed5. Sau khi h\u1ed3i ph\u1ee5c, x\u01b0\u01a1ng c\u1ed5 c\u1ee7a b\u1ec7nh nh\u00e2n s\u1ebd v\u1ec1 \u0111\u00fang v\u1ecb tr\u00ed ban \u0111\u1ea7u tr\u01b0\u1edbc khi b\u1ecb tai n\u1ea1n. S\u1ea3n ph\u1ea9m \u0111\u01b0\u1ee3c s\u1eed d\u1ee5ng trong nhi\u1ec1u b\u1ec7nh vi\u1ec7n, ph\u00f2ng kh\u00e1m chuy\u00ean khoa.<\/p>","protected":false},"excerpt":{"rendered":"<p style=\"text-align: justify;\">Ch\u1ea5n th\u01b0\u01a1ng c\u1ed9t s\u1ed1ng c\u1ed5 l\u00e0 m\u1ed9t trong nh\u1eefng b\u1ec7nh kh\u00e1 ph\u1ed5 bi\u1ebfn hi\u1ec7n nay \u1edf m\u1ecdi l\u1ee9a tu\u1ed5i. Nguy\u00ean nh\u00e2n th\u01b0\u1eddng l\u00e0 do tai n\u1ea1n xe m\u00e1y, m\u00f4 t\u00f4, b\u1ecb th\u01b0\u01a1ng do ng\u00e3, ho\u1eb7c ch\u1ea5n th\u01b0\u01a1ng khi ch\u01a1i th\u1ec3 thao. Trong \u0111\u00f3 tai n\u1ea1n giao th\u00f4ng chi\u1ebfm h\u01a1n 40% c\u00e1c tr\u01b0\u1eddng h\u1ee3p ch\u1ea5n th\u01b0\u01a1ng c\u1ed5. Vi\u1ec7c c\u1ed1 \u0111\u1ecbnh c\u1ed9t s\u1ed1ng c\u1ed5 sau ch\u1ea5n th\u01b0\u01a1ng l\u00e0 vi\u1ec7c v\u00f4 c\u00f9ng quan tr\u1ecdng.<\/p>\n<p style=\"text-align: justify;\">Hi\u1ec3u \u0111\u01b0\u1ee3c \u0111i\u1ec1u n\u00e0y c\u00e1c chuy\u00ean gia y t\u1ebf \u0111\u00e3 nghi\u00ean c\u1ee9u v\u00e0 cho ra \u0111\u1eddi s\u1ea3n ph\u1ea9m <strong>N\u1eb9p c\u1ed5 c\u1ee9ng H1 ORBE<\/strong> \u2013 c\u00f4ng c\u1ee5 l\u00fd t\u01b0\u1edfng h\u1ed7 tr\u1ee3, c\u1ed1 \u0111\u1ecbnh c\u1ed9t s\u1ed1ng c\u1ed5 sau ch\u1ea5n th\u01b0\u01a1ng. \u0110\u00e2y l\u00e0 s\u1ea3n ph\u1ea9m \u0111ang r\u1ea5t \u0111\u01b0\u1ee3c \u01b0a chu\u1ed9ng t\u1ea1i nhi\u1ec1u b\u1ec7nh vi\u1ec7n, ph\u00f2ng kh\u00e1m chuy\u00ean khoa tr\u00ean kh\u1eafp c\u1ea3 n\u01b0\u1edbc.<\/p>","protected":false},"featured_media":6902,"comment_status":"open","ping_status":"closed","template":"","meta":{"_acf_changed":false,"rank_math_lock_modified_date":false},"product_cat":[490,491],"product_tag":[],"class_list":{"0":"post-1206","1":"product","2":"type-product","3":"status-publish","4":"has-post-thumbnail","6":"product_cat-dai-nep-chan-thuong","7":"product_cat-dai-nep-co","9":"first","10":"instock","11":"shipping-taxable","12":"purchasable","13":"product-type-variable"},"acf":[],"_links":{"self":[{"href":"https:\/\/ykhoathongminh.com\/en\/wp-json\/wp\/v2\/product\/1206"}],"collection":[{"href":"https:\/\/ykhoathongminh.com\/en\/wp-json\/wp\/v2\/product"}],"about":[{"href":"https:\/\/ykhoathongminh.com\/en\/wp-json\/wp\/v2\/types\/product"}],"replies":[{"embeddable":true,"href":"https:\/\/ykhoathongminh.com\/en\/wp-json\/wp\/v2\/comments?post=1206"}],"wp:featuredmedia":[{"embeddable":true,"href":"https:\/\/ykhoathongminh.com\/en\/wp-json\/wp\/v2\/media\/6902"}],"wp:attachment":[{"href":"https:\/\/ykhoathongminh.com\/en\/wp-json\/wp\/v2\/media?parent=1206"}],"wp:term":[{"taxonomy":"product_cat","embeddable":true,"href":"https:\/\/ykhoathongminh.com\/en\/wp-json\/wp\/v2\/product_cat?post=1206"},{"taxonomy":"product_tag","embeddable":true,"href":"https:\/\/ykhoathongminh.com\/en\/wp-json\/wp\/v2\/product_tag?post=1206"}],"curies":[{"name":"wp","href":"https:\/\/api.w.org\/{rel}","templated":true}]}}