{"id":1212,"date":"2024-07-22T15:08:00","date_gmt":"2024-07-22T15:08:00","guid":{"rendered":"https:\/\/ykhoathongminh.com\/?post_type=product&#038;p=1212"},"modified":"2024-09-27T05:59:06","modified_gmt":"2024-09-27T05:59:06","slug":"nep-dem-ngan-h1-orbe","status":"publish","type":"product","link":"https:\/\/ykhoathongminh.com\/en\/product\/nep-dem-ngan-h1-orbe\/","title":{"rendered":"N\u1eb9p \u0111\u00eam ng\u1eafn H1 Orbe"},"content":{"rendered":"<h2><strong>N\u1eb9p \u0111\u00eam ng\u1eafn H1 Orbe l\u00e0 s\u1ea3n ph\u1ea9m ch\u1ea5t l\u01b0\u1ee3ng cao<\/strong><\/h2>\n<ul>\n<li style=\"text-align: justify;\">Ch\u1ea5t li\u1ec7u s\u1ea3n ph\u1ea9m l\u00e0 m\u1ed9t y\u00eau c\u1ea7u ti\u00ean quy\u1ebft \u0111\u1ebfn ch\u1ea5t l\u01b0\u1ee3ng s\u1ea3n ph\u1ea9m.\u00a0<strong>N\u1eb9p \u0111\u00eam ng\u1eafn H1 Orbe<\/strong>\u00a0\u0111\u01b0\u1ee3c s\u1ea3n xu\u1ea5t t\u1eeb ch\u1ea5t li\u1ec7u tho\u00e1ng m\u00e1t, kh\u00f4ng g\u00e2y b\u00ed b\u00e1ch, t\u1ea1o\u00a0 c\u1ea3m gi\u00e1c tho\u1ea3i m\u00e1i cho ng\u01b0\u1eddi b\u1ec7nh trong su\u1ed1t qu\u00e1 tr\u00ecnh s\u1eed d\u1ee5ng.<\/li>\n<li style=\"text-align: justify;\">Thanh n\u1eb9p h\u1ee3p kim nh\u00f4m gi\u00fap gi\u1eef \u0111\u01b0\u1ee3c t\u01b0 th\u1ebf c\u1ed1 \u0111\u1ecbnh mong mu\u1ed1n.<\/li>\n<li style=\"text-align: justify;\"><strong>N\u1eb9p \u0111\u00eam ng\u1eafn H1 Orbe<\/strong>\u00a0c\u00f3 thi\u1ebft k\u1ebf g\u1ecdn g\u00e0ng, ti\u1ec7n d\u1ee5ng, \u0111\u1ea3m b\u1ea3o t\u00ednh th\u1ea9m m\u1ef9 cao<\/li>\n<li style=\"text-align: justify;\"><strong>N\u1eb9p \u0111\u00eam ng\u1eafn H1 Orbe<\/strong>\u00a0\u0111\u01b0\u1ee3c s\u1ea3n xu\u1ea5t tr\u00ean d\u00e2y chuy\u1ec1n hi\u1ec7n \u0111\u1ea1i, \u0111\u1ea1t ti\u00eau chu\u1ea9n qu\u1ed1c t\u1ebf \u0111\u01b0\u1ee3c b\u1ed9 y t\u1ebf c\u00f4ng nh\u1eadn.<\/li>\n<\/ul>\n<h2>N\u1eb9p \u0111\u00eam ng\u1eafn H1 Orbe \u0111\u01b0\u1ee3c ch\u1ec9 \u0111\u1ecbnh d\u00f9ng trong nh\u1eefng tr\u01b0\u1eddng h\u1ee3p n\u00e0o?<\/h2>\n<p><strong>N\u1eb9p \u0111\u00eam ng\u1eafn H1 Orbe<\/strong>\u00a0\u0111\u01b0\u1ee3c d\u00f9ng ph\u1ed5 bi\u1ebfn, mang l\u1ea1i hi\u1ec7u qu\u1ea3 cao trong c\u00e1c tr\u01b0\u1eddng h\u1ee3p d\u01b0\u1edbi \u0111\u00e2y:<\/p>\n<ul>\n<li>Ng\u01b0\u1eddi b\u1ecb ch\u1ea5n th\u01b0\u01a1ng x\u01b0\u01a1ng kh\u1edbp v\u00f9ng c\u1ed5 ch\u00e2n, v\u00f9ng b\u00e0n ch\u00e2n.<\/li>\n<li>Ng\u01b0\u1eddi b\u1ec7nh b\u1ecb vi\u00eam kh\u1edbp c\u1ed5 ch\u00e2n.<\/li>\n<li>T\u1ed5n th\u01b0\u01a1ng c\u00e2n c\u01a1 v\u00e0 d\u00e2y ch\u1eb1ng t\u1ea1i v\u00f9ng c\u1ed5 ch\u00e2n, b\u00e0n ch\u00e2n.<\/li>\n<li>G\u00e3y m\u1eaft c\u00e1 trong v\u00e0 ng\u00f2ai x\u01b0\u01a1ng c\u1eb3ng ch\u00e2n.<\/li>\n<\/ul>\n<p><strong>L\u01b0u \u00fd :\u00a0<\/strong><\/p>\n<ul>\n<li>S\u1ea3n ph\u1ea9m\u00a0<strong>N\u1eb9p \u0111\u00eam ng\u1eafn H1 Orbe<\/strong>\u00a0kh\u00f4ng s\u1eed d\u1ee5ng \u0111\u1ec3 \u0111i l\u1ea1i, ch\u1ec9 s\u1eed d\u1ee5ng khi ng\u01b0\u1eddi b\u1ec7nh cho ch\u00e2n \u1edf tr\u1ea1ng th\u00e1i ngh\u1ec9.<\/li>\n<li>B\u1ea3o qu\u1ea3n s\u1ea3n ph\u1ea9m<strong>\u00a0N\u1eb9p \u0111\u00eam ng\u1eafn H1 Orbe<\/strong>\u00a0n\u01a1i tho\u00e1ng m\u00e1t, tr\u00e1nh g\u00e2y \u1ea9m m\u1ed1c, c\u00f3 th\u1ec3 gi\u1eb7t b\u1eb1ng tay.<\/li>\n<\/ul>\n<h2>N\u1eb9p \u0111\u00eam ng\u1eafn H1 Orbe &#8211; thi\u1ebft k\u1ebf ho\u00e0n h\u1ea3o cho c\u1ea3 ng\u01b0\u1eddi l\u1edbn v\u00e0 tr\u1ebb em<\/h2>\n<p style=\"text-align: justify;\">S\u1ea3n ph\u1ea9m\u00a0<strong>N\u1eb9p \u0111\u00eam ng\u1eafn H1 Orbe\u00a0<\/strong>c\u00f3 k\u00edch c\u1ee1 ph\u00f9 h\u1ee3p cho c\u1ea3 ng\u01b0\u1eddi l\u1edbn v\u00e0 tr\u1ebb em. S\u1ea3n ph\u1ea9m c\u00f3 hai lo\u1ea1i d\u00e0i v\u00e0 ng\u1eafn. Trong \u0111\u00f3 lo\u1ea1i d\u00e0i c\u00f3 th\u1ec3 h\u1ed7 tr\u1ee3 m\u1ed9t s\u1ed1 t\u1ed5n th\u01b0\u01a1ng \u1edf v\u00f9ng tr\u00ean m\u1eaft c\u00e1 ch\u00e2n.\u00a0D\u01b0\u1edbi \u0111\u00e2y l\u00e0 b\u1ea3ng m\u00e3 s\u1ed1 s\u1ea3n ph\u1ea9m b\u1ea1n c\u00f3 th\u1ec3 tham kh\u1ea3o:<\/p>","protected":false},"excerpt":{"rendered":"<p style=\"text-align: justify;\">Nh\u1eefng ng\u01b0\u1eddi ho\u1ea1t \u0111\u1ed9ng th\u1ec3 thao th\u01b0\u1eddng xuy\u00ean, r\u1ea5t d\u1ec5 g\u1eb7p ph\u1ea3i c\u00e1c ch\u1ea5n th\u01b0\u01a1ng \u1edf v\u1ecb tr\u00ed b\u00e0n ch\u00e2n, g\u00f3t ch\u00e2n. T\u1ea1o cho b\u1ec7nh nh\u00e2n s\u1ef1 \u0111au \u0111\u1edbn, g\u1eb7p kh\u00f3 kh\u0103n trong vi\u1ec7c di chuy\u1ec3n, do trong l\u00fac ngh\u1ec9 b\u00e0n ch\u00e2n lu\u00f4n lu\u00f4n \u1edf tr\u1ea1ng th\u00e1i du\u1ed7i th\u1eb3ng.<\/p>\n<p style=\"text-align: justify;\"><strong>N\u1eb9p \u0111\u1ec7m ng\u1eafn H1 Orbe<\/strong> ra \u0111\u1eddi \u0111\u1ec3 gi\u1ea3i quy\u1ebft tri\u1ec7t \u0111\u1ec3 nh\u1eefng v\u1ea5n \u0111\u1ec1 tr\u00ean cho ng\u01b0\u1eddi b\u1ec7nh. <strong>N\u1eb9p \u0111\u1ec7m ng\u1eafn H1 Orbe<\/strong> \u0111\u01b0\u1ee3c thi\u1ebft k\u1ebf gi\u00fap cho v\u1ecb tr\u00ed ch\u00e2n ng\u01b0\u1eddi d\u00f9ng b\u1ecb t\u1ed5n th\u01b0\u01a1ng lu\u00f4n \u1edf v\u1ecb tr\u00ed ch\u1ee9c n\u0103ng trong l\u00fac ngh\u1ec9 ng\u01a1i, gi\u00fap gi\u1ea3m \u0111au hi\u1ec7u qu\u1ea3 t\u1eeb \u0111\u00f3 t\u1ea1o c\u1ea3m gi\u00e1c tho\u1ea3i m\u00e1i, th\u01b0 gi\u00e3n\u00a0 cho b\u1ec7nh nh\u00e2n khi th\u1ee9c gi\u1ea5c v\u00e0o s\u00e1ng h\u00f4m sau.<\/p>\n<p><strong>Size S<\/strong>: S\u1ed1 \u0111o b\u1eafp ch\u00e2n 35cm-37cm<br \/>\n<strong>Size M<\/strong>: S\u1ed1 \u0111o b\u1eafp ch\u00e2n 37cm-42cm<\/p>","protected":false},"featured_media":6838,"comment_status":"open","ping_status":"closed","template":"","meta":{"_acf_changed":false,"rank_math_lock_modified_date":false},"product_cat":[1362,1360,714,490,1361],"product_tag":[],"class_list":{"0":"post-1212","1":"product","2":"type-product","3":"status-publish","4":"has-post-thumbnail","6":"product_cat-dai-nep-ban-chan-got-chan","7":"product_cat-dai-nep-cang-chan","8":"product_cat-dai-nep-chan-dai-nep-chan-thuong","9":"product_cat-dai-nep-chan-thuong","10":"product_cat-dai-nep-co-chan-mat-ca","12":"first","13":"instock","14":"shipping-taxable","15":"purchasable","16":"product-type-variable"},"acf":[],"_links":{"self":[{"href":"https:\/\/ykhoathongminh.com\/en\/wp-json\/wp\/v2\/product\/1212"}],"collection":[{"href":"https:\/\/ykhoathongminh.com\/en\/wp-json\/wp\/v2\/product"}],"about":[{"href":"https:\/\/ykhoathongminh.com\/en\/wp-json\/wp\/v2\/types\/product"}],"replies":[{"embeddable":true,"href":"https:\/\/ykhoathongminh.com\/en\/wp-json\/wp\/v2\/comments?post=1212"}],"wp:featuredmedia":[{"embeddable":true,"href":"https:\/\/ykhoathongminh.com\/en\/wp-json\/wp\/v2\/media\/6838"}],"wp:attachment":[{"href":"https:\/\/ykhoathongminh.com\/en\/wp-json\/wp\/v2\/media?parent=1212"}],"wp:term":[{"taxonomy":"product_cat","embeddable":true,"href":"https:\/\/ykhoathongminh.com\/en\/wp-json\/wp\/v2\/product_cat?post=1212"},{"taxonomy":"product_tag","embeddable":true,"href":"https:\/\/ykhoathongminh.com\/en\/wp-json\/wp\/v2\/product_tag?post=1212"}],"curies":[{"name":"wp","href":"https:\/\/api.w.org\/{rel}","templated":true}]}}