{"id":1213,"date":"2024-07-22T15:08:21","date_gmt":"2024-07-22T15:08:21","guid":{"rendered":"https:\/\/ykhoathongminh.com\/?post_type=product&#038;p=1213"},"modified":"2024-09-27T05:52:46","modified_gmt":"2024-09-27T05:52:46","slug":"nep-mat-ca-chan-bang-hoi-anymed-a6","status":"publish","type":"product","link":"https:\/\/ykhoathongminh.com\/en\/product\/nep-mat-ca-chan-bang-hoi-anymed-a6\/","title":{"rendered":"N\u1eb9p m\u1eaft c\u00e1 ch\u00e2n b\u1eb1ng h\u01a1i Anymed A6"},"content":{"rendered":"<p>\u2013 Hai thanh n\u1eb9p nh\u1ef1a v\u1edbi chi\u1ec1u cao 26 cm \u0111\u1ea3m b\u1ea3o t\u00ednh c\u1ed1 \u0111\u1ecbnh cho m\u1eaft c\u00e1.<\/p>\n<p>\u2013 T\u00fai l\u00f3t c\u00f3 th\u1ec3 d\u1ec5 d\u00e0ng b\u01a1m c\u0103ng b\u1eb1ng v\u00f2i ri\u00eang bi\u1ec7t<\/p>\n<p>\u2013 K\u00e9o hai d\u00e2y \u0111ai \u0111\u1ec3 c\u1ed1 \u0111\u1ecbnh cho m\u1eaft c\u00e1 ch\u00e2n.<\/p>\n<p>\u2013 S\u1eed d\u1ee5ng cho c\u1ea3 ch\u00e2n tr\u00e1i v\u00e0 ch\u00e2n ph\u1ea3i.<\/p>\n<p>\u2013 Ph\u00f9 h\u1ee3p v\u1edbi m\u1ecdi lo\u1ea1i gi\u00e0y th\u1ec3 thao.<\/p>\n<p><strong>Ch\u1ec9 \u0111\u1ecbnh<\/strong><\/p>\n<p>Ng\u0103n ng\u1eeba ho\u1eb7c h\u1ed7 tr\u1ee3 \u0111i\u1ec1u tr\u1ecb c\u00e1c ch\u1ea5n th\u01b0\u01a1ng m\u1eaft c\u00e1 c\u1ea5p, vi\u00eam m\u1eaft c\u00e1 m\u1ea1n t\u00ednh, sau ph\u1eabu th\u1eadt v\u00e0 ch\u1ea5n th\u01b0\u01a1ng m\u1eaft c\u00e1 ch\u00e2n lo\u1ea1i I, II v\u00e0 III<\/p>","protected":false},"excerpt":{"rendered":"<p><strong>N\u1eb9p h\u01a1i m\u1eaft c\u00e1 A6 v\u1edbi thi\u1ebft k\u1ebf:<\/strong><\/p>\n<p class=\"TableParagraph\"><span lang=\"vi\">&#8211; Hai thanh n\u1eb9p nh\u1ef1a thi\u1ebft k\u1ebf ph\u00f9 h\u1ee3p v\u1edbi gi\u1ea3i ph\u1eabu h\u1ecdc m\u1eaft c\u00e1 ch\u00e2n<\/span><\/p>\n<p class=\"TableParagraph\"><span lang=\"vi\">&#8211;\u00a0\u00a0<\/span><span lang=\"vi\">L\u1edbp \u0111\u1ec7m g\u1ed3m 2 bao h\u01a1i PVC v\u00e0 m\u00fat\u00a0x\u1ed1p<\/span><\/p>\n<p class=\"TableParagraph\"><span lang=\"vi\">&#8211;\u00a0\u00a0<\/span><span lang=\"vi\">H\u1ec7 th\u1ed1ng kh\u00f3a Velcro d\u1ec5 d\u00e0ng th\u00e1o\u00a0l\u1eafp<\/span><\/p>\n<p class=\"TableParagraph\"><span lang=\"vi\">&#8211;\u00a0\u00a0<\/span><span lang=\"vi\">Th\u00edch h\u1ee3p cho c\u1ea3 hai b\u00ean tr\u00e1i v\u00e0 b\u00ean ph\u1ea3i m\u1eaft c\u00e1\u00a0ch\u00e2n<\/span><\/p>\n<p class=\"TableParagraph\"><span lang=\"vi\">&#8211;\u00a0\u00a0<\/span><span lang=\"vi\">Khi d\u00f9ng s\u1ea3n ph\u1ea9m c\u00f3 th\u1ec3 \u0111i \u0111\u01b0\u1ee3c gi\u00e0y th\u1ec3\u00a0thao<\/span><\/p>\n<p class=\"TableParagraph\">","protected":false},"featured_media":6845,"comment_status":"open","ping_status":"closed","template":"","meta":{"_acf_changed":false,"rank_math_lock_modified_date":false},"product_cat":[714,490,1361],"product_tag":[],"class_list":{"0":"post-1213","1":"product","2":"type-product","3":"status-publish","4":"has-post-thumbnail","6":"product_cat-dai-nep-chan-dai-nep-chan-thuong","7":"product_cat-dai-nep-chan-thuong","8":"product_cat-dai-nep-co-chan-mat-ca","10":"first","11":"instock","12":"shipping-taxable","13":"purchasable","14":"product-type-simple"},"acf":[],"_links":{"self":[{"href":"https:\/\/ykhoathongminh.com\/en\/wp-json\/wp\/v2\/product\/1213"}],"collection":[{"href":"https:\/\/ykhoathongminh.com\/en\/wp-json\/wp\/v2\/product"}],"about":[{"href":"https:\/\/ykhoathongminh.com\/en\/wp-json\/wp\/v2\/types\/product"}],"replies":[{"embeddable":true,"href":"https:\/\/ykhoathongminh.com\/en\/wp-json\/wp\/v2\/comments?post=1213"}],"wp:featuredmedia":[{"embeddable":true,"href":"https:\/\/ykhoathongminh.com\/en\/wp-json\/wp\/v2\/media\/6845"}],"wp:attachment":[{"href":"https:\/\/ykhoathongminh.com\/en\/wp-json\/wp\/v2\/media?parent=1213"}],"wp:term":[{"taxonomy":"product_cat","embeddable":true,"href":"https:\/\/ykhoathongminh.com\/en\/wp-json\/wp\/v2\/product_cat?post=1213"},{"taxonomy":"product_tag","embeddable":true,"href":"https:\/\/ykhoathongminh.com\/en\/wp-json\/wp\/v2\/product_tag?post=1213"}],"curies":[{"name":"wp","href":"https:\/\/api.w.org\/{rel}","templated":true}]}}