{"id":1215,"date":"2024-07-22T15:08:21","date_gmt":"2024-07-22T15:08:21","guid":{"rendered":"https:\/\/ykhoathongminh.com\/?post_type=product&#038;p=1215"},"modified":"2025-04-23T07:03:17","modified_gmt":"2025-04-23T07:03:17","slug":"ep-co-dinh-ngon-tay-cai-ty-sport","status":"publish","type":"product","link":"https:\/\/ykhoathongminh.com\/en\/product\/ep-co-dinh-ngon-tay-cai-ty-sport\/","title":{"rendered":"\u1eb9p c\u1ed1 \u0111\u1ecbnh ng\u00f3n tay c\u00e1i Ty Sport"},"content":{"rendered":"<h2><strong>\u0110\u1eb7c \u0111i\u1ec3m c\u1ee7a n\u1eb9p c\u1ed1 \u0111\u1ecbnh ng\u00f3n tay c\u00e1i<\/strong><\/h2>\n<ul>\n<li>C\u1ee1: Universal (ph\u00f9 h\u1ee3p cho t\u1ea5t c\u1ea3 c\u00e1c c\u1ee1 ng\u00f3n tay c\u1ee7a b\u1ec7nh nh\u00e2n)<\/li>\n<li>Thi\u1ebft k\u1ebf Th\u00f4ng minh v\u00e0 ki\u1ec3u d\u00e1ng \u0111\u1eb9p<\/li>\n<li>Ma tr\u1eadn tho\u00e1ng kh\u00ed<\/li>\n<li>N\u1eb9p c\u00f3 th\u1ec3 th\u00e1o r\u1eddi d\u1ec5 u\u1ed1n<\/li>\n<li>Cho ph\u00e9p chuy\u1ec3n \u0111\u1ed9ng t\u1ef1 do c\u1ee7a b\u00e0n tay<\/li>\n<\/ul>\n<h2><strong>\u0110\u1eb7c t\u00ednh k\u1ef9 thu\u1eadt c\u1ee7a n\u1eb9p ng\u00f3n c\u00e1i<\/strong><\/h2>\n<ul>\n<li>\u0110\u01b0\u1ee3c l\u00e0m t\u1eeb v\u1ea3i m\u1ec1m PUF 3 l\u1edbp tho\u00e1ng kh\u00ed, b\u1ec1n, r\u1ea5t tho\u1ea3i m\u00e1i v\u00e0 c\u00f3 t\u00ednh th\u1ea9m m\u1ef9 tuy\u1ec7t v\u1eddi.<\/li>\n<li>N\u00f3 c\u00f3 thanh n\u1eb9p d\u1ec5 u\u1ed1n c\u00f3 th\u1ec3 th\u00e1o r\u1eddi cung c\u1ea5p kh\u1ea3 n\u0103ng b\u1eaft c\u00f3c t\u00f9y ch\u1ec9nh c\u1ee7a ng\u00f3n tay c\u00e1i, \u0111\u1ea3m b\u1ea3o s\u1ef1 c\u1ed1 \u0111\u1ecbnh v\u00e0 \u1ed5n \u0111\u1ecbnh tuy\u1ec7t v\u1eddi cho c\u00e1c kh\u1edbp CMC &amp; MCP<\/li>\n<li>Thi\u1ebft k\u1ebf ti\u1ec7n d\u1ee5ng cho ph\u00e9p chuy\u1ec3n \u0111\u1ed9ng to\u00e0n b\u1ed9 b\u00e0n tay v\u00e0 ng\u00f3n tay. N\u00f3 c\u00f3 ki\u1ec3u d\u00e1ng \u0111\u1eb9p, h\u1ee3p th\u1eddi trang v\u00e0 tho\u1ea3i m\u00e1i.<\/li>\n<\/ul>","protected":false},"excerpt":{"rendered":"<p><strong>N\u1eb9p ng\u00f3n tay c\u00e1i Ty Sport<\/strong>\u00a0l\u00e0 m\u1ed9t thi\u1ebft b\u1ecb ti\u1ec7n l\u1ee3i \u0111\u01b0\u1ee3c thi\u1ebft k\u1ebf \u0111\u1ec3 c\u1ed1 \u0111\u1ecbnh ng\u00f3n tay c\u00e1i \u1edf t\u01b0 th\u1ebf b\u1eaft c\u00f3c (trung l\u1eadp v\u1ec1 m\u1eb7t ch\u1ee9c n\u0103ng). N\u00e2ng \u0111\u1ee1 kh\u1edbp CMC v\u00e0 b\u1ea5t \u0111\u1ed9ng kh\u1edbp MCP c\u1ee7a ng\u00f3n c\u00e1i m\u00e0 kh\u00f4ng \u1ee9c ch\u1ebf c\u1eed \u0111\u1ed9ng c\u1ee7a tay. N\u1eb9p ng\u00f3n c\u00e1i \u0111\u01b0\u1ee3c thi\u1ebft k\u1ebf sao cho:<\/p>\n<ul>\n<li>Thanh n\u1eb9p c\u00f3 th\u1ec3 u\u1ed1n, c\u00f3 th\u1ec3 th\u00e1o l\u1eafp d\u1ec5 d\u00e0ng<\/li>\n<li>N\u1eb9p kh\u1ecfe \u0111\u1ea3m b\u1ea3o c\u1ed1 \u0111\u1ecbnh v\u00e0 \u1ed5n \u0111\u1ecbnh kh\u1edbp CMC v\u00e0 MCP c\u1ee7a ng\u00f3n c\u00e1i.<\/li>\n<li>Thi\u1ebft k\u1ebf \u0111\u1ea3m b\u1ea3o ng\u00f3n tay v\u00e0 b\u00e0n tay v\u1eabn c\u1eed \u0111\u1ed9ng b\u00ecnh th\u01b0\u1eddng<\/li>\n<\/ul>","protected":false},"featured_media":7174,"comment_status":"open","ping_status":"closed","template":"","meta":{"_acf_changed":false,"rank_math_lock_modified_date":false},"product_cat":[490,1367,732],"product_tag":[],"class_list":{"0":"post-1215","1":"product","2":"type-product","3":"status-publish","4":"has-post-thumbnail","6":"product_cat-dai-nep-chan-thuong","7":"product_cat-dai-nep-ngon-tay","8":"product_cat-dai-nep-tay","10":"first","11":"instock","12":"shipping-taxable","13":"purchasable","14":"product-type-simple"},"acf":[],"_links":{"self":[{"href":"https:\/\/ykhoathongminh.com\/en\/wp-json\/wp\/v2\/product\/1215"}],"collection":[{"href":"https:\/\/ykhoathongminh.com\/en\/wp-json\/wp\/v2\/product"}],"about":[{"href":"https:\/\/ykhoathongminh.com\/en\/wp-json\/wp\/v2\/types\/product"}],"replies":[{"embeddable":true,"href":"https:\/\/ykhoathongminh.com\/en\/wp-json\/wp\/v2\/comments?post=1215"}],"wp:featuredmedia":[{"embeddable":true,"href":"https:\/\/ykhoathongminh.com\/en\/wp-json\/wp\/v2\/media\/7174"}],"wp:attachment":[{"href":"https:\/\/ykhoathongminh.com\/en\/wp-json\/wp\/v2\/media?parent=1215"}],"wp:term":[{"taxonomy":"product_cat","embeddable":true,"href":"https:\/\/ykhoathongminh.com\/en\/wp-json\/wp\/v2\/product_cat?post=1215"},{"taxonomy":"product_tag","embeddable":true,"href":"https:\/\/ykhoathongminh.com\/en\/wp-json\/wp\/v2\/product_tag?post=1215"}],"curies":[{"name":"wp","href":"https:\/\/api.w.org\/{rel}","templated":true}]}}