{"id":1218,"date":"2024-07-22T15:08:21","date_gmt":"2024-07-22T15:08:21","guid":{"rendered":"https:\/\/ykhoathongminh.com\/?post_type=product&#038;p=1218"},"modified":"2024-09-27T05:56:16","modified_gmt":"2024-09-27T05:56:16","slug":"dai-ho-tro-mat-ca-chan-im","status":"publish","type":"product","link":"https:\/\/ykhoathongminh.com\/en\/product\/dai-ho-tro-mat-ca-chan-im\/","title":{"rendered":"\u0110ai h\u1ed7 tr\u1ee3 m\u1eaft c\u00e1 ch\u00e2n IM"},"content":{"rendered":"<p><b>Ch\u1ea5n th\u01b0\u01a1ng th\u1ec3 thao\u00a0<\/b>l\u00e0 c\u00e1c lo\u1ea1i ch\u1ea5n th\u01b0\u01a1ng hay g\u1eb7p nh\u1ea5t trong khi ch\u01a1i th\u1ec3 thao ho\u1eb7c t\u1eadp luy\u1ec7n. M\u1eb7c d\u00f9 b\u1ed9 ph\u1eadn n\u00e0o tr\u00ean c\u01a1 th\u1ec3 c\u0169ng c\u00f3 kh\u1ea3 n\u0103ng b\u1ecb t\u1ed5n th\u01b0\u01a1ng khi v\u1eadn \u0111\u1ed9ng, nh\u01b0ng ch\u1ee7 y\u1ebfu \u0111\u1ec1 c\u1eadp \u0111\u1ebfn nh\u1eefng ch\u1ea5n th\u01b0\u01a1ng h\u1ec7 th\u1ed1ng c\u01a1, x\u01b0\u01a1ng, kh\u1edbp v\u00e0 c\u00e1c m\u00f4 li\u00ean quan nh\u01b0 s\u1ee5n, d\u00e2y ch\u1eb1ng.<\/p>\n<p>Trong \u0111\u00f3, t\u1ed5n th\u01b0\u01a1ng m\u1eaft c\u00e1 ch\u00e2n l\u00e0 m\u1ed9t trong\u00a0<b>c\u00e1c ch\u1ea5n th\u01b0\u01a1ng c\u1ed5 ch\u00e2n<\/b>\u00a0hay g\u1eb7p nh\u1ea5t khi ch\u01a1i th\u1ec3 thao. Bong g\u00e2n m\u1eaft c\u00e1 ch\u00e2n l\u00e0 hi\u1ec7n t\u01b0\u1ee3ng c\u00e1c d\u00e2y ch\u1eb1ng h\u1ed7 tr\u1ee3 kh\u1edbp b\u1ecb gi\u00e3n ra qu\u00e1 m\u1ee9c. Ch\u1ea5n th\u01b0\u01a1ng n\u00e0y x\u1ea3y ra khi ng\u01b0\u1eddi ch\u01a1i b\u1ecb t\u00e9 ng\u00e3 v\u00e0 l\u1eadt b\u00e0n ch\u00e2n v\u00e0o trong, g\u00e2y tr\u1eadt m\u1eaft c\u00e1 ngo\u00e0i.<\/p>\n<p><strong>\u0110ai h\u1ed7 tr\u1ee3 m\u1eaft c\u00e1 ch\u00e2n IM<\/strong>, b\u1ea3o v\u1ec7 m\u1eaft c\u00e1 ch\u00e2n, gi\u1eef nhi\u1ec7t, tho\u00e1ng kh\u00ed\u00a0 l\u00e0 s\u1ea3n ph\u1ea9m h\u1eefu d\u1ee5ng v\u00e0 c\u1ea7n thi\u1ebft, qu\u1ea5n ch\u1eb7t c\u1ed1 \u0111\u1ecbnh h\u1ed7 tr\u1ee3 c\u1ed5 ch\u00e2n v\u00e0 g\u00f3t ch\u00e2n, h\u1ea1n ch\u1ebf ch\u1ea5n th\u01b0\u01a1ng trong c\u00e1c ho\u1ea1t \u0111\u1ed9ng th\u1ec3 thao. G\u0103ng c\u00f2n gi\u00fap \u0111\u1ea9y nhanh qu\u00e1 tr\u00ecnh h\u1ed3i ph\u1ee5c sau ch\u1ea5n th\u01b0\u01a1ng: bong g\u00e2n, vi\u00eam kh\u1edbp.<\/p>\n<p><strong>\u0110ai h\u1ed7 tr\u1ee3 m\u1eaft c\u00e1 ch\u00e2n IM<\/strong>, b\u1ea3o v\u1ec7 m\u1eaft c\u00e1 ch\u00e2n, gi\u1eef nhi\u1ec7t, tho\u00e1ng kh\u00ed s\u1ea3n ph\u1ea9m \u0111\u01b0\u1ee3c thi\u1ebft k\u1ebf \u01b0u vi\u1ec7t nhi\u1ec1u l\u1edbp v\u1ea3i nh\u01b0 v\u1ea3i gi\u1eef nhi\u1ec7t d\u1ea1ng ma ch\u1eb7n v\u00e0 nam ch\u00e2m c\u1ed1 \u0111\u1ecbnh \u0111\u1ec3 gi\u1eef nhi\u1ec7t kho\u1ea3ng \u0111\u01b0\u1ee3c g\u0103ng che khu\u1ea5t c\u1ee7a ch\u00e2n, k\u1ebft h\u1ee3p v\u1edbi v\u1ea3i SBR cho c\u1ea3m gi\u00e1c m\u1ec1m m\u1ea1i, linh ho\u1ea1t. <strong>\u0110ai h\u1ed7 tr\u1ee3 m\u1eaft c\u00e1 ch\u00e2n IM<\/strong> c\u00f3 thi\u1ebft k\u1ebf d\u00e1ng m\u1edf \u0111\u1ec3 b\u1ea1n d\u1ec5 d\u00e0ng s\u1eed d\u1ee5ng, \u0111i\u1ec1u ch\u1ec9nh kh\u00f3a d\u00e1n ch\u1eafc ch\u1eafn v\u1edbi nhi\u1ec1u c\u1ee1 ch\u00e2n kh\u00e1c nhau v\u00e0 \u0111\u1ebf h\u1edf g\u00f3t gi\u00fap c\u1ed1 \u0111\u1ecbnh v\u1ecb tr\u00ed quanh m\u1eaft c\u00e1 ch\u00e2n.<\/p>\n<p>S\u1ea3n ph\u1ea9m G\u0103ng c\u1ed1 \u0111\u1ecbnh c\u1ed5 ch\u00e2n \u0111\u01b0\u1ee3c gia c\u00f4ng t\u1ec9 m\u1ec9 v\u1edbi nhi\u1ec1u l\u1edbp v\u1ea3i cao c\u1ea5p \u0111\u01b0\u1ee3c x\u1ebfp l\u1edbp l\u00ean nhua m\u1ed9t c\u00e1ch c\u1ea9n th\u1eadn t\u1eeb l\u1edbp da, l\u1edbp t\u1eeb t\u00ednh t\u1ea1o \u0111\u1ed9 c\u1ea3m nh\u1eadn, l\u1edbp v\u1ea3i gi\u1eef nhi\u1ec7t, l\u1edbp s\u1ee3i l\u1ea1nh v\u00e0 l\u1edbp keo gia c\u1ed1.<\/p>","protected":false},"excerpt":{"rendered":"<p><strong>\u0110ai h\u1ed7 tr\u1ee3 m\u1eaft c\u00e1 ch\u00e2n IM\u00a0<\/strong>b\u1ea3o v\u1ec7 m\u1eaft c\u00e1 ch\u00e2n, gi\u1eef nhi\u1ec7t, tho\u00e1ng kh\u00ed mang l\u1ea1i nhi\u1ec1u l\u1ee3i \u00edch :<\/p>\n<ul>\n<li>Co gi\u00e3n linh ho\u1ea1t, d\u1ec5 d\u00e0ng \u0111i\u1ec1u ch\u1ec9nh m\u1ee9c \u0111\u1ed9 c\u1ed1 \u0111\u1ecbnh mang l\u1ea1i s\u1ef1 tho\u1ea3i m\u00e1i khi s\u1eed d\u1ee5ng<\/li>\n<li>Kh\u00f3a d\u00e1n linh ho\u1ea1t, c\u1ed1 \u0111\u1ecbnh ch\u1eafc ch\u1eafn<\/li>\n<li>Free size, d\u00f9ng \u0111\u01b0\u1ee3c cho c\u1ea3 nam v\u00e0 n\u1eef.<\/li>\n<\/ul>","protected":false},"featured_media":6775,"comment_status":"open","ping_status":"closed","template":"","meta":{"_acf_changed":false,"rank_math_lock_modified_date":false},"product_cat":[714,490,1361],"product_tag":[],"class_list":{"0":"post-1218","1":"product","2":"type-product","3":"status-publish","4":"has-post-thumbnail","6":"product_cat-dai-nep-chan-dai-nep-chan-thuong","7":"product_cat-dai-nep-chan-thuong","8":"product_cat-dai-nep-co-chan-mat-ca","10":"first","11":"instock","12":"shipping-taxable","13":"purchasable","14":"product-type-simple"},"acf":[],"_links":{"self":[{"href":"https:\/\/ykhoathongminh.com\/en\/wp-json\/wp\/v2\/product\/1218"}],"collection":[{"href":"https:\/\/ykhoathongminh.com\/en\/wp-json\/wp\/v2\/product"}],"about":[{"href":"https:\/\/ykhoathongminh.com\/en\/wp-json\/wp\/v2\/types\/product"}],"replies":[{"embeddable":true,"href":"https:\/\/ykhoathongminh.com\/en\/wp-json\/wp\/v2\/comments?post=1218"}],"wp:featuredmedia":[{"embeddable":true,"href":"https:\/\/ykhoathongminh.com\/en\/wp-json\/wp\/v2\/media\/6775"}],"wp:attachment":[{"href":"https:\/\/ykhoathongminh.com\/en\/wp-json\/wp\/v2\/media?parent=1218"}],"wp:term":[{"taxonomy":"product_cat","embeddable":true,"href":"https:\/\/ykhoathongminh.com\/en\/wp-json\/wp\/v2\/product_cat?post=1218"},{"taxonomy":"product_tag","embeddable":true,"href":"https:\/\/ykhoathongminh.com\/en\/wp-json\/wp\/v2\/product_tag?post=1218"}],"curies":[{"name":"wp","href":"https:\/\/api.w.org\/{rel}","templated":true}]}}