{"id":1226,"date":"2024-07-22T15:08:22","date_gmt":"2024-07-22T15:08:22","guid":{"rendered":"https:\/\/ykhoathongminh.com\/?post_type=product&#038;p=1226"},"modified":"2024-10-10T14:23:24","modified_gmt":"2024-10-10T14:23:24","slug":"bo-tieu-phau-11-mon","status":"publish","type":"product","link":"https:\/\/ykhoathongminh.com\/en\/product\/bo-tieu-phau-11-mon\/","title":{"rendered":"B\u1ed9 Ti\u1ec3u Ph\u1ea9u 11 M\u00f3n"},"content":{"rendered":"<p>B\u1ed9 ti\u1ec3u ph\u1eabu 11\u00a0m\u00f3n, bao g\u1ed3m:<\/p>\n<p>1. C\u00e1n dao s\u1ed1 3 v\u00e0 l\u01b0\u1ee1i dao s\u1ed1 10<\/p>\n<p>2. C\u00e1n dao s\u1ed1 4 v\u00e0 l\u01b0\u1ee1i dao s\u1ed1 22<\/p>\n<p>3. K\u00e9o 1 \u0111\u1ea7u t\u00f9, 1 \u0111\u1ea7u\u00a0nh\u1ecdn, th\u1eb3ng 14 cm<\/p>\n<p>4. Pen th\u1eb3ng 12 cm<\/p>\n<p>5. K\u00e9o cong 12 cm<\/p>\n<p>6. Nh\u00edp 12 cm kh\u00f4ng m\u1ea5u<\/p>\n<p>7. Nh\u00edp 12 cm c\u00f3 m\u1ea5u<\/p>\n<p>8. Dao m\u1ed5 li\u1ec1n c\u00e1n<\/p>\n<p>9. C\u00e1n nha cong, nh\u1ecdn<\/p>\n<p>10. C\u00e1n nha th\u1eb3ng, nh\u1ecdn<\/p>\n<p>11. C\u00e1n dao l\u01b0\u1ee1i m\u00e1t<\/p>","protected":false},"excerpt":{"rendered":"<p>T\u1ea5t c\u1ea3 \u0111\u1ec1u \u0111\u01b0\u1ee3c l\u00e0m b\u1eb1ng th\u00e9p kh\u00f4ng g\u1ec9, h\u1ee3p v\u1ec7 sinh cho gia \u0111\u00ecnh v\u00e0 s\u1ee9c kh\u1ecfe c\u1ee7a ng\u01b0\u1eddi b\u1ec7nh<br \/>\nS\u1ea3n ph\u1ea9m c\u00f3 th\u1ec3 d\u00f9ng\u00a0\u0111\u1ec3 ch\u0103m s\u00f3c v\u1ebft th\u01b0\u01a1ng, c\u1eaft ch\u1ec9&#8230;<\/p>","protected":false},"featured_media":8117,"comment_status":"open","ping_status":"closed","template":"","meta":{"_acf_changed":false,"rank_math_lock_modified_date":false},"product_cat":[838,1238,149],"product_tag":[],"class_list":{"0":"post-1226","1":"product","2":"type-product","3":"status-publish","4":"has-post-thumbnail","6":"product_cat-dung-cu-y-te","7":"product_cat-dung-cu-y-te-khac","8":"product_cat-vat-tu-y-te","10":"first","11":"instock","12":"shipping-taxable","13":"purchasable","14":"product-type-simple"},"acf":[],"_links":{"self":[{"href":"https:\/\/ykhoathongminh.com\/en\/wp-json\/wp\/v2\/product\/1226"}],"collection":[{"href":"https:\/\/ykhoathongminh.com\/en\/wp-json\/wp\/v2\/product"}],"about":[{"href":"https:\/\/ykhoathongminh.com\/en\/wp-json\/wp\/v2\/types\/product"}],"replies":[{"embeddable":true,"href":"https:\/\/ykhoathongminh.com\/en\/wp-json\/wp\/v2\/comments?post=1226"}],"wp:featuredmedia":[{"embeddable":true,"href":"https:\/\/ykhoathongminh.com\/en\/wp-json\/wp\/v2\/media\/8117"}],"wp:attachment":[{"href":"https:\/\/ykhoathongminh.com\/en\/wp-json\/wp\/v2\/media?parent=1226"}],"wp:term":[{"taxonomy":"product_cat","embeddable":true,"href":"https:\/\/ykhoathongminh.com\/en\/wp-json\/wp\/v2\/product_cat?post=1226"},{"taxonomy":"product_tag","embeddable":true,"href":"https:\/\/ykhoathongminh.com\/en\/wp-json\/wp\/v2\/product_tag?post=1226"}],"curies":[{"name":"wp","href":"https:\/\/api.w.org\/{rel}","templated":true}]}}