{"id":1231,"date":"2024-07-22T15:08:22","date_gmt":"2024-07-22T15:08:22","guid":{"rendered":"https:\/\/ykhoathongminh.com\/?post_type=product&#038;p=1231"},"modified":"2024-10-15T01:27:17","modified_gmt":"2024-10-15T01:27:17","slug":"keo-14cm-cong-cao-cap","status":"publish","type":"product","link":"https:\/\/ykhoathongminh.com\/en\/product\/keo-14cm-cong-cao-cap\/","title":{"rendered":"K\u00e9o 14cm Cong Cao C\u1ea5p"},"content":{"rendered":"<p><strong> \u01afU \u0110I\u1ec2M S\u1ea2N PH\u1ea8M:<\/strong><\/p>\n<p>&#8211; K\u00e9o \u0111\u01b0\u1ee3c l\u00e0m t\u1eeb kim lo\u1ea1i th\u00e9p kh\u00f4ng g\u1ec9, \u0111\u1ea3m b\u1ea3o an to\u00e0n v\u00e0 h\u1ee3p chu\u1ea9n quy \u0111\u1ecbnh c\u1ee7a B\u1ed9 Y t\u1ebf v\u1ec1 d\u1ee5ng c\u1ee5 ph\u1eabu thu\u1eadt<\/p>\n<p>&#8211; K\u00e9o y t\u1ebf \u0111\u01b0\u1ee3c l\u00e0m t\u1eeb ch\u1ea5t li\u1ec7u th\u00e9p kh\u00f4ng g\u1ec9 an to\u00e0n, b\u1ec1n b\u1ec9 qua th\u1eddi gian. B\u1ea1n c\u00f3 th\u1ec3 s\u1eed d\u1ee5ng k\u00e9o \u0111\u1ec3 c\u1eaft b\u00f4ng b\u0103ng, ch\u1ec9 y t\u1ebf\u2026<\/p>\n<p>&#8211; S\u1ea3n ph\u1ea9m \u0111\u01b0\u1ee3c s\u1eed d\u1ee5ng ph\u1ed1 bi\u1ebfn trong c\u00e1c b\u1ec7nh vi\u1ec7n, ph\u00f2ng kh\u00e1m, c\u00e1c trung t\u00e2m spa, th\u1ea9m m\u1ef9 vi\u1ec7n v\u00e0 c\u0169ng l\u00e0 v\u1eadt d\u1ee5ng c\u1ea7n thi\u1ebft trong t\u1ee7 thu\u1ed1c c\u1ee7a m\u1ed7i gia \u0111\u00ecnh.<\/p>\n<p>&#8211; K\u00e9o c\u00f3 k\u1ebft c\u1ea5u t\u1ed1t, v\u1eeba tay c\u1ea7m, \u0111\u1ea3m b\u1ea3o s\u1ef1 b\u1ec1n ch\u1eafc trong qu\u00e1 tr\u00ecnh s\u1eed d\u1ee5ng v\u00e0 \u0111\u1ed9 linh ho\u1ea1t khi thao t\u00e1c. Kh\u00e1c v\u1edbi c\u00e1c s\u1ea3n ph\u1ea9m k\u00e9o gia d\u1ee5ng th\u00f4ng th\u01b0\u1eddng.<\/p>\n<p>&#8211; K\u00e9o y t\u1ebf c\u00f3 thi\u1ebft k\u1ebf nh\u1ecf, g\u1ecdn g\u00e0ng, chuy\u00ean d\u00f9ng trong y t\u1ebf, c\u00f3 t\u00e1c d\u1ee5ng h\u1ed7 tr\u1ee3 c\u00e1c nghi\u1ec7p v\u1ee5 y t\u1ebf thu\u1eadn l\u1ee3i h\u01a1n. S\u1ea3n ph\u1ea9m \u0111\u01b0\u1ee3c s\u1ea3n xu\u1ea5t tr\u00ean d\u00e2y chuy\u1ec1n c\u00f4ng ngh\u1ec7 ti\u00ean ti\u1ebfn, \u0111\u1ea3m b\u1ea3o ch\u1ea5t l\u01b0\u1ee3ng.<\/p>","protected":false},"excerpt":{"rendered":"<p><strong>K\u00e9o y t\u1ebf inox Parkistan 14cm cong 2 \u0111\u1ea7u nh\u1ecdn<\/strong> \u0111\u01b0\u1ee3c l\u00e0m t\u1eeb ch\u1ea5t li\u1ec7u th\u00e9p kh\u00f4ng g\u1ec9 an to\u00e0n, d\u00f9ng \u0111\u1ec3 c\u1eaft b\u00f4ng b\u0103ng, ch\u1ec9 y t\u1ebf, S\u1ea3n ph\u1ea9m l\u00e0 v\u1eadt d\u1ee5ng c\u1ea7n thi\u1ebft trong t\u1ee7 thu\u1ed1c c\u1ee7a m\u1ed7i gia \u0111\u00ecnh.<\/p>","protected":false},"featured_media":8267,"comment_status":"open","ping_status":"closed","template":"","meta":{"_acf_changed":false,"rank_math_lock_modified_date":false},"product_cat":[838,150,149],"product_tag":[],"class_list":{"0":"post-1231","1":"product","2":"type-product","3":"status-publish","4":"has-post-thumbnail","6":"product_cat-dung-cu-y-te","7":"product_cat-pen-keo","8":"product_cat-vat-tu-y-te","10":"first","11":"instock","12":"shipping-taxable","13":"purchasable","14":"product-type-simple"},"acf":[],"_links":{"self":[{"href":"https:\/\/ykhoathongminh.com\/en\/wp-json\/wp\/v2\/product\/1231"}],"collection":[{"href":"https:\/\/ykhoathongminh.com\/en\/wp-json\/wp\/v2\/product"}],"about":[{"href":"https:\/\/ykhoathongminh.com\/en\/wp-json\/wp\/v2\/types\/product"}],"replies":[{"embeddable":true,"href":"https:\/\/ykhoathongminh.com\/en\/wp-json\/wp\/v2\/comments?post=1231"}],"wp:featuredmedia":[{"embeddable":true,"href":"https:\/\/ykhoathongminh.com\/en\/wp-json\/wp\/v2\/media\/8267"}],"wp:attachment":[{"href":"https:\/\/ykhoathongminh.com\/en\/wp-json\/wp\/v2\/media?parent=1231"}],"wp:term":[{"taxonomy":"product_cat","embeddable":true,"href":"https:\/\/ykhoathongminh.com\/en\/wp-json\/wp\/v2\/product_cat?post=1231"},{"taxonomy":"product_tag","embeddable":true,"href":"https:\/\/ykhoathongminh.com\/en\/wp-json\/wp\/v2\/product_tag?post=1231"}],"curies":[{"name":"wp","href":"https:\/\/api.w.org\/{rel}","templated":true}]}}