{"id":1234,"date":"2024-07-22T15:08:23","date_gmt":"2024-07-22T15:08:23","guid":{"rendered":"https:\/\/ykhoathongminh.com\/?post_type=product&#038;p=1234"},"modified":"2024-10-15T01:28:51","modified_gmt":"2024-10-15T01:28:51","slug":"keo-luon-14cm-cao-cap","status":"publish","type":"product","link":"https:\/\/ykhoathongminh.com\/en\/product\/keo-luon-14cm-cao-cap\/","title":{"rendered":"K\u00e9o L\u01b0\u01a1n 14cm Cao C\u1ea5p"},"content":{"rendered":"<p>M\u00d4 T\u1ea2 S\u1ea2N PH\u1ea8M :<br \/>\nK\u00e9o \u0111\u01b0\u1ee3c l\u00e0m t\u1eeb th\u00e9p kh\u00f4ng g\u1ec9, nh\u1eadp kh\u1ea9u tr\u1ef1c ti\u1ebfp t\u1ea1i PAKISTAN<br \/>\nK\u00e9o \u0111\u01b0\u1ee3c d\u00f9ng trong ph\u1eabu thu\u1eadt, th\u1ea9m M\u1ef9, Nha khoa, d\u00f9ng \u0111\u1ec3 c\u1eaft ch\u1ec9, c\u1eaft da,\u2026<\/p>","protected":false},"excerpt":{"rendered":"<p><strong>\u00a0K\u00e9o L\u01b0\u01a1n 14cm cao c\u1ea5p\u00a0<\/strong> \u0111\u01b0\u1ee3c l\u00e0m t\u1eeb ch\u1ea5t li\u1ec7u th\u00e9p kh\u00f4ng g\u1ec9 an to\u00e0n, d\u00f9ng \u0111\u1ec3 c\u1eaft b\u00f4ng b\u0103ng, ch\u1ec9 y t\u1ebf.\u00a0S\u1ea3n ph\u1ea9m l\u00e0 v\u1eadt d\u1ee5ng c\u1ea7n thi\u1ebft trong t\u1ee7 thu\u1ed1c c\u1ee7a m\u1ed7i gia \u0111\u00ecnh.<\/p>","protected":false},"featured_media":8269,"comment_status":"open","ping_status":"closed","template":"","meta":{"_acf_changed":false,"rank_math_lock_modified_date":false},"product_cat":[838,150,149],"product_tag":[],"class_list":{"0":"post-1234","1":"product","2":"type-product","3":"status-publish","4":"has-post-thumbnail","6":"product_cat-dung-cu-y-te","7":"product_cat-pen-keo","8":"product_cat-vat-tu-y-te","10":"first","11":"instock","12":"shipping-taxable","13":"purchasable","14":"product-type-simple"},"acf":[],"_links":{"self":[{"href":"https:\/\/ykhoathongminh.com\/en\/wp-json\/wp\/v2\/product\/1234"}],"collection":[{"href":"https:\/\/ykhoathongminh.com\/en\/wp-json\/wp\/v2\/product"}],"about":[{"href":"https:\/\/ykhoathongminh.com\/en\/wp-json\/wp\/v2\/types\/product"}],"replies":[{"embeddable":true,"href":"https:\/\/ykhoathongminh.com\/en\/wp-json\/wp\/v2\/comments?post=1234"}],"wp:featuredmedia":[{"embeddable":true,"href":"https:\/\/ykhoathongminh.com\/en\/wp-json\/wp\/v2\/media\/8269"}],"wp:attachment":[{"href":"https:\/\/ykhoathongminh.com\/en\/wp-json\/wp\/v2\/media?parent=1234"}],"wp:term":[{"taxonomy":"product_cat","embeddable":true,"href":"https:\/\/ykhoathongminh.com\/en\/wp-json\/wp\/v2\/product_cat?post=1234"},{"taxonomy":"product_tag","embeddable":true,"href":"https:\/\/ykhoathongminh.com\/en\/wp-json\/wp\/v2\/product_tag?post=1234"}],"curies":[{"name":"wp","href":"https:\/\/api.w.org\/{rel}","templated":true}]}}