{"id":1242,"date":"2024-07-22T15:08:24","date_gmt":"2024-07-22T15:08:24","guid":{"rendered":"https:\/\/ykhoathongminh.com\/?post_type=product&#038;p=1242"},"modified":"2024-10-08T16:08:17","modified_gmt":"2024-10-08T16:08:17","slug":"luoi-dao-mo-doctor-so-12","status":"publish","type":"product","link":"https:\/\/ykhoathongminh.com\/en\/product\/luoi-dao-mo-doctor-so-12\/","title":{"rendered":"L\u01b0\u1ee1i Dao M\u1ed5 Doctor S\u1ed1 12"},"content":{"rendered":"<p>L\u01b0\u1ee1i dao m\u1ed5 hay c\u00f2n g\u1ecdi l\u00e0 l\u01b0\u1ee1i dao ph\u1ea9u thu\u1eadt, trong qu\u00e1 tr\u00ecnh ph\u1eabu thu\u1eadt n\u00f3 \u0111\u01b0\u1ee3c d\u00f9ng \u0111\u1ec3 c\u1eaft da v\u00e0 m\u00f4.<\/p>\n<p>L\u01b0\u1ee1i dao m\u1ed5 Doctor s\u1ed1 12 l\u00e0 m\u1ed9t l\u01b0\u1ee1i ki\u1ebfm h\u00ecnh l\u01b0\u1ee1i li\u1ec1m nh\u1ecf, nh\u1ecdn \u0111\u01b0\u1ee3c m\u00e0i d\u1ecdc theo m\u00e9p trong c\u1ee7a \u0111\u01b0\u1eddng cong, n\u00f3 \u0111\u00f4i khi \u0111\u01b0\u1ee3c s\u1eed d\u1ee5ng nh\u01b0 m\u1ed9t m\u00e1y c\u1eaft kh\u00e2u.<\/p>\n<p>C\u00f3 th\u1ec3 thay \u0111\u1ed5i l\u01b0\u1ee1i dao theo k\u00edch th\u01b0\u1edbc v\u00e0 h\u00ecnh d\u1ea1ng ph\u00f9 h\u1ee3p v\u1edbi\u00a0ph\u1eabu thu\u1eadt.<\/p>\n<p>M\u1ed7i l\u01b0\u1ee1i dao ph\u1ea9u thu\u1eadt \u0111\u1ec1u \u0111\u01b0\u1ee3c \u0111\u00e1nh d\u1ea5u theo s\u1ed1 ri\u00eang t\u1eeb 10-23, \u0111\u1ea1i di\u1ec7n cho k\u00edch th\u01b0\u1edbc v\u00e0 h\u00ecnh d\u1ea1ng l\u01b0\u1ee1i c\u1eaft.<\/p>\n<p>\u1ede m\u1ed7i lo\u1ea1i h\u00ecnh ph\u1eabu thu\u1eadt l\u1ea1i c\u00f3 m\u1ed9t lo\u1ea1i l\u01b0\u1ee1i m\u1ed5 kh\u00e1c nhau.<\/p>\n<p><img loading=\"lazy\" decoding=\"async\" class=\"size-medium wp-image-7298\" src=\"https:\/\/ykhoathongminh.com\/wp-content\/uploads\/2023\/07\/Luoi-dao-mo-so-12-540x540.jpg\" alt=\"\" width=\"540\" height=\"540\" \/><\/p>\n<h3 id=\"ftoc-heading-3\" class=\"ftwp-heading\"><strong>L\u01b0\u1ee1i dao m\u1ed5 Doctor \u0111\u01b0\u1ee3c l\u00e0m t\u1eeb v\u1eadt li\u1ec7u g\u00ec?<\/strong><\/h3>\n<p>C\u00e1c chuy\u00ean gia y t\u1ebf th\u01b0\u1eddng kh\u1eb3ng \u0111\u1ecbnh r\u1eb1ng vi\u1ec7c ch\u1ebf t\u1ea1o m\u1ed9t l\u01b0\u1ee1i dao ph\u1eabu thu\u1eadt ph\u1ee5 thu\u1ed9c l\u1edbn \u1edf ch\u1ea5t l\u01b0\u1ee3ng c\u1ee7a v\u1eadt li\u1ec7u \u0111\u01b0\u1ee3c s\u1eed d\u1ee5ng \u0111\u1ec3 s\u1ea3n xu\u1ea5t n\u00f3 v\u00e0 c\u00f4ng ngh\u1ec7 \u0111\u1eb1ng sau vi\u1ec7c m\u00e0i l\u01b0\u1ee1i c\u1eaft c\u1ee7a l\u01b0\u1ee1i dao.<\/p>\n<p>L\u01b0\u1ee1i dao ph\u1eabu thu\u1eadt th\u01b0\u1eddng \u0111\u01b0\u1ee3c l\u00e0m t\u1eeb th\u00e9p kh\u00f4ng g\u1ec9 ho\u1eb7c th\u00e9p carbon, c\u00e1c lo\u1ea1i th\u00e9p kh\u00f4ng g\u1ec9 n\u00e0y th\u01b0\u1eddng c\u00f3 \u0111\u1ed9 c\u1ee9ng 700 HV, ho\u1eb7c 58,5 HRC.<\/p>\n<h3 id=\"ftoc-heading-4\" class=\"ftwp-heading\"><strong>\u0110\u00f3ng g\u00f3i L\u01b0\u1ee1i Dao M\u1ed5 Doctor S\u1ed1 12<\/strong><\/h3>\n<p>L\u01b0\u1ee1i dao m\u1ed5 hay l\u01b0\u1ee1i dao ph\u1eabu thu\u1eadt d\u00f9ng m\u1ed9t l\u1ea7n (v\u00f4 tr\u00f9ng v\u00e0 kh\u00f4ng v\u00f4 tr\u00f9ng).<\/p>\n<p>Dao m\u1ed5 v\u00f4 tr\u00f9ng (steriled) l\u00e0 lo\u1ea1i l\u01b0\u1ee1i dao d\u00f9ng m\u1ed9t l\u1ea7n, th\u01b0\u1eddng \u0111\u01b0\u1ee3c b\u00e1n r\u1eddi v\u00e0 khi s\u1eed d\u1ee5ng b\u1ea1n c\u1ea7n mua k\u00e8m c\u00e1n dao m\u1ed5 (c\u0169ng l\u00e0m b\u1eb1ng inox, th\u00e9p ko g\u1ec9), \u0111\u00f4i khi c\u0169ng c\u00f3 lo\u1ea1i c\u00e1n dao b\u1eb1ng nh\u1ef1a (hi\u1ebfm g\u1eb7p \u1edf VN, nh\u01b0ng \u1edf ph\u01b0\u01a1ng t\u00e2y th\u01b0\u1eddng d\u00f9ng).<\/p>\n<p>C\u00e1c l\u01b0\u1ee1i ph\u1eabu thu\u1eadt ti\u1ec7t tr\u00f9ng th\u01b0\u1eddng \u0111\u01b0\u1ee3c \u0111\u00f3ng g\u00f3i trong gi\u1ea5y b\u1ea1c chuy\u00ean d\u1ee5ng (gi\u1ea5y VCI).<\/p>\n<p>Dao m\u1ed5 an to\u00e0n (hay dao m\u1ed5 ti\u1ec7t tr\u00f9ng) s\u1ebd c\u00f3 v\u1ecf bao quanh t\u1eebng l\u01b0\u1ee1i dao, gi\u00fap che l\u01b0\u1ee1i dao cho \u0111\u1ebfn khi n\u00f3 \u0111\u01b0\u1ee3c s\u1eed d\u1ee5ng.<\/p>\n<p>Do \u0111\u00f3, dao m\u1ed5 lo\u1ea1i ti\u1ec7t tr\u00f9ng n\u00e0y s\u1ebd an to\u00e0n v\u00e0 ng\u0103n ng\u1eeba vi khu\u1ea9n, vi tr\u00f9ng ti\u1ebfp x\u00fac v\u1edbi l\u01b0\u1ee1i dao.<\/p>","protected":false},"excerpt":{"rendered":"<p><strong>L\u01b0\u1ee1i Dao M\u1ed5 Doctor S\u1ed1 12<\/strong> \u2013 L\u01b0\u1ee1i dao m\u1ed5 Doctor l\u00e0 m\u1eb7t h\u00e0ng ph\u1ed5 bi\u1ebfn v\u1edbi b\u00e1c s\u0129 khi tham gia ph\u1eabu thu\u1eadt v\u00e0 l\u00e0 d\u00f2ng s\u1ea3n ph\u1ea9m c\u00e1c b\u00e1c s\u0129 r\u1ea5t tin d\u00f9ng.<\/p>","protected":false},"featured_media":7858,"comment_status":"open","ping_status":"closed","template":"","meta":{"_acf_changed":false,"rank_math_lock_modified_date":false},"product_cat":[838,840,1243,1172,1170,1169,1168,1239,1184,1177,149,1171],"product_tag":[],"class_list":{"0":"post-1242","1":"product","2":"type-product","3":"status-publish","4":"has-post-thumbnail","6":"product_cat-dung-cu-y-te","7":"product_cat-nhip-dao-mo","8":"product_cat-san-pham-y-te-khac","9":"product_cat-thiet-bi-nha-khoa","10":"product_cat-thiet-bi-tham-my-spa","11":"product_cat-thiet-bi-y-te-benh-vien","12":"product_cat-thiet-bi-y-te-doanh-nghiep","13":"product_cat-vat-tu-benh-vien","14":"product_cat-vat-tu-nha-khoa","15":"product_cat-vat-tu-spa","16":"product_cat-vat-tu-y-te","17":"product_cat-y-te-doanh-nghiep","19":"first","20":"instock","21":"shipping-taxable","22":"purchasable","23":"product-type-simple"},"acf":[],"_links":{"self":[{"href":"https:\/\/ykhoathongminh.com\/en\/wp-json\/wp\/v2\/product\/1242"}],"collection":[{"href":"https:\/\/ykhoathongminh.com\/en\/wp-json\/wp\/v2\/product"}],"about":[{"href":"https:\/\/ykhoathongminh.com\/en\/wp-json\/wp\/v2\/types\/product"}],"replies":[{"embeddable":true,"href":"https:\/\/ykhoathongminh.com\/en\/wp-json\/wp\/v2\/comments?post=1242"}],"wp:featuredmedia":[{"embeddable":true,"href":"https:\/\/ykhoathongminh.com\/en\/wp-json\/wp\/v2\/media\/7858"}],"wp:attachment":[{"href":"https:\/\/ykhoathongminh.com\/en\/wp-json\/wp\/v2\/media?parent=1242"}],"wp:term":[{"taxonomy":"product_cat","embeddable":true,"href":"https:\/\/ykhoathongminh.com\/en\/wp-json\/wp\/v2\/product_cat?post=1242"},{"taxonomy":"product_tag","embeddable":true,"href":"https:\/\/ykhoathongminh.com\/en\/wp-json\/wp\/v2\/product_tag?post=1242"}],"curies":[{"name":"wp","href":"https:\/\/api.w.org\/{rel}","templated":true}]}}