{"id":1244,"date":"2024-07-22T15:08:24","date_gmt":"2024-07-22T15:08:24","guid":{"rendered":"https:\/\/ykhoathongminh.com\/?post_type=product&#038;p=1244"},"modified":"2024-10-09T15:41:18","modified_gmt":"2024-10-09T15:41:18","slug":"bang-ron-tre-em-bao-thach-da-tiet-trung","status":"publish","type":"product","link":"https:\/\/ykhoathongminh.com\/en\/product\/bang-ron-tre-em-bao-thach-da-tiet-trung\/","title":{"rendered":"B\u0103ng R\u1ed1n Tr\u1ebb Em B\u1ea3o Th\u1ea1ch \u0110\u00e3 Ti\u1ec7t Tr\u00f9ng"},"content":{"rendered":"<p><strong>\u0110\u1eb7c \u0111i\u1ec3m<\/strong><\/p>\n<ul>\n<li>\u0110\u00f3ng g\u00f3i: 1 b\u0103ng r\u1ed1n v\u00e0 1 mi\u1ebfng g\u1ea1c 5cm x 6,5cm<\/li>\n<li>L\u00e0m t\u1eeb s\u1ee3i polyester.<\/li>\n<li>\u0110\u1ed9 co gi\u00e3n t\u1ed1t.<\/li>\n<li>M\u1ec1m m\u1ea1i cho da em b\u00e9.<\/li>\n<li>Th\u00f4ng tho\u00e1ng, l\u00e0m cho cu\u1ed1ng r\u1ed1n mau kh\u00f4 v\u00e0 r\u1ee5ng.<\/li>\n<\/ul>\n<p><strong>T\u00ednh n\u0103ng<\/strong><\/p>\n<ul>\n<li>D\u00f9ng g\u1ea1c ti\u1ec7t tr\u00f9ng \u0111\u1eafp l\u00ean r\u1ed1n em b\u00e9 r\u1ed3i \u0111eo b\u0103ng r\u1ed1n.<\/li>\n<li>S\u1eed d\u1ee5ng b\u0103ng r\u1ed1n sau khi c\u1eaft d\u00e2y r\u1ed1n, cho \u0111\u1ebfn khi cu\u1ed1ng r\u1ed1n kh\u00f4 v\u00e0 r\u1ee5ng.<\/li>\n<li>N\u00ean s\u1eed d\u1ee5ng b\u0103ng r\u1ed1n khi ch\u0103m s\u00f3c tr\u1ebb s\u01a1 sinh b\u1ecb tho\u00e1t v\u1ecb r\u1ed1n.<\/li>\n<\/ul>","protected":false},"excerpt":{"rendered":"<ul>\n<li>\u0110\u00f3ng g\u00f3i: 1 b\u0103ng r\u1ed1n v\u00e0 1 mi\u1ebfng g\u1ea1c 5cm x 6,5cm<\/li>\n<li>L\u00e0m t\u1eeb s\u1ee3i polyester.<\/li>\n<li>\u0110\u1ed9 co gi\u00e3n t\u1ed1t.<\/li>\n<li>M\u1ec1m m\u1ea1i cho da em b\u00e9.<\/li>\n<li>Th\u00f4ng tho\u00e1ng, l\u00e0m cho cu\u1ed1ng r\u1ed1n mau kh\u00f4 v\u00e0 r\u1ee5ng.<\/li>\n<\/ul>","protected":false},"featured_media":8076,"comment_status":"open","ping_status":"closed","template":"","meta":{"_acf_changed":false,"rank_math_lock_modified_date":false},"product_cat":[158,1344,149],"product_tag":[],"class_list":{"0":"post-1244","1":"product","2":"type-product","3":"status-publish","4":"has-post-thumbnail","6":"product_cat-vat-tu-tieu-hao","7":"product_cat-vat-tu-tieu-hao-khac","8":"product_cat-vat-tu-y-te","10":"first","11":"instock","12":"shipping-taxable","13":"purchasable","14":"product-type-simple"},"acf":[],"_links":{"self":[{"href":"https:\/\/ykhoathongminh.com\/en\/wp-json\/wp\/v2\/product\/1244"}],"collection":[{"href":"https:\/\/ykhoathongminh.com\/en\/wp-json\/wp\/v2\/product"}],"about":[{"href":"https:\/\/ykhoathongminh.com\/en\/wp-json\/wp\/v2\/types\/product"}],"replies":[{"embeddable":true,"href":"https:\/\/ykhoathongminh.com\/en\/wp-json\/wp\/v2\/comments?post=1244"}],"wp:featuredmedia":[{"embeddable":true,"href":"https:\/\/ykhoathongminh.com\/en\/wp-json\/wp\/v2\/media\/8076"}],"wp:attachment":[{"href":"https:\/\/ykhoathongminh.com\/en\/wp-json\/wp\/v2\/media?parent=1244"}],"wp:term":[{"taxonomy":"product_cat","embeddable":true,"href":"https:\/\/ykhoathongminh.com\/en\/wp-json\/wp\/v2\/product_cat?post=1244"},{"taxonomy":"product_tag","embeddable":true,"href":"https:\/\/ykhoathongminh.com\/en\/wp-json\/wp\/v2\/product_tag?post=1244"}],"curies":[{"name":"wp","href":"https:\/\/api.w.org\/{rel}","templated":true}]}}