{"id":1247,"date":"2024-07-22T15:08:24","date_gmt":"2024-07-22T15:08:24","guid":{"rendered":"https:\/\/ykhoathongminh.com\/?post_type=product&#038;p=1247"},"modified":"2024-09-23T14:54:51","modified_gmt":"2024-09-23T14:54:51","slug":"kim-bop-tap-tay-lo-xo-co-chinh-luc","status":"publish","type":"product","link":"https:\/\/ykhoathongminh.com\/en\/product\/kim-bop-tap-tay-lo-xo-co-chinh-luc\/","title":{"rendered":"K\u00ccM B\u00d3P T\u1eacP TAY L\u00d2 XO C\u00d3 CH\u1ec8NH L\u1ef0C"},"content":{"rendered":"<p><strong>Th\u00f4ng tin s\u1ea3n ph\u1ea9m\u00a0<\/strong><br \/>\n\u2013 N\u00fam \u0111i\u1ec1u ch\u1ec9nh l\u1ef1c b\u00f3p t\u1eeb 10-40 kg<br \/>\n\u2013 K\u00edch th\u01b0\u1edbc : 30 x 20 cm<\/p>\n<p>-M\u00e0u s\u1eafc: Ng\u1eabu nhi\u00ean<br \/>\n\u2013 L\u00f5i th\u00e9p , v\u1ecf b\u1ecdc b\u1eb1ng nh\u1ef1a cao c\u1ea5p ch\u1ed1ng tr\u01a1n , th\u1ea5m m\u1ed3 h\u00f4i<br \/>\n\u2013 T\u1eadp c\u01a1 b\u00e0n tay , ng\u00f3n tay<br \/>\n\u2013 L\u00f2 xo t\u0103ng ch\u1ec9nh gi\u00fap ng\u01b0\u1eddi t\u1eadp l\u1ef1a ch\u1ecdn c\u00e2n n\u1eb7ng ph\u00f9 h\u1ee3p<br \/>\n<strong>\u0110\u1eb7c \u0111i\u1ec3m n\u1ed5i b\u1eadt c\u1ee7a k\u00ecm b\u00f3p t\u1eadp tay l\u00f2 xo c\u00f3 ch\u1ec9nh l\u1ef1c<\/strong><br \/>\n\u2013 Thi\u1ebft k\u1ebf nh\u1ecf g\u1ecdn v\u1eeba v\u1eb7n<br \/>\n\u2013 C\u00f3 th\u1ec3 \u0111i\u1ec1u ch\u1ec9nh \u0111\u01b0\u1ee3c l\u1ef1c b\u00f3p ph\u00f9 h\u1ee3p v\u1edbi s\u1ee9c kh\u1ecfe t\u1eeb 10 \u0111\u1ebfn 40kg<br \/>\n\u2013 K\u00ecm t\u1eadp c\u01a1 tay ch\u1eef A c\u00f3 l\u00f5i th\u00e9p, v\u1ecf b\u1ecdc b\u1eb1ng nh\u1ef1a cao c\u1ea5p ch\u1ed1ng tr\u01a1n, th\u1ea5m m\u1ed3 h\u00f4.<br \/>\n\u2013 An to\u00e0n, v\u1eefng v\u00e0ng, d\u1ec5 s\u1eed d\u1ee5ng<br \/>\n\u2013 L\u1ee3i \u00edch khi s\u1eed d\u1ee5ng s\u1ea3n ph\u1ea9m k\u00ecm b\u00f3p tay ch\u1eef A<br \/>\n\u2013 Gi\u1ea3i tr\u00ed trong l\u00fac r\u1ea3nh r\u1ed7i; r\u00e8n luy\u1ec7n tay hi\u1ec7u qu\u1ea3. Gi\u00fap tu\u1ea7n ho\u00e0n m\u00e1u, gi\u1ea3m stress, t\u0103ng c\u01b0\u1eddng s\u1ee9c kh\u1ecfe. Quay l\u1ea1i l\u00e0m vi\u1ec7c s\u1ea3ng kho\u00e1i. \u200b<br \/>\n\u2013 D\u00f9ng cho m\u1ecdi \u0111\u1ed1i t\u01b0\u1ee3ng, m\u1ecdi l\u00fac, m\u1ecdi n\u01a1i. Ti\u1ec7n l\u1ee3i, g\u1ecdn nh\u1eb9, d\u1ec5 d\u00e0ng s\u1eed d\u1ee5ng \u1edf b\u1ea5t k\u1ef3 \u0111\u00e2u. Trong v\u0103n ph\u00f2ng, tr\u00ean xe, \u1edf nh\u00e0, \u0111i du l\u1ecbch \u2026\u200b<\/p>","protected":false},"excerpt":{"rendered":"<p>Thi\u1ebft k\u1ebf nh\u1ecf g\u1ecdn v\u1eeba v\u1eb7n<br \/>\n\u2013 C\u00f3 th\u1ec3 \u0111i\u1ec1u ch\u1ec9nh \u0111\u01b0\u1ee3c l\u1ef1c b\u00f3p ph\u00f9 h\u1ee3p v\u1edbi s\u1ee9c kh\u1ecfe t\u1eeb 10 \u0111\u1ebfn 40kg<br \/>\n\u2013 K\u00ecm t\u1eadp c\u01a1 tay ch\u1eef A c\u00f3 l\u00f5i th\u00e9p, v\u1ecf b\u1ecdc b\u1eb1ng nh\u1ef1a cao c\u1ea5p ch\u1ed1ng tr\u01a1n, th\u1ea5m m\u1ed3 h\u00f4.<br \/>\n\u2013 An to\u00e0n, v\u1eefng v\u00e0ng, d\u1ec5 s\u1eed d\u1ee5ng<br \/>\n\u2013 L\u1ee3i \u00edch khi s\u1eed d\u1ee5ng s\u1ea3n ph\u1ea9m k\u00ecm b\u00f3p tay ch\u1eef A<br \/>\n\u2013 Gi\u1ea3i tr\u00ed trong l\u00fac r\u1ea3nh r\u1ed7i; r\u00e8n luy\u1ec7n tay hi\u1ec7u qu\u1ea3. Gi\u00fap tu\u1ea7n ho\u00e0n m\u00e1u, gi\u1ea3m stress, t\u0103ng c\u01b0\u1eddng s\u1ee9c kh\u1ecfe. Quay l\u1ea1i l\u00e0m vi\u1ec7c s\u1ea3ng kho\u00e1i. \u200b<br \/>\n\u2013 D\u00f9ng cho m\u1ecdi \u0111\u1ed1i t\u01b0\u1ee3ng, m\u1ecdi l\u00fac, m\u1ecdi n\u01a1i. Ti\u1ec7n l\u1ee3i, g\u1ecdn nh\u1eb9, d\u1ec5 d\u00e0ng s\u1eed d\u1ee5ng \u1edf b\u1ea5t k\u1ef3 \u0111\u00e2u. Trong v\u0103n ph\u00f2ng, tr\u00ean xe, \u1edf nh\u00e0, \u0111i du l\u1ecbch \u2026\u200b<\/p>","protected":false},"featured_media":7324,"comment_status":"open","ping_status":"closed","template":"","meta":{"_acf_changed":false,"rank_math_lock_modified_date":false},"product_cat":[256,121,118],"product_tag":[],"class_list":{"0":"post-1247","1":"product","2":"type-product","3":"status-publish","4":"has-post-thumbnail","6":"product_cat-dung-cu-tap-chi-tren","7":"product_cat-dung-cu-tap-luyen","8":"product_cat-phuc-hoi-chuc-nang","10":"first","11":"instock","12":"shipping-taxable","13":"purchasable","14":"product-type-simple"},"acf":[],"_links":{"self":[{"href":"https:\/\/ykhoathongminh.com\/en\/wp-json\/wp\/v2\/product\/1247"}],"collection":[{"href":"https:\/\/ykhoathongminh.com\/en\/wp-json\/wp\/v2\/product"}],"about":[{"href":"https:\/\/ykhoathongminh.com\/en\/wp-json\/wp\/v2\/types\/product"}],"replies":[{"embeddable":true,"href":"https:\/\/ykhoathongminh.com\/en\/wp-json\/wp\/v2\/comments?post=1247"}],"wp:featuredmedia":[{"embeddable":true,"href":"https:\/\/ykhoathongminh.com\/en\/wp-json\/wp\/v2\/media\/7324"}],"wp:attachment":[{"href":"https:\/\/ykhoathongminh.com\/en\/wp-json\/wp\/v2\/media?parent=1247"}],"wp:term":[{"taxonomy":"product_cat","embeddable":true,"href":"https:\/\/ykhoathongminh.com\/en\/wp-json\/wp\/v2\/product_cat?post=1247"},{"taxonomy":"product_tag","embeddable":true,"href":"https:\/\/ykhoathongminh.com\/en\/wp-json\/wp\/v2\/product_tag?post=1247"}],"curies":[{"name":"wp","href":"https:\/\/api.w.org\/{rel}","templated":true}]}}