{"id":1260,"date":"2024-07-22T15:08:47","date_gmt":"2024-07-22T15:08:47","guid":{"rendered":"https:\/\/ykhoathongminh.com\/?post_type=product&#038;p=1260"},"modified":"2024-10-15T02:59:43","modified_gmt":"2024-10-15T02:59:43","slug":"nhip-nhon-khong-mau-20-cm","status":"publish","type":"product","link":"https:\/\/ykhoathongminh.com\/en\/product\/nhip-nhon-khong-mau-20-cm\/","title":{"rendered":"Nh\u00edp Nh\u1ecdn Kh\u00f4ng M\u1ea5u 20cm"},"content":{"rendered":"<h2>Nh\u00edp nh\u1ecdn kh\u00f4ng m\u1ea5u 20 cm<\/h2>\n<p>Nh\u00edp \u0111\u01b0\u1ee3c s\u1ea3n xu\u1ea5t t\u1ea1i Pakistan d\u00f9ng trong y t\u1ebf,s\u1ea3n khoa v\u00e0 gia \u0111\u00ecnh v\u1edbi ch\u1ee9c n\u0103ng d\u00f9ng \u0111\u1ec3 g\u1eafp d\u1ecb v\u1eadt trong ph\u1eabu thu\u1eadt\u00a0l\u00e0m b\u0103ng c\u00f4ng ngh\u1ec7 th\u00e9p inox kh\u00f4ng g\u1ec9.<\/p>","protected":false},"excerpt":{"rendered":"<p>Nh\u00edp nh\u1ecdn kh\u00f4ng m\u1ea5u 20 cm Nh\u00edp \u0111\u01b0\u1ee3c s\u1ea3n xu\u1ea5t t\u1ea1i Pakistan d\u00f9ng trong y t\u1ebf,s\u1ea3n khoa v\u00e0 gia \u0111\u00ecnh v\u1edbi ch\u1ee9c n\u0103ng d\u00f9ng \u0111\u1ec3 g\u1eafp d\u1ecb v\u1eadt trong ph\u1eabu thu\u1eadt\u00a0l\u00e0m b\u0103ng c\u00f4ng ngh\u1ec7 th\u00e9p inox kh\u00f4ng g\u1ec9.<\/p>","protected":false},"featured_media":8346,"comment_status":"open","ping_status":"closed","template":"","meta":{"_acf_changed":false,"rank_math_lock_modified_date":false},"product_cat":[838,840,149],"product_tag":[],"class_list":{"0":"post-1260","1":"product","2":"type-product","3":"status-publish","4":"has-post-thumbnail","6":"product_cat-dung-cu-y-te","7":"product_cat-nhip-dao-mo","8":"product_cat-vat-tu-y-te","10":"first","11":"instock","12":"shipping-taxable","13":"purchasable","14":"product-type-simple"},"acf":[],"_links":{"self":[{"href":"https:\/\/ykhoathongminh.com\/en\/wp-json\/wp\/v2\/product\/1260"}],"collection":[{"href":"https:\/\/ykhoathongminh.com\/en\/wp-json\/wp\/v2\/product"}],"about":[{"href":"https:\/\/ykhoathongminh.com\/en\/wp-json\/wp\/v2\/types\/product"}],"replies":[{"embeddable":true,"href":"https:\/\/ykhoathongminh.com\/en\/wp-json\/wp\/v2\/comments?post=1260"}],"wp:featuredmedia":[{"embeddable":true,"href":"https:\/\/ykhoathongminh.com\/en\/wp-json\/wp\/v2\/media\/8346"}],"wp:attachment":[{"href":"https:\/\/ykhoathongminh.com\/en\/wp-json\/wp\/v2\/media?parent=1260"}],"wp:term":[{"taxonomy":"product_cat","embeddable":true,"href":"https:\/\/ykhoathongminh.com\/en\/wp-json\/wp\/v2\/product_cat?post=1260"},{"taxonomy":"product_tag","embeddable":true,"href":"https:\/\/ykhoathongminh.com\/en\/wp-json\/wp\/v2\/product_tag?post=1260"}],"curies":[{"name":"wp","href":"https:\/\/api.w.org\/{rel}","templated":true}]}}