{"id":1268,"date":"2024-07-22T15:08:48","date_gmt":"2024-07-22T15:08:48","guid":{"rendered":"https:\/\/ykhoathongminh.com\/?post_type=product&#038;p=1268"},"modified":"2025-04-23T07:03:17","modified_gmt":"2025-04-23T07:03:17","slug":"pen-kep-kim-so-12-cm-thang","status":"publish","type":"product","link":"https:\/\/ykhoathongminh.com\/en\/product\/pen-kep-kim-so-12-cm-thang\/","title":{"rendered":"Pen K\u1eb9p Kim S\u1ed1 12cm Th\u1eb3ng"},"content":{"rendered":"<p><strong>Pen k\u1eb9p kim hay k\u00ecm k\u1eb9p kim 12 cm th\u1eb3ng<\/strong><\/p>\n<ul>\n<li>D\u00f9ng \u0111\u1ec3 gi\u1eef, c\u1ed1 \u0111\u1ecbnh kim khi th\u1ef1c hi\u1ec7n kh\u00e2u sau khi ph\u1eabu thu\u1eadt<\/li>\n<li>D\u00f9ng kh\u00e2u t\u1ea7ng sinh m\u00f4n, kh\u00e2u s\u1ea3n khoa<\/li>\n<\/ul>\n<p>S\u1ea3n ph\u1ea9m \u0111\u01b0\u1ee3c s\u1ea3n xu\u1ea5t b\u1edfi nh\u00e0 s\u1ea3n xu\u1ea5t Pakistan. Ch\u1ea5t li\u1ec7u th\u00e9p kh\u00f4ng g\u1ec9 an to\u00e0n thi\u1ebft k\u1ebf \u0111\u1eb9p g\u1ecdn.<\/p>\n<p>Pen k\u1eb9p kim l\u00e0 s\u1ea3n ph\u1ea9m chuy\u00ean d\u00f9ng cho ph\u1eabu thu\u1eadt v\u00e0 \u0111i\u1ec1u tr\u1ecb b\u1ec7nh trong b\u1ec7nh vi\u1ec7n, \u0111\u01b0\u1ee3c s\u1ea3n xu\u1ea5t d\u00e2y truy\u1ec1n hi\u1ec7n \u0111\u1ea1i v\u00e0 th\u1eed nghi\u1ec7m ph\u00f9 h\u1ee3p v\u1edbi nhu c\u1ea7u s\u1eed d\u1ee5ng. \u0110\u1eb7c bi\u1ec7t, v\u1edbi thi\u1ebft k\u1ebf ch\u1eafc ch\u1eafn, m\u00e0u s\u1eafc d\u1ec5 ph\u00e2n bi\u1ec7t n\u00ean \u0111\u01b0\u1ee3c b\u00e1c s\u0129 tin d\u00f9ng.<\/p>\n<figure id=\"attachment_6603\" aria-describedby=\"caption-attachment-6603\" style=\"width: 540px\" class=\"wp-caption aligncenter\"><img loading=\"lazy\" decoding=\"async\" class=\"size-medium wp-image-6603\" src=\"https:\/\/ykhoathongminh.com\/wp-content\/uploads\/2023\/07\/Pen-kep-kim-so-12-cm-thang-tai-dong-nai-540x540.jpg\" alt=\"\" width=\"540\" height=\"540\" \/><figcaption id=\"caption-attachment-6603\" class=\"wp-caption-text\">Pen k\u1eb9p kim s\u1ed1 12 cm th\u1eb3ng t\u1ea1i \u0110\u1ed3ng Nai<\/figcaption><\/figure>\n<h2>\u01afu \u0111i\u1ec3m Pen k\u1eb9p kim<\/h2>\n<ul>\n<li>Pen k\u1eb9p kim c\u00f3 ch\u1ee9c n\u0103ng gi\u1eef kim ch\u1eafc ch\u1eafn, h\u1ed7 tr\u1ee3 b\u00e1c s\u0129 kh\u00e2u v\u1ebft th\u01b0\u01a1ng sau khi ph\u1eabu thu\u1eadt, thi\u1ebft k\u1ebf thu\u1eadn tay gi\u00fap kim c\u00f3 th\u1ec3 xuy\u00ean qua da m\u1ed9t c\u00e1ch ch\u00ednh x\u00e1c, nhanh g\u1ecdn.<\/li>\n<li>M\u00e9p c\u1ee7a \u0111\u1ea7u k\u1eb9p kim \u0111\u01b0\u1ee3c l\u00e0m tr\u00f2n \u0111\u1ec3 khi k\u1eb9p kh\u00f4ng g\u00e2y h\u1ecfng kim v\u00e0 ch\u1ec9 kh\u00e2u gi\u00fap cho ph\u1eabu thu\u1eadt c\u00f3 th\u1ec3 di\u1ec5n ra m\u1ed9t c\u00e1ch thu\u1eadn l\u1ee3i<\/li>\n<li>Hi\u1ec7n nay c\u00e1c pen k\u1eb9p kim d\u00f9ng trong ph\u1eabu thu\u1eadt th\u01b0\u1eddng c\u00f3 \u0111\u1ea7u l\u00e0m b\u1eb1ng h\u1ee3p kim cacbua vonfram m\u00e9p c\u1ee7a \u0111\u1ea7u k\u1eb9p kim \u0111\u01b0\u1ee3c l\u00e0m tr\u00f2n \u0111\u1ec3 khi k\u1eb9p kh\u00f4ng g\u00e2y h\u1ecfng kim v\u00e0 ch\u1ec9<\/li>\n<\/ul>","protected":false},"excerpt":{"rendered":"<ul>\n<li>D\u00f9ng \u0111\u1ec3 gi\u1eef, c\u1ed1 \u0111\u1ecbnh kim khi th\u1ef1c hi\u1ec7n kh\u00e2u sau khi ph\u1eabu thu\u1eadt<\/li>\n<li>D\u00f9ng kh\u00e2u t\u1ea7ng sinh m\u00f4n, kh\u00e2u s\u1ea3n khoa<\/li>\n<\/ul>\n<p>S\u1ea3n ph\u1ea9m \u0111\u01b0\u1ee3c s\u1ea3n xu\u1ea5t b\u1edfi nh\u00e0 s\u1ea3n xu\u1ea5t Pakistan. Ch\u1ea5t li\u1ec7u th\u00e9p kh\u00f4ng g\u1ec9 an to\u00e0n thi\u1ebft k\u1ebf \u0111\u1eb9p g\u1ecdn.<\/p>\n<p><strong>Pen k\u1eb9p kim s\u1ed1 12 cm th\u1eb3ng<\/strong> l\u00e0 s\u1ea3n ph\u1ea9m chuy\u00ean d\u00f9ng cho ph\u1eabu thu\u1eadt v\u00e0 \u0111i\u1ec1u tr\u1ecb b\u1ec7nh trong b\u1ec7nh vi\u1ec7n, \u0111\u01b0\u1ee3c s\u1ea3n xu\u1ea5t d\u00e2y truy\u1ec1n hi\u1ec7n \u0111\u1ea1i v\u00e0 th\u1eed nghi\u1ec7m ph\u00f9 h\u1ee3p v\u1edbi nhu c\u1ea7u s\u1eed d\u1ee5ng. \u0110\u1eb7c bi\u1ec7t, v\u1edbi thi\u1ebft k\u1ebf ch\u1eafc ch\u1eafn, m\u00e0u s\u1eafc d\u1ec5 ph\u00e2n bi\u1ec7t n\u00ean \u0111\u01b0\u1ee3c b\u00e1c s\u0129 tin d\u00f9ng.<\/p>","protected":false},"featured_media":8292,"comment_status":"open","ping_status":"closed","template":"","meta":{"_acf_changed":false,"rank_math_lock_modified_date":false},"product_cat":[838,150,149],"product_tag":[],"class_list":{"0":"post-1268","1":"product","2":"type-product","3":"status-publish","4":"has-post-thumbnail","6":"product_cat-dung-cu-y-te","7":"product_cat-pen-keo","8":"product_cat-vat-tu-y-te","10":"first","11":"instock","12":"shipping-taxable","13":"purchasable","14":"product-type-simple"},"acf":[],"_links":{"self":[{"href":"https:\/\/ykhoathongminh.com\/en\/wp-json\/wp\/v2\/product\/1268"}],"collection":[{"href":"https:\/\/ykhoathongminh.com\/en\/wp-json\/wp\/v2\/product"}],"about":[{"href":"https:\/\/ykhoathongminh.com\/en\/wp-json\/wp\/v2\/types\/product"}],"replies":[{"embeddable":true,"href":"https:\/\/ykhoathongminh.com\/en\/wp-json\/wp\/v2\/comments?post=1268"}],"wp:featuredmedia":[{"embeddable":true,"href":"https:\/\/ykhoathongminh.com\/en\/wp-json\/wp\/v2\/media\/8292"}],"wp:attachment":[{"href":"https:\/\/ykhoathongminh.com\/en\/wp-json\/wp\/v2\/media?parent=1268"}],"wp:term":[{"taxonomy":"product_cat","embeddable":true,"href":"https:\/\/ykhoathongminh.com\/en\/wp-json\/wp\/v2\/product_cat?post=1268"},{"taxonomy":"product_tag","embeddable":true,"href":"https:\/\/ykhoathongminh.com\/en\/wp-json\/wp\/v2\/product_tag?post=1268"}],"curies":[{"name":"wp","href":"https:\/\/api.w.org\/{rel}","templated":true}]}}