{"id":1302,"date":"2024-07-22T15:09:34","date_gmt":"2024-07-22T15:09:34","guid":{"rendered":"https:\/\/ykhoathongminh.com\/?post_type=product&#038;p=1302"},"modified":"2026-01-21T14:30:27","modified_gmt":"2026-01-21T14:30:27","slug":"bang-keo-lua-co-do-dinh-cao-ugotana-1-25cm-x-5m","status":"publish","type":"product","link":"https:\/\/ykhoathongminh.com\/en\/product\/bang-keo-lua-co-do-dinh-cao-ugotana-1-25cm-x-5m\/","title":{"rendered":"B\u0103ng Keo L\u1ee5a C\u00f3 \u0110\u1ed9 D\u00ednh Cao Ugotana 1.25cm x 5m"},"content":{"rendered":"<p>Trong t\u1ee7 thu\u1ed1c gia \u0111\u00ecnh c\u1ee7a m\u1ed7i nh\u00e0 c\u1ea7n n\u00ean c\u00f3 c\u00e1c lo\u1ea1i thi\u1ebft b\u1ecb, d\u1ee5ng c\u1ee5 y t\u1ebf c\u1ea7n thi\u1ebft nh\u01b0 nhi\u1ec7t k\u1ebf, m\u00e1y \u0111o huy\u1ebft \u00e1p, m\u00e1y \u0111o \u0111\u01b0\u1eddng huy\u1ebft, b\u00f4ng g\u00f2n, b\u0103ng g\u1ea1c, b\u0103ng c\u00e1 nh\u00e2n,&#8230; \u0111\u1ec3 c\u00f3 th\u1ec3 s\u1eed d\u1ee5ng ngay khi c\u1ea7n d\u00f9ng \u0111\u1ebfn.<\/p>\n<h2>\u0110\u1eb7c \u0111i\u1ec3m s\u1ea3n ph\u1ea9m<\/h2>\n<p>B\u0103ng keo l\u1ee5a c\u00f3 \u0111\u1ed9 d\u00ednh cao Ugotana 1.25cmx5m d\u00f9ng \u0111\u1ec3 c\u1ed1 \u0111\u1ecbnh c\u00e1c mi\u1ebfng b\u0103ng nh\u1ecf v\u00e0 c\u00e1c thi\u1ebft b\u1ecb y t\u1ebf.<\/p>\n<p>Keo c\u00f3 \u0111\u1ed9 d\u00ednh l\u00e2u d\u00e0i, d\u00ednh ch\u1eafc trong t\u1ea5t c\u1ea3 c\u00e1c tr\u01b0\u1eddng h\u1ee3p.<\/p>\n<p>\u00cdt g\u00e2y d\u1ecb \u1ee9ng, th\u00edch h\u1ee3p cho da nh\u1ea1y c\u1ea3m.<\/p>\n<p>L\u1ed7 tho\u00e1t kh\u00ed nh\u1ecf: gi\u00fap da th\u00f4ng tho\u00e1ng.<\/p>\n<p>X\u00e9 d\u1ec5 d\u00e0ng, d\u00f9ng \u0111\u01b0\u1ee3c nhanh m\u00e0 kh\u00f4ng c\u1ea7n k\u00e9o.<\/p>\n<h2>Th\u00e0nh ph\u1ea7n<\/h2>\n<p>Ph\u1ea7n n\u1ec1n b\u1eb1ng v\u1ea3i l\u1ee5a<\/p>\n<p>Ch\u1ea5t keo l\u00e0 oxyd k\u1ebdm kh\u00f4ng d\u00f9ng dung m\u00f4i<\/p>\n<h2>Ch\u1ec9 \u0111\u1ecbnh<\/h2>\n<p>D\u00f9ng \u0111\u1ec3 c\u1ed1 \u0111\u1ecbnh c\u00e1c lo\u1ea1i b\u0103ng d\u00f9ng \u0111\u1ec3 b\u0103ng v\u1ebft th\u01b0\u01a1ng v\u00e0 c\u00e1c thi\u1ebft b\u1ecb y t\u1ebf ( catheter, kim truy\u1ec1n&#8230;)<\/p>","protected":false},"excerpt":{"rendered":"<p><strong>B\u0103ng keo l\u1ee5a c\u00f3 \u0111\u1ed9 d\u00ednh cao Ugotana 1.25cmx5m<\/strong> d\u00f9ng \u0111\u1ec3 b\u0103ng c\u00e1c v\u1ebft th\u01b0\u01a1ng ngo\u00e0i da hi\u1ec7u qu\u1ea3 v\u00e0 v\u00f4 tr\u00f9ng.<\/p>","protected":false},"featured_media":8048,"comment_status":"open","ping_status":"closed","template":"","meta":{"_acf_changed":false,"rank_math_lock_modified_date":false},"product_cat":[560,158,149],"product_tag":[],"class_list":{"0":"post-1302","1":"product","2":"type-product","3":"status-publish","4":"has-post-thumbnail","6":"product_cat-bang-gac-y-te","7":"product_cat-vat-tu-tieu-hao","8":"product_cat-vat-tu-y-te","10":"first","11":"instock","12":"shipping-taxable","13":"purchasable","14":"product-type-simple"},"acf":[],"_links":{"self":[{"href":"https:\/\/ykhoathongminh.com\/en\/wp-json\/wp\/v2\/product\/1302"}],"collection":[{"href":"https:\/\/ykhoathongminh.com\/en\/wp-json\/wp\/v2\/product"}],"about":[{"href":"https:\/\/ykhoathongminh.com\/en\/wp-json\/wp\/v2\/types\/product"}],"replies":[{"embeddable":true,"href":"https:\/\/ykhoathongminh.com\/en\/wp-json\/wp\/v2\/comments?post=1302"}],"wp:featuredmedia":[{"embeddable":true,"href":"https:\/\/ykhoathongminh.com\/en\/wp-json\/wp\/v2\/media\/8048"}],"wp:attachment":[{"href":"https:\/\/ykhoathongminh.com\/en\/wp-json\/wp\/v2\/media?parent=1302"}],"wp:term":[{"taxonomy":"product_cat","embeddable":true,"href":"https:\/\/ykhoathongminh.com\/en\/wp-json\/wp\/v2\/product_cat?post=1302"},{"taxonomy":"product_tag","embeddable":true,"href":"https:\/\/ykhoathongminh.com\/en\/wp-json\/wp\/v2\/product_tag?post=1302"}],"curies":[{"name":"wp","href":"https:\/\/api.w.org\/{rel}","templated":true}]}}