{"id":1326,"date":"2024-07-22T15:09:36","date_gmt":"2024-07-22T15:09:36","guid":{"rendered":"https:\/\/ykhoathongminh.com\/?post_type=product&#038;p=1326"},"modified":"2024-09-23T14:51:43","modified_gmt":"2024-09-23T14:51:43","slug":"dung-cu-bop-massage-tap-tay-duy-thanh","status":"publish","type":"product","link":"https:\/\/ykhoathongminh.com\/en\/product\/dung-cu-bop-massage-tap-tay-duy-thanh\/","title":{"rendered":"D\u1ee4NG C\u1ee4 B\u00d3P MASSAGE T\u1eacP TAY DUY TH\u00c0NH"},"content":{"rendered":"<ul>\n<li aria-level=\"1\">B\u00e0n tay v\u00e0 \u0111\u00f4i ch\u00e2n l\u00e0 2 b\u1ed9 ph\u1eadn c\u01a1 th\u1ec3 th\u01b0\u1eddng xuy\u00ean ph\u1ea3i ho\u1ea1t \u0111\u1ed9ng v\u00e0 d\u1ec5 ch\u1ecbu t\u00e1c \u0111\u1ed9ng c\u1ee7a b\u00ean ngo\u00e0i nhi\u1ec1u nh\u1ea5t so v\u1edbi c\u00e1c b\u1ed9 ph\u1eadn kh\u00e1c tr\u00ean c\u01a1 th\u1ec3. \u0110\u1eb7c bi\u1ec7t l\u00e0 b\u00e0n tay, m\u1ecdi ho\u1ea1t \u0111\u1ed9ng th\u01b0\u1eddng nh\u1eadt \u0111\u1ec1u c\u00f3 li\u00ean quan \u0111\u1ebfn \u0111\u00f4i b\u00e0n tay. Kh\u00f4ng ch\u1ec9 ng\u01b0\u1eddi lao \u0111\u1ed9ng m\u00e0 ngay c\u1ea3 c\u00f4ng vi\u1ec7c v\u0103n ph\u00f2ng v\u1edbi vi\u1ec7c \u0111\u00f2i h\u1ecfi c\u01b0\u1eddng \u0111\u1ed9 m\u00e1y vi t\u00ednh nhi\u1ec1u d\u1ec5 khi\u1ebfn tay b\u1ea1n tr\u1edf n\u00ean m\u1ec7t m\u1ecfi. D\u1ee5ng c\u1ee5 t\u1eadp tay Duy Th\u00e0nh s\u1eed d\u1ee5ng ch\u1ea5t li\u1ec7u cao c\u1ea5p gi\u00fap t\u0103ng \u0111\u1ed9 b\u1ec1n v\u00e0 \u0111\u1ec3 ng\u01b0\u1eddi ti\u00eau d\u00f9ng y\u00ean t\u00e2m khi s\u1eed d\u1ee5ng. D\u1ee5ng c\u1ee5 t\u1eadp tay gi\u00fap b\u1ea1n v\u1eadn \u0111\u1ed9ng nh\u1eefng c\u01a1 tr\u00ean b\u00e0n tay, r\u00e8n luy\u1ec7n v\u00e0 t\u0103ng kh\u1ea3 n\u0103ng v\u1eadn \u0111\u1ed9ng. gi\u1ea3m nh\u1ee9c m\u1ecfi, gi\u1ea3i tr\u00ed khi r\u1ea3nh r\u1ed7i v\u00e0 \u0111\u1eb7c bi\u1ec7t ph\u00f9 h\u1ee3p \u0111\u1ec3 gi\u1ea3m stress, ti\u00eau hao n\u0103ng l\u01b0\u1ee3ng ti\u00eau c\u1ef1<\/li>\n<li aria-level=\"1\">Ngo\u00e0i ra D\u1ee5ng c\u1ee5 t\u1eadp tay ph\u1ee5c h\u1ed3i ch\u1ee9c n\u0103ng \u00a0c\u00f2n c\u00f3 t\u00e1c d\u1ee5ng h\u1ed7 tr\u1ee3 cho ng\u01b0\u1eddi t\u1eadp ph\u1ee5c h\u1ed3i ch\u1ee9c n\u0103ng kh\u1edbp ng\u00f3n tay v\u00e0 c\u1ed5 tay. \u0110\u1eb7c bi\u1ec7t v\u1edbi nh\u1eefng b\u1ea1n y\u00eau th\u00edch m\u00f4n th\u1ec3 thao (c\u1ea7u l\u00f4ng, qu\u1ea7n v\u1ee3t) t\u1eadp luy\u1ec7n th\u01b0\u1eddng xuy\u00ean d\u1ee5ng c\u1ee5 t\u1eadp tay gi\u00fap c\u00e1c ng\u00f3n tay tr\u1edf n\u00ean linh ho\u1ea1t v\u00e0 m\u1ec1m m\u1ea1i h\u01a1n.<\/li>\n<\/ul>\n<ul>\n<li aria-level=\"1\">Th\u01b0\u1eddng xuy\u00ean s\u1eed d\u1ee5ng d\u1ee5ng c\u1ee5 t\u1eadp tay \u0111\u1ec3 luy\u1ec7n t\u1eadp c\u01a1 tay s\u1ebd gi\u00fap b\u1ea1n t\u0103ng c\u01b0\u1eddng \u0111\u1ed9 d\u1ebbo dai cho b\u00e0n tay, gi\u00fap c\u00e1c ng\u00f3n tay tr\u1edf n\u00ean linh ho\u1ea1t h\u01a1n, gi\u00fap c\u01a1 c\u00f9m tay, b\u00e0n tay v\u00e0 ng\u00f3n tay r\u1eafn ch\u1eafc, t\u0103ng c\u01b0\u1eddng th\u1ec3 l\u1ef1c. \u0110\u00f4i b\u00e0n tay c\u1ee7a b\u1ea1n s\u1ebd tr\u1edf n\u00ean s\u0103n ch\u1eafc, kh\u1ecfe m\u1ea1nh v\u00e0 linh ho\u1ea1t h\u01a1n.<\/li>\n<li aria-level=\"1\">D\u1ee5ng c\u1ee5 t\u1eadp tay ph\u1ee5c h\u1ed3i ch\u1ee9c n\u0103ng c\u00f3 th\u1ec3 s\u1eed d\u1ee5ng v\u00e0o nh\u1eefng l\u00fac b\u1ea1n r\u1ea3nh r\u1ed7i hay ngh\u1ec9 gi\u1ea3i lao khi b\u1ea1n l\u00e0m vi\u1ec7c c\u0103ng th\u1eb3ng. B\u1edfi vi\u1ec7c luy\u1ec7n t\u1eadp tay\u00a0 s\u1ebd gi\u00fap b\u1ea1n qu\u00ean \u0111i nh\u1eefng m\u1ec7t m\u1ecfi khi l\u00e0m vi\u1ec7c thay v\u00ec b\u1ea1n h\u00fat thu\u1ed1c l\u00e1 ho\u1eb7c u\u1ed1ng c\u00e0 ph\u00ea. \u0110\u1eb7c bi\u1ec7t, v\u1edbi nh\u1eefng nh\u00e2n vi\u00ean v\u0103n ph\u00f2ng ph\u1ea3i s\u1eed d\u1ee5ng\u00a0 m\u00e1y t\u00ednh li\u00ean t\u1ee5c, D\u1ee5ng c\u1ee5 t\u1eadp tay Duy Th\u00e0nh s\u1ebd l\u00e0 c\u00f4ng c\u1ee5 h\u1ed7 tr\u1ee3 \u0111\u1eafc l\u1ef1c, b\u1ea3o v\u1ec7 b\u00e0n tay kh\u1ecfi c\u00e1c ch\u1ee9ng \u0111au kh\u1edbp v\u00e0 nguy c\u01a1 b\u1ecb chu\u1ed9t r\u00fat b\u00e0n tay.<\/li>\n<li aria-level=\"1\">S\u1ea3n ph\u1ea9m \u0111\u01b0\u1ee3c thi\u1ebft k\u1ebf r\u1ea5t g\u1ecdn nh\u1eb9 v\u00e0 ph\u00f9 h\u1ee3p v\u1edbi nhi\u1ec1u \u0111\u1ed9 tu\u1ed5i, c\u00f4ng vi\u1ec7c. V\u1edbi k\u00edch th\u01b0\u1edbc nh\u1ecf g\u1ecdn, gi\u00fap b\u1ea1n tho\u1ea3i m\u00e1i luy\u1ec7n t\u1eadp th\u1ec3 d\u1ee5c m\u1ecdi l\u00fac m\u1ecdi n\u01a1i, ngay trong nh\u1eefng kh\u00f4ng gian nh\u1ecf nh\u01b0 v\u0103n ph\u00f2ng, n\u01a1i l\u00e0m vi\u1ec7c. D\u1ec5 d\u00e0ng mang theo khi di chuy\u1ec3n.<\/li>\n<li aria-level=\"1\">D\u1ee5ng c\u1ee5 t\u1eadp tay ph\u1ee5c h\u1ed3i ch\u1ee9c n\u0103ng Duy Th\u00e0nh kh\u00f4ng d\u00f9ng \u0111i\u1ec7n n\u0103ng, c\u0169ng kh\u00f4ng d\u00f9ng pin m\u00e0 s\u1eed d\u1ee5ng l\u1ef1c v\u1eadn \u0111\u1ed9ng c\u1ee7a ng\u01b0\u1eddi s\u1eed d\u1ee5ng gi\u00fap cho vi\u1ec7c t\u1eadp luy\u1ec7n c\u01a1 b\u00e0n tay, ng\u00f3n tay tr\u1edf n\u00ean linh ho\u1ea1t v\u00e0 s\u0103n ch\u1eafc h\u01a1n.<\/li>\n<\/ul>","protected":false},"excerpt":{"rendered":"<ul>\n<li aria-level=\"1\">H\u1ed7 tr\u1ee3 cho ng\u01b0\u1eddi t\u1eadp ph\u1ee5c h\u1ed3i ch\u1ee9c n\u0103ng kh\u1edbp ng\u00f3n tay v\u00e0 c\u1ed5 tay.<\/li>\n<li aria-level=\"1\">Gi\u00fap t\u0103ng c\u01b0\u1eddng d\u1ebbo dai cho b\u00e0n tay<\/li>\n<li aria-level=\"1\">B\u1ea3o v\u1ec7 b\u00e0n tay kh\u1ecfi c\u00e1c ch\u1ee9ng \u0111au kh\u1edbp<\/li>\n<li aria-level=\"1\">Gi\u1ea3m nguy c\u01a1 b\u1ecb chu\u1ed9t r\u00fat b\u00e0n tay<\/li>\n<li aria-level=\"1\">Gi\u00fap gi\u1ea3m nh\u1ee9c m\u1ecfi b\u00e0n tay, ng\u00f3n tay<\/li>\n<li aria-level=\"1\">Ph\u00f9 h\u1ee3p cho ng\u01b0\u1eddi lao \u0111\u1ed9ng v\u00e0 nh\u00e2n vi\u00ean v\u0103n ph\u00f2ng<\/li>\n<\/ul>","protected":false},"featured_media":7320,"comment_status":"open","ping_status":"closed","template":"","meta":{"_acf_changed":false,"rank_math_lock_modified_date":false},"product_cat":[256,121,118],"product_tag":[],"class_list":{"0":"post-1326","1":"product","2":"type-product","3":"status-publish","4":"has-post-thumbnail","6":"product_cat-dung-cu-tap-chi-tren","7":"product_cat-dung-cu-tap-luyen","8":"product_cat-phuc-hoi-chuc-nang","10":"first","11":"instock","12":"shipping-taxable","13":"purchasable","14":"product-type-simple"},"acf":[],"_links":{"self":[{"href":"https:\/\/ykhoathongminh.com\/en\/wp-json\/wp\/v2\/product\/1326"}],"collection":[{"href":"https:\/\/ykhoathongminh.com\/en\/wp-json\/wp\/v2\/product"}],"about":[{"href":"https:\/\/ykhoathongminh.com\/en\/wp-json\/wp\/v2\/types\/product"}],"replies":[{"embeddable":true,"href":"https:\/\/ykhoathongminh.com\/en\/wp-json\/wp\/v2\/comments?post=1326"}],"wp:featuredmedia":[{"embeddable":true,"href":"https:\/\/ykhoathongminh.com\/en\/wp-json\/wp\/v2\/media\/7320"}],"wp:attachment":[{"href":"https:\/\/ykhoathongminh.com\/en\/wp-json\/wp\/v2\/media?parent=1326"}],"wp:term":[{"taxonomy":"product_cat","embeddable":true,"href":"https:\/\/ykhoathongminh.com\/en\/wp-json\/wp\/v2\/product_cat?post=1326"},{"taxonomy":"product_tag","embeddable":true,"href":"https:\/\/ykhoathongminh.com\/en\/wp-json\/wp\/v2\/product_tag?post=1326"}],"curies":[{"name":"wp","href":"https:\/\/api.w.org\/{rel}","templated":true}]}}