{"id":1398,"date":"2024-07-22T15:10:47","date_gmt":"2024-07-22T15:10:47","guid":{"rendered":"https:\/\/ykhoathongminh.com\/?post_type=product&#038;p=1398"},"modified":"2024-10-10T15:09:02","modified_gmt":"2024-10-10T15:09:02","slug":"chi-phau-thuat-khong-tieu-tu-nhien-cpt-caresilk-black-silk-so-6-0","status":"publish","type":"product","link":"https:\/\/ykhoathongminh.com\/en\/product\/chi-phau-thuat-khong-tieu-tu-nhien-cpt-caresilk-black-silk-so-6-0\/","title":{"rendered":"Ch\u1ec9 Ph\u1eabu Thu\u1eadt Kh\u00f4ng Ti\u00eau T\u1ef1 Nhi\u00ean CPT Caresilk Black Silk S\u1ed1 6\/0"},"content":{"rendered":"<div class=\"d-inline-block\">\n<p><strong class=\"color_setup\">TH\u00c0NH PH\u1ea6N:<\/strong><\/p>\n<p><strong>CARESILK\u00ae<\/strong><strong>\u00a0<\/strong>l\u00e0\u00a0ch\u1ec9 ph\u1eabu thu\u1eadt kh\u00f4ng ti\u00eau\u00a0t\u1ef1 nhi\u00ean \u0111a s\u1ee3i b\u1ec7n, \u0111\u01b0\u1ee3c l\u00e0m t\u1eeb m\u1ed9t d\u1ea1ng protein h\u1eefu c\u01a1 \u2013 chi\u1ebft xu\u1ea5t t\u1eeb k\u00e9n t\u1eb1m Bombyx Mori, c\u00f3 tr\u00e1ng ph\u1ee7 m\u1ed9t l\u1edbp s\u00e1p (wax) ho\u1eb7c silicon.<\/p>\n<p>Ch\u1ec9 ph\u1eabu thu\u1eadt\u00a0Silk \u0111\u01b0\u1ee3c nhu\u1ed9m m\u00e0u \u0111en (Logwood extract) ho\u1eb7c kh\u00f4ng nhu\u1ed9m (tr\u1eafng). Ch\u1ec9 Silk c\u00f2n \u0111\u01b0\u1ee3c g\u1ecdi l\u00e0 ch\u1ec9 t\u01a1, ch\u1ec9 l\u1ee5a.<\/p>\n<\/div>\n<div class=\"d-inline-block\">\n<p><strong class=\"color_setup\">\u0110\u1eb6C T\u00cdNH K\u1ef8 THU\u1eacT:<\/strong><\/p>\n<p>&nbsp;<\/p>\n<p>Ch\u1ec9 ph\u1eabu thu\u1eadt <strong>CARESILK\u00ae<\/strong><strong>\u00a0<\/strong>c\u00f3 c\u00e1c t\u00ednh n\u0103ng k\u1ef9 thu\u1eadt sau:<\/p>\n<ul>\n<li>S\u1ee3i ch\u1ec9 \u0111\u01b0\u1ee3c b\u1ec7n ch\u1eafc ch\u1eafc ch\u1eafn, b\u1ec1 m\u1eb7t m\u1ecbn, d\u1ec5 u\u1ed1n, d\u1ec5 th\u1eaft n\u00fat.<\/li>\n<li>L\u1ef1c c\u0103ng khi th\u1eaft n\u00fat cao, v\u01b0\u1ee3t y\u00eau c\u1ea7u D\u01b0\u1ee3c \u0110i\u1ec3n M\u1ef9 (USP).<\/li>\n<li>Kim th\u00e9p kh\u00f4ng g\u1ec9 series 300 ph\u1ee7 silicon (\u0111\u1ed1i v\u1edbi ch\u1ec9 li\u1ec1n kim).<\/li>\n<li>Thao t\u00e1c thu\u1eadn l\u1ee3i, xuy\u00ean qua m\u00f4 d\u1ec5 d\u00e0ng.<\/li>\n<li>Gi\u1eef v\u1ebft kh\u00e2u an to\u00e0n.<\/li>\n<\/ul>\n<p>&nbsp;<\/p>\n<\/div>\n<div class=\"d-inline-block\">\n<p><strong class=\"color_setup\">CH\u1ec8 \u0110\u1ecaNH V\u00c0 TH\u1eacN TR\u1eccNG :<\/strong><\/p>\n<p>&nbsp;<\/p>\n<p>Ch\u1ec9 ph\u1eabu thu\u1eadt <strong>CARESILK\u00ae<\/strong><strong>\u00a0<\/strong>\u0111\u01b0\u1ee3c s\u1eed d\u1ee5ng \u0111\u1ec3 kh\u00e2u, n\u1ed1i c\u00e1c m\u00f4 m\u1ec1m bao g\u1ed3m trong ph\u1eabu thu\u1eadt tim m\u1ea1ch, m\u1eaft, ngo\u1ea1i th\u1ea7n kinh, l\u00e0m ch\u1ec9 bu\u1ed9c\u2026<\/p>\n<p>M\u1eb7c d\u00f9 l\u00e0\u00a0ch\u1ec9 ph\u1eabu thu\u1eadt kh\u00f4ng ti\u00eau, ch\u1ec9 silk c\u00f3 xu h\u01b0\u1edbng b\u1ecb gi\u1ea3m s\u1ee9c c\u0103ng k\u00e9o trong th\u1eddi gian d\u00e0i c\u1ea5y gh\u00e9p trong c\u01a1 th\u1ec3 (in-vivo) do qu\u00e1 tr\u00ecnh th\u1ee7y ph\u00e2n.<\/p>\n<p>Ch\u1ec9 ph\u1eabu thu\u1eadt <strong>CARESILK\u00ae<\/strong><strong>\u00a0<\/strong>\u0111\u01b0\u1ee3c khuy\u1ebfn c\u00e1o kh\u00f4ng s\u1eed d\u1ee5ng cho ph\u1eabu thu\u1eadt c\u00e1c m\u00f4 c\u1ea7n th\u1eddi gian gi\u1eef v\u1ebft kh\u00e2u l\u00e2u d\u00e0i.<\/p>\n<p><em>(C\u00f3 th\u1ec3 g\u00e2y ph\u1ea3n \u1ee9ng vi\u00eam t\u1ea1i n\u01a1i kh\u00e2u tr\u00ean c\u01a1 \u0111\u1ecba m\u1eabn c\u1ea3m v\u1edbi th\u00e0nh ph\u1ea7n c\u1ee7a ch\u1ec9)<\/em><\/p>\n<p>&nbsp;<\/p>\n<\/div>\n<div class=\"d-inline-block\">\n<p><strong class=\"color_setup\">L\u01afU \u00dd:<\/strong><\/p>\n<p>&nbsp;<\/p>\n<p>S\u1ea3n ph\u1ea9m \u0111\u01b0\u1ee3c ti\u1ec7t tr\u00f9ng b\u1eb1ng kh\u00ed Ethylene Oxide. Kh\u00f4ng ti\u1ec7t tr\u00f9ng l\u1ea1i, kh\u00f4ng t\u00e1i s\u1eed d\u1ee5ng. Kh\u00f4ng s\u1eed d\u1ee5ng s\u1ea3n ph\u1ea9m c\u00f3 bao b\u00ec r\u00e1ch ho\u1eb7c bi\u1ebfn d\u1ea1ng.<\/p>\n<p>&nbsp;<\/p>\n<\/div>\n<div class=\"d-inline-block\">\n<p><strong class=\"color_setup\">B\u1ea2O \u0110\u1ea2M:<\/strong><\/p>\n<p>&nbsp;<\/p>\n<p>N\u01a1i tho\u00e1ng m\u00e1t, nhi\u1ec7t \u0111\u1ed9 &lt; 25\u2070C, tr\u00e1nh \u1ea9m v\u00e0 nhi\u1ec7t tr\u1ef1c ti\u1ebfp. S\u1ed1 L\u00f4 v\u00e0 H\u1ea1n s\u1eed d\u1ee5ng xem tr\u00ean bao b\u00ec. H\u1ea1n s\u1eed d\u1ee5ng 5 n\u0103m k\u1ec3 t\u1eeb ng\u00e0y s\u1ea3n xu\u1ea5t.<\/p>\n<\/div>","protected":false},"excerpt":{"rendered":"<p><strong>Ch\u1ec9 ph\u1eabu thu\u1eadt kh\u00f4ng ti\u00eau<\/strong> (Non-absorbable sutures) l\u00e0 lo\u1ea1i ch\u1ec9 kh\u00f4ng tan sau khi ph\u1eabu thu\u1eadt, c\u00f3 th\u1eddi gian gi\u1eef v\u1ebft kh\u00e2u, t\u1ed5 ch\u1ee9c l\u00e2u d\u00e0i, th\u01b0\u1eddng \u0111\u01b0\u1ee3c s\u1eed d\u1ee5ng \u0111\u1ed1i v\u1edbi nh\u1eefng v\u1ebft th\u01b0\u01a1ng l\u00e2u l\u00e0nh. Hi\u1ec7n nay c\u00f3 nh\u1eefng lo\u1ea1i ch\u1ec9 kh\u00e2u kh\u00f4ng ti\u00eau c\u00f3 t\u00ednh tr\u01a1, t\u1ed3n t\u1ea1i v\u0129nh vi\u1ec5n trong c\u01a1 th\u1ec3 m\u00e0 kh\u00f4ng g\u00e2y ph\u1ea3n \u1ee9ng vi\u00eam hay k\u00edch \u1ee9ng nh\u01b0 <strong>Polypropylene<\/strong> (Prolene), <strong>Polyester<\/strong> (PET), <strong>ePTFE<\/strong> d\u00f9ng trong ph\u1eabu thu\u1eadt m\u00f4 tim m\u1ea1ch, nha khoa; ch\u1ec9 si\u00eau b\u1ec1n <strong>UHMWPE<\/strong> d\u00f9ng trong ph\u1eabu thu\u1eadt ch\u1ea5n th\u01b0\u01a1ng ch\u1ec9nh h\u00ecnh<\/p>","protected":false},"featured_media":8149,"comment_status":"open","ping_status":"closed","template":"","meta":{"_acf_changed":false,"rank_math_lock_modified_date":false},"product_cat":[882,838,149],"product_tag":[],"class_list":{"0":"post-1398","1":"product","2":"type-product","3":"status-publish","4":"has-post-thumbnail","6":"product_cat-chi-phau-thuat","7":"product_cat-dung-cu-y-te","8":"product_cat-vat-tu-y-te","10":"first","11":"instock","12":"shipping-taxable","13":"purchasable","14":"product-type-simple"},"acf":[],"_links":{"self":[{"href":"https:\/\/ykhoathongminh.com\/en\/wp-json\/wp\/v2\/product\/1398"}],"collection":[{"href":"https:\/\/ykhoathongminh.com\/en\/wp-json\/wp\/v2\/product"}],"about":[{"href":"https:\/\/ykhoathongminh.com\/en\/wp-json\/wp\/v2\/types\/product"}],"replies":[{"embeddable":true,"href":"https:\/\/ykhoathongminh.com\/en\/wp-json\/wp\/v2\/comments?post=1398"}],"wp:featuredmedia":[{"embeddable":true,"href":"https:\/\/ykhoathongminh.com\/en\/wp-json\/wp\/v2\/media\/8149"}],"wp:attachment":[{"href":"https:\/\/ykhoathongminh.com\/en\/wp-json\/wp\/v2\/media?parent=1398"}],"wp:term":[{"taxonomy":"product_cat","embeddable":true,"href":"https:\/\/ykhoathongminh.com\/en\/wp-json\/wp\/v2\/product_cat?post=1398"},{"taxonomy":"product_tag","embeddable":true,"href":"https:\/\/ykhoathongminh.com\/en\/wp-json\/wp\/v2\/product_tag?post=1398"}],"curies":[{"name":"wp","href":"https:\/\/api.w.org\/{rel}","templated":true}]}}