{"id":1401,"date":"2024-07-22T15:10:48","date_gmt":"2024-07-22T15:10:48","guid":{"rendered":"https:\/\/ykhoathongminh.com\/?post_type=product&#038;p=1401"},"modified":"2025-11-01T14:20:31","modified_gmt":"2025-11-01T14:20:31","slug":"chi-phau-thuat-tu-tieu-tu-nhien-cpt-trustigut-chromic-catgut-so-5-0","status":"publish","type":"product","link":"https:\/\/ykhoathongminh.com\/en\/product\/chi-phau-thuat-tu-tieu-tu-nhien-cpt-trustigut-chromic-catgut-so-5-0\/","title":{"rendered":"Ch\u1ec9 Ph\u1eabu Thu\u1eadt T\u1ef1 Ti\u00eau T\u1ef1 Nhi\u00ean CPT TRUSTIGUT Chromic Catgut S\u1ed1 5\/0"},"content":{"rendered":"<div class=\"d-inline-block\">\n<p><strong class=\"color_setup\">TH\u00c0NH PH\u1ea6N:<\/strong><\/p>\n<p><strong>TRUSTIGUT\u00ae (C)\u00a0<\/strong>l\u00e0\u00a0ch\u1ec9 ph\u1eabu thu\u1eadt t\u1ef1 ti\u00eau\u00a0sinh h\u1ecdc \u0111\u01a1n s\u1ee3i v\u00f4 tr\u00f9ng c\u00f3 t\u1ea9m mu\u1ed1i Chrome, \u0111\u01b0\u1ee3c l\u00e0m t\u1eeb s\u1ee3i collagen thi\u00ean nhi\u00ean tinh khi\u1ebft, \u0111\u01b0\u1ee3c \u0111\u00f3ng g\u00f3i trong dung d\u1ecbch alcohol v\u00e0 EO d\u1ea1ng l\u1ecfng. Ch\u1ec9 c\u00f3 m\u00e0u n\u00e2u s\u1eabm. C\u00f3 \u0111\u1ed9 an to\u00e0n v\u00e0 t\u00ednh n\u0103ng t\u01b0\u01a1ng \u0111\u01b0\u01a1ng\u00a0ch\u1ec9 Catgut.<\/p>\n<\/div>\n<div class=\"d-inline-block\">\n<p><strong class=\"color_setup\">\u0110\u1eb6C T\u00cdNH K\u1ef8 THU\u1eacT:<\/strong><\/p>\n<p>&nbsp;<\/p>\n<p>Ch\u1ec9 ph\u1eabu thu\u1eadt \u2013 <strong>TRUSTIGUT\u00ae (C)<\/strong><strong>\u00a0<\/strong>gi\u1eef v\u1ebft kh\u00e2u t\u1ed1t nh\u1ea5t\u00a0 trong v\u00f2ng t\u1eeb 14 \u0111\u1ebfn 21 ng\u00e0y. Th\u1eddi gian tan ho\u00e0n to\u00e0n (b\u1edfi t\u00e1c \u0111\u1ed9ng enzyme) trong v\u00f2ng 90 ng\u00e0y k\u1ec3 t\u1eeb th\u1eddi \u0111i\u1ec3m kh\u00e2u v\u1ebft m\u1ed5.<\/p>\n<ul>\n<li>\u00a0\u00a0\u00a0S\u1ee3i ch\u1ec9 tr\u00f2n \u0111\u1ec1u, m\u1ec1m d\u1ebbo, d\u1ec5 u\u1ed1n, d\u1ec5 th\u1eaft n\u00fat.<\/li>\n<li>\u00a0\u00a0\u00a0L\u1ef1c c\u0103ng khi th\u1eaft n\u00fat cao, v\u01b0\u1ee3t y\u00eau c\u1ea7u D\u01b0\u1ee3c \u0110i\u1ec3n M\u1ef9 (USP).<\/li>\n<li>\u00a0\u00a0\u00a0Kim th\u00e9p kh\u00f4ng g\u1ec9 series 300 ph\u1ee7 silicon (\u0111\u1ed1i v\u1edbi ch\u1ec9 li\u1ec1n kim).<\/li>\n<li>\u00a0\u00a0\u00a0Thao t\u00e1c thu\u1eadn l\u1ee3i, xuy\u00ean qua m\u00f4 d\u1ec5 d\u00e0ng.<\/li>\n<\/ul>\n<p>&nbsp;<\/p>\n<\/div>\n<div class=\"d-inline-block\">\n<p><strong class=\"color_setup\">CH\u1ec8 \u0110\u1ecaNH V\u00c0 TH\u1eacN TR\u1eccNG:<\/strong><\/p>\n<p>&nbsp;<\/p>\n<p>Ch\u1ec9 ph\u1eabu thu\u1eadt <strong>TRUSTIGUT\u00ae (C)<\/strong><strong>\u00a0<\/strong>\u0111\u01b0\u1ee3c s\u1eed d\u1ee5ng trong ph\u1eabu thu\u1eadt t\u1ed5ng qu\u00e1t, d\u1ea1 d\u00e0y, ru\u1ed9t, s\u1ea3n ph\u1ee5 khoa, ch\u1ec9nh h\u00ecnh, ti\u1ebft ni\u1ec7u, kh\u00e2u da; kh\u00e2u, n\u1ed1i c\u00e1c m\u00f4 m\u1ec1m bao g\u1ed3m ph\u1eabu thu\u1eadt m\u1eaft, l\u00e0m ch\u1ec9 bu\u1ed9c\u2026<\/p>\n<p>Ch\u1ec9 ph\u1eabu thu\u1eadt <strong>TRUSTIGUT\u00ae (C)<\/strong>\u00a0\u0111\u01b0\u1ee3c khuy\u1ebfn c\u00e1o kh\u00f4ng d\u00f9ng trong ph\u1eabu thu\u1eadt m\u00f4 c\u01a1 tim, m\u1ea1ch m\u00e1u v\u00e0 d\u00e2y th\u1ea7n kinh. Kh\u00f4ng \u0111\u01b0\u1ee3c s\u1eed d\u1ee5ng tr\u00ean c\u00e1c v\u00f9ng c\u00f3 v\u1ebft th\u01b0\u01a1ng b\u1ecb nhi\u1ec5m tr\u00f9ng ho\u1eb7c cho ph\u1eabu thu\u1eadt c\u00e1c m\u00f4 c\u1ea7n th\u1eddi gian gi\u1eef v\u1ebft kh\u00e2u l\u00e2u d\u00e0i.<\/p>\n<p><em>(C\u00f3 th\u1ec3 g\u00e2y ph\u1ea3n \u1ee9ng vi\u00eam t\u1ea1i n\u01a1i kh\u00e2u tr\u00ean c\u01a1 \u0111\u1ecba m\u1eabn c\u1ea3m v\u1edbi th\u00e0nh ph\u1ea7n c\u1ee7a ch\u1ec9)<\/em><\/p>\n<p>&nbsp;<\/p>\n<\/div>\n<div class=\"d-inline-block\">\n<p><strong class=\"color_setup\">L\u01afU \u00dd:<\/strong><\/p>\n<p>&nbsp;<\/p>\n<p>S\u1ea3n ph\u1ea9m \u0111\u01b0\u1ee3c ti\u1ec7t tr\u00f9ng b\u1eb1ng kh\u00ed Ethylene Oxide. Kh\u00f4ng ti\u1ec7t tr\u00f9ng l\u1ea1i, kh\u00f4ng t\u00e1i s\u1eed d\u1ee5ng. Kh\u00f4ng s\u1eed d\u1ee5ng s\u1ea3n ph\u1ea9m c\u00f3 bao b\u00ec r\u00e1ch ho\u1eb7c bi\u1ebfn d\u1ea1ng.<\/p>\n<p>&nbsp;<\/p>\n<\/div>\n<div class=\"d-inline-block\">\n<p><strong class=\"color_setup\">B\u1ea2O QU\u1ea2N:<\/strong><\/p>\n<p>&nbsp;<\/p>\n<p>N\u01a1i tho\u00e1ng m\u00e1t, nhi\u1ec7t \u0111\u1ed9 &lt; 25\u2070C, tr\u00e1nh \u1ea9m v\u00e0 nhi\u1ec7t tr\u1ef1c ti\u1ebfp. S\u1ed1 L\u00f4 v\u00e0 H\u1ea1n s\u1eed d\u1ee5ng xem tr\u00ean bao b\u00ec. H\u1ea1n s\u1eed d\u1ee5ng 5 n\u0103m k\u1ec3 t\u1eeb ng\u00e0y s\u1ea3n xu\u1ea5t.<\/p>\n<\/div>","protected":false},"excerpt":{"rendered":"<p><strong>Ch\u1ec9 ph\u1eabu thu\u1eadt t\u1ef1 ti\u00eau<\/strong> (absorbable sutures) l\u00e0 lo\u1ea1i ch\u1ec9 sau m\u1ed9t th\u1eddi gian trong c\u01a1 th\u1ec3 s\u1ebd b\u1ecb ph\u00e2n h\u1ee7y b\u1edfi qu\u00e1 tr\u00ecnh th\u1ee7y ph\u00e2n (ch\u1ec9 t\u1ed5ng h\u1ee3p: PGLA, PGA, PDO, PCL\u2026) ho\u1eb7c b\u1edfi t\u00e1c \u0111\u1ed9ng c\u1ee7a enzyme (ch\u1ec9 t\u1ef1 nhi\u00ean ho\u1eb7c ch\u1ec9 sinh h\u1ecdc: Catgut, Collagen).<\/p>\n<p>Ch\u1ec9 kh\u00e2u t\u1ef1 ti\u00eau c\u00f3 kh\u1ea3 n\u0103ng ph\u00e2n gi\u1ea3i sau khi ph\u1eabu thu\u1eadt v\u00e0 khi v\u1ebft th\u01b0\u01a1ng \u0111\u00e3 t\u01b0\u01a1ng \u0111\u1ed1i \u1ed5n \u0111\u1ecbnh, b\u1ec7nh nh\u00e2n kh\u00f4ng c\u1ea7n t\u00e1i kh\u00e1m \u0111\u1ec3 c\u1eaft ch\u1ec9. T\u00f9y \u0111\u1eb7c \u0111i\u1ec3m v\u00e0 v\u1ecb tr\u00ed c\u1ea7n kh\u00e2u v\u1ebft th\u01b0\u01a1ng, b\u00e1c s\u0129 c\u00f3 th\u1ec3 l\u1ef1a ch\u1ecdn c\u00e1c lo\u1ea1i ch\u1ec9 t\u1ef1 ti\u00eau c\u00f3 th\u1eddi gian gi\u1eef v\u1ebft m\u1ed5 v\u00e0 th\u1eddi gian ti\u00eau kh\u00e1c nhau ph\u00f9 h\u1ee3p v\u1edbi th\u1eddi gian l\u00e0nh c\u1ee7a c\u00e1c t\u1ed5 ch\u1ee9c.<\/p>","protected":false},"featured_media":8155,"comment_status":"open","ping_status":"closed","template":"","meta":{"_acf_changed":false,"rank_math_lock_modified_date":false},"product_cat":[882,838,149],"product_tag":[],"class_list":{"0":"post-1401","1":"product","2":"type-product","3":"status-publish","4":"has-post-thumbnail","6":"product_cat-chi-phau-thuat","7":"product_cat-dung-cu-y-te","8":"product_cat-vat-tu-y-te","10":"first","11":"instock","12":"shipping-taxable","13":"purchasable","14":"product-type-simple"},"acf":[],"_links":{"self":[{"href":"https:\/\/ykhoathongminh.com\/en\/wp-json\/wp\/v2\/product\/1401"}],"collection":[{"href":"https:\/\/ykhoathongminh.com\/en\/wp-json\/wp\/v2\/product"}],"about":[{"href":"https:\/\/ykhoathongminh.com\/en\/wp-json\/wp\/v2\/types\/product"}],"replies":[{"embeddable":true,"href":"https:\/\/ykhoathongminh.com\/en\/wp-json\/wp\/v2\/comments?post=1401"}],"wp:featuredmedia":[{"embeddable":true,"href":"https:\/\/ykhoathongminh.com\/en\/wp-json\/wp\/v2\/media\/8155"}],"wp:attachment":[{"href":"https:\/\/ykhoathongminh.com\/en\/wp-json\/wp\/v2\/media?parent=1401"}],"wp:term":[{"taxonomy":"product_cat","embeddable":true,"href":"https:\/\/ykhoathongminh.com\/en\/wp-json\/wp\/v2\/product_cat?post=1401"},{"taxonomy":"product_tag","embeddable":true,"href":"https:\/\/ykhoathongminh.com\/en\/wp-json\/wp\/v2\/product_tag?post=1401"}],"curies":[{"name":"wp","href":"https:\/\/api.w.org\/{rel}","templated":true}]}}