{"id":1421,"date":"2024-07-22T15:11:11","date_gmt":"2024-07-22T15:11:11","guid":{"rendered":"https:\/\/ykhoathongminh.com\/?post_type=product&#038;p=1421"},"modified":"2024-10-10T14:04:02","modified_gmt":"2024-10-10T14:04:02","slug":"gia-de-ong-thi-nghiem-bang-inox-33-lo","status":"publish","type":"product","link":"https:\/\/ykhoathongminh.com\/en\/product\/gia-de-ong-thi-nghiem-bang-inox-33-lo\/","title":{"rendered":"Gi\u00e1 \u0110\u1ec3 \u1ed4ng Th\u00ed Nghi\u1ec7m B\u0103ng Inox 33 L\u1ed7"},"content":{"rendered":"<p><strong><u>\u01afu \u0111i\u1ec3m s\u1ea3n ph\u1ea9m gi\u00e1 \u1ed1ng nghi\u1ec7m inox:<\/u><\/strong><\/p>\n<p>Thanh inox d\u00e0y d\u1eb7n v\u1eeba ph\u1ea3i, kh\u00f4ng qu\u00e1 to (l\u00e0m chi\u1ebfm di\u1ec7n t\u00edch \u0111\u1ef1ng \u1ed1ng) kh\u00f4ng qu\u00e1 m\u1ecfng (ch\u1ea5t l\u01b0\u1ee3ng th\u1ea5p), ch\u1ea5t l\u01b0\u1ee3ng s\u1ea3n ph\u1ea9m \u0111\u01b0\u1ee3c b\u1ea3o \u0111\u1ea3m.<\/p>\n<p>Gi\u00e1 \u1ed1ng nghi\u1ec7m inox \u0111\u01b0\u1ee3c gia c\u00f4ng \u0111\u1ea1t \u0111\u1ed9 th\u1ea9m m\u1ef9 cao, c\u00e1c m\u1ea5u h\u00e0n \u0111\u1eb9p v\u00e0 \u0111\u01b0\u1ee3c l\u00e0m t\u1ec9 m\u1ec9 \u0111\u1ec3 ng\u01b0\u1eddi d\u00f9ng c\u00f3 \u0111\u01b0\u1ee3c s\u1ea3n ph\u1ea9m v\u1eeba \u0111\u00e1p \u1ee9ng m\u1eb7t ch\u1ea5t l\u01b0\u1ee3ng l\u1eabn h\u00ecnh th\u1ee9c b\u00ean ngo\u00e0i.<\/p>\n<p>Nhi\u1ec1u lo\u1ea1i k\u00edch th\u01b0\u1edbc l\u1ed7 \u0111\u1ef1ng \u0111\u01b0\u1ee3c \u0111a d\u1ea1ng c\u00e1c lo\u1ea1i \u1ed1ng nghi\u1ec7m v\u1edbi k\u00edch th\u01b0\u1edbc kh\u00e1c nhau.<\/p>\n<p>\u0110a d\u1ea1ng m\u1eabu m\u00e3, ph\u00f9 h\u1ee3p v\u1edbi s\u1ed1 l\u01b0\u1ee3ng \u1ed1ng nghi\u1ec7m ng\u01b0\u1eddi d\u00f9ng c\u1ea7n l\u01b0u tr\u1eef.<\/p>","protected":false},"excerpt":{"rendered":"<p><strong>Gi\u00e1 \u1ed1ng nghi\u1ec7m inox\u00a0<\/strong>d\u00f9ng trong ph\u00f2ng th\u00ed nghi\u1ec7m \u0111\u1ec3 ch\u1ee9a b\u1ea3o qu\u1ea3n v\u00e0 ph\u01a1i kh\u00f4 \u1ed1ng nghi\u1ec7m. Ch\u1ea5t li\u1ec7u inox gi\u00fap gi\u00e1 \u1ed1ng nghi\u1ec7m b\u1ec1n trong qu\u00e1 tr\u00ecnh s\u1eed d\u1ee5ng v\u00e0 d\u1ec5 d\u00e0ng l\u00e0m s\u1ea1ch h\u01a1n. Thi\u1ebft k\u1ebf v\u1edbi nhi\u1ec1u \u00f4 nh\u1ecf gi\u00fap \u0111\u1ef1ng t\u1ed1i \u0111a m\u1ed9t s\u1ed1 l\u01b0\u1ee3ng l\u1edbn \u1ed1ng nghi\u1ec7m ti\u1ebft ki\u1ec7m kh\u00f4ng gian v\u00e0 t\u1ed1i \u01b0u kh\u1ea3 n\u0103ng s\u1eed d\u1ee5ng so v\u1edbi lo\u1ea1i gi\u00e1 \u1ed1ng nghi\u1ec7m th\u00f4ng th\u01b0\u1eddng.<\/p>","protected":false},"featured_media":8101,"comment_status":"open","ping_status":"closed","template":"","meta":{"_acf_changed":false,"rank_math_lock_modified_date":false},"product_cat":[1159,838,895,1163,149],"product_tag":[],"class_list":{"0":"post-1421","1":"product","2":"type-product","3":"status-publish","4":"has-post-thumbnail","6":"product_cat-dung-cu-xet-nghiem","7":"product_cat-dung-cu-y-te","8":"product_cat-khay-hop-inox","9":"product_cat-thiet-bi-luu-tru-va-van-chuyen-mau","10":"product_cat-vat-tu-y-te","12":"first","13":"instock","14":"shipping-taxable","15":"purchasable","16":"product-type-simple"},"acf":[],"_links":{"self":[{"href":"https:\/\/ykhoathongminh.com\/en\/wp-json\/wp\/v2\/product\/1421"}],"collection":[{"href":"https:\/\/ykhoathongminh.com\/en\/wp-json\/wp\/v2\/product"}],"about":[{"href":"https:\/\/ykhoathongminh.com\/en\/wp-json\/wp\/v2\/types\/product"}],"replies":[{"embeddable":true,"href":"https:\/\/ykhoathongminh.com\/en\/wp-json\/wp\/v2\/comments?post=1421"}],"wp:featuredmedia":[{"embeddable":true,"href":"https:\/\/ykhoathongminh.com\/en\/wp-json\/wp\/v2\/media\/8101"}],"wp:attachment":[{"href":"https:\/\/ykhoathongminh.com\/en\/wp-json\/wp\/v2\/media?parent=1421"}],"wp:term":[{"taxonomy":"product_cat","embeddable":true,"href":"https:\/\/ykhoathongminh.com\/en\/wp-json\/wp\/v2\/product_cat?post=1421"},{"taxonomy":"product_tag","embeddable":true,"href":"https:\/\/ykhoathongminh.com\/en\/wp-json\/wp\/v2\/product_tag?post=1421"}],"curies":[{"name":"wp","href":"https:\/\/api.w.org\/{rel}","templated":true}]}}