{"id":1439,"date":"2024-07-22T15:11:13","date_gmt":"2024-07-22T15:11:13","guid":{"rendered":"https:\/\/ykhoathongminh.com\/?post_type=product&#038;p=1439"},"modified":"2024-10-16T01:30:55","modified_gmt":"2024-10-16T01:30:55","slug":"day-thong-tieu-1-nhanh-greetmed","status":"publish","type":"product","link":"https:\/\/ykhoathongminh.com\/en\/product\/day-thong-tieu-1-nhanh-greetmed\/","title":{"rendered":"D\u00e2y Th\u00f4ng Ti\u1ec3u 1 Nh\u00e1nh Greetmed"},"content":{"rendered":"<h2 align=\"justify\"><strong> TH\u00d4NG TIN S\u1ea2N PH\u1ea8M:<\/strong><\/h2>\n<p>&#8211; Lo\u1ea1i s\u1ea3n ph\u1ea9m: \u1ed0ng th\u00f4ng ti\u1ec3u 1 nh\u00e1nh<\/p>\n<p>&#8211; Nh\u00e0 s\u1ea3n xu\u1ea5t:\u00a0Greetmed<\/p>\n<p>&#8211; Xu\u1ea5t x\u1ee9: Trung Qu\u1ed1c<\/p>\n<p>&#8211; Ch\u1ea5t li\u1ec7u: Silicon<\/p>\n<p>&#8211; M\u00e0u s\u1eafc: M\u00e0u be<\/p>\n<p>&#8211; Chi\u1ec1u d\u00e0i: 400mm<\/p>\n<p>&#8211; Quy c\u00e1ch \u0111\u00f3ng g\u00f3i: 1 \u1ed1ng\/t\u00fai<\/p>\n<h2 align=\"justify\"><strong>\u00a0C\u00d4NG D\u1ee4NG C\u1ee6A S\u1ea2N PH\u1ea8M:<\/strong><\/h2>\n<p>&#8211; \u0110\u01b0\u1ee3c d\u00f9ng \u0111\u1ec3 th\u00f4ng n\u01b0\u1edbc ti\u1ec3u cho b\u1ec7nh nh\u00e2n kh\u00f4ng th\u1ec3 \u0111i v\u1ec7 sinh nh\u01b0 sau ph\u1eabu thu\u1eadt, \u0111i\u1ec1u tr\u1ecb ung th\u01b0 ho\u1eb7c b\u1ecb t\u1eafc ni\u1ec7u \u0111\u1ea1o.<\/p>\n<p>&nbsp;<\/p>\n<h2 align=\"justify\"><strong>\u00a0\u01afU \u0110I\u1ec2M S\u1ea2N PH\u1ea8M:<\/strong><\/h2>\n<p>&#8211; D\u00e2y th\u00f4ng ti\u1ec3u b\u1eb1ng Silicone c\u1ef1c m\u1ec1m, \u00eam d\u1ecbu t\u1ea1o c\u1ea3m gi\u00e1c tho\u1ea3i m\u00e1i d\u1ec5 ch\u1ecbu trong su\u1ed1t qu\u00e1 tr\u00ecnh ti\u1ec7n d\u1ee5ng, s\u1ea1ch s\u1ebd, d\u1ec5 d\u00e0ng s\u1eed d\u1ee5ng v\u1edbi m\u1ecdi \u0111\u1ed1i t\u01b0\u1ee3ng.<\/p>\n<p>&#8211; \u0110\u01b0\u1ee3c ti\u1ec7t tr\u00f9ng.<\/p>\n<p>&#8211; \u0110\u1ea1t ti\u00eau chu\u1ea9n CE 0123<\/p>\n<p>&#8211; D\u00e2y th\u00f4ng ti\u1ec3u ch\u1ec9 s\u1eed d\u1ee5ng m\u1ed9t l\u1ea7n n\u00ean r\u1ea5t an to\u00e0n v\u00e0 v\u1ec7 sinh<\/p>\n<p>&nbsp;<\/p>\n<h2 align=\"justify\"><strong>\u00a0B\u1ea2O QU\u1ea2N:<\/strong><\/h2>\n<p>&#8211;\u00a0B\u1ea3o qu\u1ea3n \u1edf n\u01a1i kh\u00f4 r\u00e1o, tho\u00e1ng m\u00e1t. Tr\u00e1nh \u00e1nh n\u1eafng tr\u1ef1c ti\u1ebfp<\/p>","protected":false},"excerpt":{"rendered":"<p><strong>D\u00e2y th\u00f4ng ti\u1ec3u 1 nh\u00e1nh Greetmed<\/strong> \u0111\u01b0\u1ee3c d\u00f9ng \u0111\u1ec3 th\u00f4ng n\u01b0\u1edbc ti\u1ec3u cho b\u1ec7nh nh\u00e2n kh\u00f4ng th\u1ec3 \u0111i v\u1ec7 sinh nh\u01b0 sau ph\u1eabu thu\u1eadt, \u0111i\u1ec1u tr\u1ecb ung th\u01b0 ho\u1eb7c b\u1ecb t\u1eafc ni\u1ec7u \u0111\u1ea1o.<\/p>\n<p>&#8211; D\u00e2y th\u00f4ng ti\u1ec3u b\u1eb1ng Silicone c\u1ef1c m\u1ec1m, \u00eam d\u1ecbu t\u1ea1o c\u1ea3m gi\u00e1c tho\u1ea3i m\u00e1i d\u1ec5 ch\u1ecbu trong su\u1ed1t qu\u00e1 tr\u00ecnh\u00a0ti\u1ec7n d\u1ee5ng, s\u1ea1ch s\u1ebd, d\u1ec5 d\u00e0ng s\u1eed d\u1ee5ng v\u1edbi m\u1ecdi \u0111\u1ed1i t\u01b0\u1ee3ng.<\/p>\n<p>&#8211; \u0110\u01b0\u1ee3c ti\u1ec7t tr\u00f9ng.<\/p>\n<p>&#8211; \u0110\u1ea1t ti\u00eau chu\u1ea9n CE 0123<\/p>\n<p>&#8211; D\u00e2y th\u00f4ng ti\u1ec3u ch\u1ec9 s\u1eed d\u1ee5ng m\u1ed9t l\u1ea7n n\u00ean r\u1ea5t an to\u00e0n v\u00e0 v\u1ec7 sinh<\/p>","protected":false},"featured_media":8433,"comment_status":"open","ping_status":"closed","template":"","meta":{"_acf_changed":false,"rank_math_lock_modified_date":false},"product_cat":[1234,896,158,149],"product_tag":[],"class_list":{"0":"post-1439","1":"product","2":"type-product","3":"status-publish","4":"has-post-thumbnail","6":"product_cat-day-thong-tieu","7":"product_cat-day-y-te","8":"product_cat-vat-tu-tieu-hao","9":"product_cat-vat-tu-y-te","11":"first","12":"instock","13":"shipping-taxable","14":"purchasable","15":"product-type-simple"},"acf":[],"_links":{"self":[{"href":"https:\/\/ykhoathongminh.com\/en\/wp-json\/wp\/v2\/product\/1439"}],"collection":[{"href":"https:\/\/ykhoathongminh.com\/en\/wp-json\/wp\/v2\/product"}],"about":[{"href":"https:\/\/ykhoathongminh.com\/en\/wp-json\/wp\/v2\/types\/product"}],"replies":[{"embeddable":true,"href":"https:\/\/ykhoathongminh.com\/en\/wp-json\/wp\/v2\/comments?post=1439"}],"wp:featuredmedia":[{"embeddable":true,"href":"https:\/\/ykhoathongminh.com\/en\/wp-json\/wp\/v2\/media\/8433"}],"wp:attachment":[{"href":"https:\/\/ykhoathongminh.com\/en\/wp-json\/wp\/v2\/media?parent=1439"}],"wp:term":[{"taxonomy":"product_cat","embeddable":true,"href":"https:\/\/ykhoathongminh.com\/en\/wp-json\/wp\/v2\/product_cat?post=1439"},{"taxonomy":"product_tag","embeddable":true,"href":"https:\/\/ykhoathongminh.com\/en\/wp-json\/wp\/v2\/product_tag?post=1439"}],"curies":[{"name":"wp","href":"https:\/\/api.w.org\/{rel}","templated":true}]}}